{"id":10029,"date":"2026-04-09T13:27:41","date_gmt":"2026-04-09T13:27:41","guid":{"rendered":"https:\/\/mystudyweb.com\/corporate\/?page_id=10029"},"modified":"2026-04-09T15:01:58","modified_gmt":"2026-04-09T15:01:58","slug":"imal-vaggalfabet","status":"publish","type":"page","link":"https:\/\/mystudyweb.com\/corporate\/imal-vaggalfabet\/","title":{"rendered":"iMAL v\u00e4ggalfabet"},"content":{"rendered":"<div id=\"pl-10029\"  class=\"panel-layout\" ><div id=\"pg-10029-0\"  class=\"panel-grid panel-no-style\" ><div id=\"pgc-10029-0-0\"  class=\"panel-grid-cell\" ><div id=\"panel-10029-0-0-0\" class=\"so-panel widget widget_sow-editor panel-first-child\" data-index=\"0\" ><div\n\t\t\t\n\t\t\tclass=\"so-widget-sow-editor so-widget-sow-editor-base\"\n\t\t\t\n\t\t>\n<div class=\"siteorigin-widget-tinymce textwidget\">\n\t<h1>iMals v\u00e4ggalfabet och nyckelring<\/h1>\n<\/div>\n<\/div><\/div><div id=\"panel-10029-0-0-1\" class=\"so-panel widget widget_sow-image\" data-index=\"1\" ><div\n\t\t\t\n\t\t\tclass=\"so-widget-sow-image so-widget-sow-image-default-8b5b6f678277-10029\"\n\t\t\t\n\t\t>\n<div class=\"sow-image-container\">\n\t\t<img \n\tsrc=\"https:\/\/mystudyweb-bucket.s3.eu-west-1.amazonaws.com\/corporate\/wp-content\/uploads\/2026\/04\/09121343\/Vaggalfabet-och-nyckelring.jpg\" width=\"1118\" height=\"295\" srcset=\"https:\/\/mystudyweb-bucket.s3.eu-west-1.amazonaws.com\/corporate\/wp-content\/uploads\/2026\/04\/09121343\/Vaggalfabet-och-nyckelring.jpg 1118w, https:\/\/mystudyweb-bucket.s3.eu-west-1.amazonaws.com\/corporate\/wp-content\/uploads\/2026\/04\/09121343\/Vaggalfabet-och-nyckelring-300x79.jpg 300w, https:\/\/mystudyweb-bucket.s3.eu-west-1.amazonaws.com\/corporate\/wp-content\/uploads\/2026\/04\/09121343\/Vaggalfabet-och-nyckelring-1024x270.jpg 1024w, https:\/\/mystudyweb-bucket.s3.eu-west-1.amazonaws.com\/corporate\/wp-content\/uploads\/2026\/04\/09121343\/Vaggalfabet-och-nyckelring-768x203.jpg 768w, https:\/\/mystudyweb-bucket.s3.eu-west-1.amazonaws.com\/corporate\/wp-content\/uploads\/2026\/04\/09121343\/Vaggalfabet-och-nyckelring-345x91.jpg 345w, https:\/\/mystudyweb-bucket.s3.eu-west-1.amazonaws.com\/corporate\/wp-content\/uploads\/2026\/04\/09121343\/Vaggalfabet-och-nyckelring-770x203.jpg 770w\" sizes=\"(max-width: 1118px) 100vw, 1118px\" title=\"V\u00e4ggalfabet och nyckelring\" alt=\"\" \t\tclass=\"so-widget-image\"\/>\n\t<\/div>\n\n<\/div><\/div><div id=\"panel-10029-0-0-2\" class=\"so-panel widget widget_sow-editor\" data-index=\"2\" ><div\n\t\t\t\n\t\t\tclass=\"so-widget-sow-editor so-widget-sow-editor-base\"\n\t\t\t\n\t\t>\n<div class=\"siteorigin-widget-tinymce textwidget\">\n\t<h2>best\u00e4ll gratis till ditt klassrum!<\/h2>\n<p>iMALs v\u00e4ggalfabet \u00e4r helt gratis och g\u00e5r enkelt att best\u00e4lla via formul\u00e4ret nedan. Du f\u00e5r tillg\u00e5ng direkt via e-post tillsammans med information och tips p\u00e5 hur du kan anv\u00e4nda alfabetet i din undervisning. Vi har fyra olika versioner; tv\u00e5 i bl\u00e5 f\u00e4rg med r\u00f6da alternativt svarta vokaler samt tv\u00e5 i turkos f\u00e4rg med svarta alternativt r\u00f6da vokaler. Det g\u00e5r \u00e4ven bra att skriva ut alfabetet i mindre format och f\u00e4sta p\u00e5 en nyckelring.<\/p>\n<p>Du kan ocks\u00e5 logga in p\u00e5 <a href=\"http:\/\/www.imalabc.se\/\">iMAL<\/a>\u00a0och g\u00f6ra dina helt egna val p\u00e5 v\u00e4ggalfabetet som t.ex anpassa font, v\u00e4lja mellan illustrationer\/foto och text och bakgrundsf\u00e4rger.<\/p>\n<h6>Fyll i formul\u00e4ret nedan s\u00e5 skickar vi en pdf f\u00e4rdig att skriva ut till dina elever.<\/h6>\n<\/div>\n<\/div><\/div><div id=\"panel-10029-0-0-3\" class=\"so-panel widget widget_sow-editor panel-last-child\" data-index=\"3\" ><div\n\t\t\t\n\t\t\tclass=\"so-widget-sow-editor so-widget-sow-editor-base\"\n\t\t\t\n\t\t>\n<div class=\"siteorigin-widget-tinymce textwidget\">\n\t\n<div class=\"wpcf7 no-js\" id=\"wpcf7-f10007-o1\" lang=\"en-US\" dir=\"ltr\" data-wpcf7-id=\"10007\">\n<div class=\"screen-reader-response\"><p role=\"status\" aria-live=\"polite\" aria-atomic=\"true\"><\/p> <ul><\/ul><\/div>\n<form action=\"\/corporate\/wp-json\/wp\/v2\/pages\/10029#wpcf7-f10007-o1\" method=\"post\" class=\"wpcf7-form init\" aria-label=\"Contact form\" novalidate=\"novalidate\" data-status=\"init\">\n<fieldset class=\"hidden-fields-container\"><input type=\"hidden\" name=\"_wpcf7\" value=\"10007\" \/><input type=\"hidden\" name=\"_wpcf7_version\" value=\"6.1.4\" \/><input type=\"hidden\" name=\"_wpcf7_locale\" value=\"en_US\" \/><input type=\"hidden\" name=\"_wpcf7_unit_tag\" value=\"wpcf7-f10007-o1\" \/><input type=\"hidden\" name=\"_wpcf7_container_post\" value=\"0\" \/><input type=\"hidden\" name=\"_wpcf7_posted_data_hash\" value=\"\" \/><input type=\"hidden\" name=\"_wpcf7cf_hidden_group_fields\" value=\"[]\" \/><input type=\"hidden\" name=\"_wpcf7cf_hidden_groups\" value=\"[]\" \/><input type=\"hidden\" name=\"_wpcf7cf_visible_groups\" value=\"[]\" \/><input type=\"hidden\" name=\"_wpcf7cf_repeaters\" value=\"[]\" \/><input type=\"hidden\" name=\"_wpcf7cf_steps\" value=\"{}\" \/><input type=\"hidden\" name=\"_wpcf7cf_options\" value=\"{&quot;form_id&quot;:10007,&quot;conditions&quot;:[{&quot;then_field&quot;:&quot;-1&quot;,&quot;and_rules&quot;:[{&quot;if_field&quot;:&quot;-1&quot;,&quot;operator&quot;:&quot;equals&quot;,&quot;if_value&quot;:&quot;Kartl\\u00e4ggaren&quot;}]},{&quot;then_field&quot;:&quot;-1&quot;,&quot;and_rules&quot;:[{&quot;if_field&quot;:&quot;-1&quot;,&quot;operator&quot;:&quot;equals&quot;,&quot;if_value&quot;:&quot;mystudyweb&quot;}]},{&quot;then_field&quot;:&quot;-1&quot;,&quot;and_rules&quot;:[{&quot;if_field&quot;:&quot;-1&quot;,&quot;operator&quot;:&quot;equals&quot;,&quot;if_value&quot;:&quot;Matific&quot;}]}],&quot;settings&quot;:{&quot;animation&quot;:&quot;yes&quot;,&quot;animation_intime&quot;:200,&quot;animation_outtime&quot;:200,&quot;conditions_ui&quot;:&quot;normal&quot;,&quot;notice_dismissed&quot;:false}}\" \/><input type=\"hidden\" name=\"_wpcf7_recaptcha_response\" value=\"\" \/>\n<\/fieldset>\n<div class=\"contactContainer row\">\n<!--<div class=\"response_testa\"><div class=\"wpcf7-response-output\" aria-hidden=\"true\"><\/div><\/div>-->\n\t<div class=\"col-sm-6\">\n\t\t<p><span class=\"wpcf7-form-control-wrap\" data-name=\"your-skola\"><input size=\"40\" maxlength=\"400\" class=\"wpcf7-form-control wpcf7-text wpcf7-validates-as-required\" aria-required=\"true\" aria-invalid=\"false\" placeholder=\"Skola*\" value=\"\" type=\"text\" name=\"your-skola\" \/><\/span>\n\t\t<\/p>\n\t\t<p><span class=\"wpcf7-form-control-wrap\" data-name=\"your-name\"><input size=\"40\" maxlength=\"400\" class=\"wpcf7-form-control wpcf7-text wpcf7-validates-as-required\" aria-required=\"true\" aria-invalid=\"false\" placeholder=\"Namn*\" value=\"\" type=\"text\" name=\"your-name\" \/><\/span>\n\t\t<\/p>\n\t\t<p><span class=\"wpcf7-form-control-wrap\" data-name=\"your-email\"><input size=\"40\" maxlength=\"400\" class=\"wpcf7-form-control wpcf7-email wpcf7-validates-as-required wpcf7-text wpcf7-validates-as-email\" aria-required=\"true\" aria-invalid=\"false\" placeholder=\"E-post (skolmejl)*\" value=\"\" type=\"email\" name=\"your-email\" \/><\/span>\n\t\t<\/p>\n\t\t<p><span class=\"wpcf7-form-control-wrap\" data-name=\"title\"><select class=\"wpcf7-form-control wpcf7-select wpcf7-validates-as-required\" aria-required=\"true\" aria-invalid=\"false\" name=\"title\"><option value=\"\">Titel*<\/option><option value=\"L\u00e4rare\">L\u00e4rare<\/option><option value=\"Speciall\u00e4rare\/Specialpedagog\">Speciall\u00e4rare\/Specialpedagog<\/option><option value=\"Bitr\u00e4dande rektor\">Bitr\u00e4dande rektor<\/option><option value=\"Rektor\">Rektor<\/option><option value=\"\u00d6vrigt\">\u00d6vrigt<\/option><\/select><\/span>\n\t\t<\/p>\n\t<\/div>\n\t<p><input class=\"wpcf7-form-control wpcf7-submit has-spinner\" type=\"submit\" value=\"Skicka\" \/>\n\t<\/p>\n<\/div>\n<p><script language=\"javascript\" type=\"text\/javascript\">\n\n document.addEventListener( 'wpcf7mailsent', function( event ) {\n\n location = 'https:\/\/mystudyweb.com\/corporate\/test-submission\/';\n\n}, false );\n<\/script>\n<\/p><p style=\"display: none !important;\" class=\"akismet-fields-container\" data-prefix=\"_wpcf7_ak_\"><label>&#916;<textarea name=\"_wpcf7_ak_hp_textarea\" cols=\"45\" rows=\"8\" maxlength=\"100\"><\/textarea><\/label><input type=\"hidden\" id=\"ak_js_1\" name=\"_wpcf7_ak_js\" value=\"144\"\/><script>document.getElementById( \"ak_js_1\" ).setAttribute( \"value\", ( new Date() ).getTime() );<\/script><\/p>\n<\/form>\n<\/div>\n\n<\/div>\n<\/div><\/div><\/div><\/div><\/div>","protected":false},"excerpt":{"rendered":"<p>iMals v\u00e4ggalfabet och nyckelring best\u00e4ll gratis till ditt klassrum! iMALs v\u00e4ggalfabet \u00e4r helt gratis och g\u00e5r enkelt att best\u00e4lla via formul\u00e4ret nedan. Du f\u00e5r tillg\u00e5ng direkt via e-post tillsammans med information och tips p\u00e5 hur &hellip; <a href=\"https:\/\/mystudyweb.com\/corporate\/imal-vaggalfabet\/\" class=\"more-link\">Forts\u00e4tt l\u00e4sa <span class=\"screen-reader-text\">iMAL v\u00e4ggalfabet<\/span> <span class=\"meta-nav\">&rarr;<\/span><\/a><\/p>\n","protected":false},"author":4,"featured_media":10026,"parent":0,"menu_order":0,"comment_status":"closed","ping_status":"closed","template":"","meta":{"footnotes":""},"class_list":["post-10029","page","type-page","status-publish","has-post-thumbnail","hentry"],"yoast_head":"<!-- This site is optimized with the Yoast SEO Premium plugin v26.5 (Yoast SEO v26.5) - https:\/\/yoast.com\/wordpress\/plugins\/seo\/ -->\n<title>iMAL v\u00e4ggalfabet - mystudyweb<\/title>\n<meta name=\"description\" content=\"N\u00e4r elever l\u00e4r sig att l\u00e4sa s\u00e5 utforskar de ofta ord i sin n\u00e4ra omgivning d\u00e4r v\u00e4ggalfabetet ofta finns n\u00e4ra till hands. D\u00e4rf\u00f6r best\u00e5r iMALs v\u00e4ggalfabet endast av fonologiskt enkla ord som inneh\u00e5ller varannan vokal och varannan konsonant.\" \/>\n<meta name=\"robots\" content=\"index, follow, max-snippet:-1, max-image-preview:large, max-video-preview:-1\" \/>\n<link rel=\"canonical\" href=\"https:\/\/mystudyweb.com\/corporate\/imal-vaggalfabet\/\" \/>\n<meta property=\"og:locale\" content=\"en_US\" \/>\n<meta property=\"og:type\" content=\"article\" \/>\n<meta property=\"og:title\" content=\"iMAL v\u00e4ggalfabet\" \/>\n<meta property=\"og:description\" content=\"N\u00e4r elever l\u00e4r sig att l\u00e4sa s\u00e5 utforskar de ofta ord i sin n\u00e4ra omgivning d\u00e4r v\u00e4ggalfabetet ofta finns n\u00e4ra till hands. D\u00e4rf\u00f6r best\u00e5r iMALs v\u00e4ggalfabet endast av fonologiskt enkla ord som inneh\u00e5ller varannan vokal och varannan konsonant.\" \/>\n<meta property=\"og:url\" content=\"https:\/\/mystudyweb.com\/corporate\/imal-vaggalfabet\/\" \/>\n<meta property=\"og:site_name\" content=\"mystudyweb\" \/>\n<meta property=\"article:modified_time\" content=\"2026-04-09T15:01:58+00:00\" \/>\n<meta property=\"og:image\" content=\"https:\/\/mystudyweb-bucket.s3.eu-west-1.amazonaws.com\/corporate\/wp-content\/uploads\/2026\/04\/09120703\/Vaggalfabet.jpg\" \/>\n\t<meta property=\"og:image:width\" content=\"1168\" \/>\n\t<meta property=\"og:image:height\" content=\"416\" \/>\n\t<meta property=\"og:image:type\" content=\"image\/jpeg\" \/>\n<meta name=\"twitter:card\" content=\"summary_large_image\" \/>\n<meta name=\"twitter:label1\" content=\"Est. reading time\" \/>\n\t<meta name=\"twitter:data1\" content=\"1 minute\" \/>\n<script type=\"application\/ld+json\" class=\"yoast-schema-graph\">{\"@context\":\"https:\/\/schema.org\",\"@graph\":[{\"@type\":\"WebPage\",\"@id\":\"https:\/\/mystudyweb.com\/corporate\/imal-vaggalfabet\/\",\"url\":\"https:\/\/mystudyweb.com\/corporate\/imal-vaggalfabet\/\",\"name\":\"iMAL v\u00e4ggalfabet - mystudyweb\",\"isPartOf\":{\"@id\":\"https:\/\/mystudyweb.com\/corporate\/#website\"},\"primaryImageOfPage\":{\"@id\":\"https:\/\/mystudyweb.com\/corporate\/imal-vaggalfabet\/#primaryimage\"},\"image\":{\"@id\":\"https:\/\/mystudyweb.com\/corporate\/imal-vaggalfabet\/#primaryimage\"},\"thumbnailUrl\":\"https:\/\/mystudyweb-bucket.s3.eu-west-1.amazonaws.com\/corporate\/wp-content\/uploads\/2026\/04\/09120703\/Vaggalfabet.jpg\",\"datePublished\":\"2026-04-09T13:27:41+00:00\",\"dateModified\":\"2026-04-09T15:01:58+00:00\",\"description\":\"N\u00e4r elever l\u00e4r sig att l\u00e4sa s\u00e5 utforskar de ofta ord i sin n\u00e4ra omgivning d\u00e4r v\u00e4ggalfabetet ofta finns n\u00e4ra till hands. D\u00e4rf\u00f6r best\u00e5r iMALs v\u00e4ggalfabet endast av fonologiskt enkla ord som inneh\u00e5ller varannan vokal och varannan konsonant.\",\"breadcrumb\":{\"@id\":\"https:\/\/mystudyweb.com\/corporate\/imal-vaggalfabet\/#breadcrumb\"},\"inLanguage\":\"en-US\",\"potentialAction\":[{\"@type\":\"ReadAction\",\"target\":[\"https:\/\/mystudyweb.com\/corporate\/imal-vaggalfabet\/\"]}]},{\"@type\":\"ImageObject\",\"inLanguage\":\"en-US\",\"@id\":\"https:\/\/mystudyweb.com\/corporate\/imal-vaggalfabet\/#primaryimage\",\"url\":\"https:\/\/mystudyweb-bucket.s3.eu-west-1.amazonaws.com\/corporate\/wp-content\/uploads\/2026\/04\/09120703\/Vaggalfabet.jpg\",\"contentUrl\":\"https:\/\/mystudyweb-bucket.s3.eu-west-1.amazonaws.com\/corporate\/wp-content\/uploads\/2026\/04\/09120703\/Vaggalfabet.jpg\",\"width\":1168,\"height\":416},{\"@type\":\"BreadcrumbList\",\"@id\":\"https:\/\/mystudyweb.com\/corporate\/imal-vaggalfabet\/#breadcrumb\",\"itemListElement\":[{\"@type\":\"ListItem\",\"position\":1,\"name\":\"Home\",\"item\":\"https:\/\/mystudyweb.com\/corporate\/\"},{\"@type\":\"ListItem\",\"position\":2,\"name\":\"iMAL v\u00e4ggalfabet\"}]},{\"@type\":\"WebSite\",\"@id\":\"https:\/\/mystudyweb.com\/corporate\/#website\",\"url\":\"https:\/\/mystudyweb.com\/corporate\/\",\"name\":\"mystudyweb\",\"description\":\"\",\"publisher\":{\"@id\":\"https:\/\/mystudyweb.com\/corporate\/#organization\"},\"potentialAction\":[{\"@type\":\"SearchAction\",\"target\":{\"@type\":\"EntryPoint\",\"urlTemplate\":\"https:\/\/mystudyweb.com\/corporate\/?s={search_term_string}\"},\"query-input\":{\"@type\":\"PropertyValueSpecification\",\"valueRequired\":true,\"valueName\":\"search_term_string\"}}],\"inLanguage\":\"en-US\"},{\"@type\":\"Organization\",\"@id\":\"https:\/\/mystudyweb.com\/corporate\/#organization\",\"name\":\"mystudyweb\",\"url\":\"https:\/\/mystudyweb.com\/corporate\/\",\"logo\":{\"@type\":\"ImageObject\",\"inLanguage\":\"en-US\",\"@id\":\"https:\/\/mystudyweb.com\/corporate\/#\/schema\/logo\/image\/\",\"url\":\"https:\/\/mystudyweb.com\/corporate\/wp-content\/uploads\/2016\/12\/cropped-logo.jpg\",\"contentUrl\":\"https:\/\/mystudyweb.com\/corporate\/wp-content\/uploads\/2016\/12\/cropped-logo.jpg\",\"width\":466,\"height\":55,\"caption\":\"mystudyweb\"},\"image\":{\"@id\":\"https:\/\/mystudyweb.com\/corporate\/#\/schema\/logo\/image\/\"}}]}<\/script>\n<!-- \/ Yoast SEO Premium plugin. -->","yoast_head_json":{"title":"iMAL v\u00e4ggalfabet - mystudyweb","description":"N\u00e4r elever l\u00e4r sig att l\u00e4sa s\u00e5 utforskar de ofta ord i sin n\u00e4ra omgivning d\u00e4r v\u00e4ggalfabetet ofta finns n\u00e4ra till hands. D\u00e4rf\u00f6r best\u00e5r iMALs v\u00e4ggalfabet endast av fonologiskt enkla ord som inneh\u00e5ller varannan vokal och varannan konsonant.","robots":{"index":"index","follow":"follow","max-snippet":"max-snippet:-1","max-image-preview":"max-image-preview:large","max-video-preview":"max-video-preview:-1"},"canonical":"https:\/\/mystudyweb.com\/corporate\/imal-vaggalfabet\/","og_locale":"en_US","og_type":"article","og_title":"iMAL v\u00e4ggalfabet","og_description":"N\u00e4r elever l\u00e4r sig att l\u00e4sa s\u00e5 utforskar de ofta ord i sin n\u00e4ra omgivning d\u00e4r v\u00e4ggalfabetet ofta finns n\u00e4ra till hands. D\u00e4rf\u00f6r best\u00e5r iMALs v\u00e4ggalfabet endast av fonologiskt enkla ord som inneh\u00e5ller varannan vokal och varannan konsonant.","og_url":"https:\/\/mystudyweb.com\/corporate\/imal-vaggalfabet\/","og_site_name":"mystudyweb","article_modified_time":"2026-04-09T15:01:58+00:00","og_image":[{"width":1168,"height":416,"url":"https:\/\/mystudyweb-bucket.s3.eu-west-1.amazonaws.com\/corporate\/wp-content\/uploads\/2026\/04\/09120703\/Vaggalfabet.jpg","type":"image\/jpeg"}],"twitter_card":"summary_large_image","twitter_misc":{"Est. reading time":"1 minute"},"schema":{"@context":"https:\/\/schema.org","@graph":[{"@type":"WebPage","@id":"https:\/\/mystudyweb.com\/corporate\/imal-vaggalfabet\/","url":"https:\/\/mystudyweb.com\/corporate\/imal-vaggalfabet\/","name":"iMAL v\u00e4ggalfabet - mystudyweb","isPartOf":{"@id":"https:\/\/mystudyweb.com\/corporate\/#website"},"primaryImageOfPage":{"@id":"https:\/\/mystudyweb.com\/corporate\/imal-vaggalfabet\/#primaryimage"},"image":{"@id":"https:\/\/mystudyweb.com\/corporate\/imal-vaggalfabet\/#primaryimage"},"thumbnailUrl":"https:\/\/mystudyweb-bucket.s3.eu-west-1.amazonaws.com\/corporate\/wp-content\/uploads\/2026\/04\/09120703\/Vaggalfabet.jpg","datePublished":"2026-04-09T13:27:41+00:00","dateModified":"2026-04-09T15:01:58+00:00","description":"N\u00e4r elever l\u00e4r sig att l\u00e4sa s\u00e5 utforskar de ofta ord i sin n\u00e4ra omgivning d\u00e4r v\u00e4ggalfabetet ofta finns n\u00e4ra till hands. D\u00e4rf\u00f6r best\u00e5r iMALs v\u00e4ggalfabet endast av fonologiskt enkla ord som inneh\u00e5ller varannan vokal och varannan konsonant.","breadcrumb":{"@id":"https:\/\/mystudyweb.com\/corporate\/imal-vaggalfabet\/#breadcrumb"},"inLanguage":"en-US","potentialAction":[{"@type":"ReadAction","target":["https:\/\/mystudyweb.com\/corporate\/imal-vaggalfabet\/"]}]},{"@type":"ImageObject","inLanguage":"en-US","@id":"https:\/\/mystudyweb.com\/corporate\/imal-vaggalfabet\/#primaryimage","url":"https:\/\/mystudyweb-bucket.s3.eu-west-1.amazonaws.com\/corporate\/wp-content\/uploads\/2026\/04\/09120703\/Vaggalfabet.jpg","contentUrl":"https:\/\/mystudyweb-bucket.s3.eu-west-1.amazonaws.com\/corporate\/wp-content\/uploads\/2026\/04\/09120703\/Vaggalfabet.jpg","width":1168,"height":416},{"@type":"BreadcrumbList","@id":"https:\/\/mystudyweb.com\/corporate\/imal-vaggalfabet\/#breadcrumb","itemListElement":[{"@type":"ListItem","position":1,"name":"Home","item":"https:\/\/mystudyweb.com\/corporate\/"},{"@type":"ListItem","position":2,"name":"iMAL v\u00e4ggalfabet"}]},{"@type":"WebSite","@id":"https:\/\/mystudyweb.com\/corporate\/#website","url":"https:\/\/mystudyweb.com\/corporate\/","name":"mystudyweb","description":"","publisher":{"@id":"https:\/\/mystudyweb.com\/corporate\/#organization"},"potentialAction":[{"@type":"SearchAction","target":{"@type":"EntryPoint","urlTemplate":"https:\/\/mystudyweb.com\/corporate\/?s={search_term_string}"},"query-input":{"@type":"PropertyValueSpecification","valueRequired":true,"valueName":"search_term_string"}}],"inLanguage":"en-US"},{"@type":"Organization","@id":"https:\/\/mystudyweb.com\/corporate\/#organization","name":"mystudyweb","url":"https:\/\/mystudyweb.com\/corporate\/","logo":{"@type":"ImageObject","inLanguage":"en-US","@id":"https:\/\/mystudyweb.com\/corporate\/#\/schema\/logo\/image\/","url":"https:\/\/mystudyweb.com\/corporate\/wp-content\/uploads\/2016\/12\/cropped-logo.jpg","contentUrl":"https:\/\/mystudyweb.com\/corporate\/wp-content\/uploads\/2016\/12\/cropped-logo.jpg","width":466,"height":55,"caption":"mystudyweb"},"image":{"@id":"https:\/\/mystudyweb.com\/corporate\/#\/schema\/logo\/image\/"}}]}},"_links":{"self":[{"href":"https:\/\/mystudyweb.com\/corporate\/wp-json\/wp\/v2\/pages\/10029","targetHints":{"allow":["GET"]}}],"collection":[{"href":"https:\/\/mystudyweb.com\/corporate\/wp-json\/wp\/v2\/pages"}],"about":[{"href":"https:\/\/mystudyweb.com\/corporate\/wp-json\/wp\/v2\/types\/page"}],"author":[{"embeddable":true,"href":"https:\/\/mystudyweb.com\/corporate\/wp-json\/wp\/v2\/users\/4"}],"replies":[{"embeddable":true,"href":"https:\/\/mystudyweb.com\/corporate\/wp-json\/wp\/v2\/comments?post=10029"}],"version-history":[{"count":9,"href":"https:\/\/mystudyweb.com\/corporate\/wp-json\/wp\/v2\/pages\/10029\/revisions"}],"predecessor-version":[{"id":10041,"href":"https:\/\/mystudyweb.com\/corporate\/wp-json\/wp\/v2\/pages\/10029\/revisions\/10041"}],"wp:featuredmedia":[{"embeddable":true,"href":"https:\/\/mystudyweb.com\/corporate\/wp-json\/wp\/v2\/media\/10026"}],"wp:attachment":[{"href":"https:\/\/mystudyweb.com\/corporate\/wp-json\/wp\/v2\/media?parent=10029"}],"curies":[{"name":"wp","href":"https:\/\/api.w.org\/{rel}","templated":true}]}}