{"id":244,"date":"2017-01-25T07:46:48","date_gmt":"2017-01-25T07:46:48","guid":{"rendered":"https:\/\/mystudyweb.com\/?page_id=244"},"modified":"2025-03-04T16:01:01","modified_gmt":"2025-03-04T16:01:01","slug":"bakgrund","status":"publish","type":"page","link":"https:\/\/mystudyweb.com\/corporate\/bakgrund\/","title":{"rendered":"Bakgrund"},"content":{"rendered":"<div id=\"pl-244\"  class=\"panel-layout\" ><div id=\"pg-244-0\"  class=\"panel-grid panel-no-style\" ><div id=\"pgc-244-0-0\"  class=\"panel-grid-cell\" ><div id=\"panel-244-0-0-0\" class=\"so-panel widget widget_sow-editor panel-first-child panel-last-child\" data-index=\"0\" ><div\n\t\t\t\n\t\t\tclass=\"so-widget-sow-editor so-widget-sow-editor-base\"\n\t\t\t\n\t\t>\n<div class=\"siteorigin-widget-tinymce textwidget\">\n\t<h1>V\u00c5R HISTORIA<\/h1>\n<\/div>\n<\/div><\/div><\/div><\/div><div id=\"pg-244-1\"  class=\"panel-grid panel-no-style\" ><div id=\"pgc-244-1-0\"  class=\"panel-grid-cell\" ><div id=\"panel-244-1-0-0\" class=\"so-panel widget widget_sow-editor panel-first-child panel-last-child\" data-index=\"1\" ><div\n\t\t\t\n\t\t\tclass=\"so-widget-sow-editor so-widget-sow-editor-base\"\n\t\t\t\n\t\t>\n<div class=\"siteorigin-widget-tinymce textwidget\">\n\t<h2>2010-2011: S\u00c5 H\u00c4R B\u00d6RJADE DET...<\/h2>\n<p>Sommaren 2011 fick Mathias och Jessica Crona id\u00e9n att lansera en tj\u00e4nst b\u00e5de f\u00f6r l\u00e4xhj\u00e4lp och f\u00f6r att f\u00f6rb\u00e4ttra sina resultat i skolan generellt. Kombinationen av Jessicas omfattande erfarenhet ifr\u00e5n undervisning och skolan med Mathias erfarenhet fr\u00e5n finans och spelbranschen visade sig vara lyckosam.<\/p>\n<p><a href=\"https:\/\/mystudyweb.com\/corporate\/mystudyweb-om\/\">mystudyweb <\/a>lanserades v\u00e5ren 2012. Inledningsvis var tj\u00e4nsten inriktad p\u00e5 digital l\u00e4xhj\u00e4lp och en kompletterande l\u00e4rarmodul lanserades kort efter lanseringen d\u00e5 de f\u00f6rsta skolorna b\u00f6rjade anv\u00e4nda mystudyweb. Ett antal nya \u00e4mnen och \u00e5rskurser har tillkommit under \u00e5ren och materialet p\u00e5 mystudyweb \u00e4r levande och f\u00f6rb\u00e4ttras och ut\u00f6kas kontinuerligt.<\/p>\n<\/div>\n<\/div><\/div><\/div><div id=\"pgc-244-1-1\"  class=\"panel-grid-cell\" ><div id=\"panel-244-1-1-0\" class=\"so-panel widget widget_sow-image panel-first-child panel-last-child\" data-index=\"2\" ><div\n\t\t\t\n\t\t\tclass=\"so-widget-sow-image so-widget-sow-image-default-4e6925654b7a-244\"\n\t\t\t\n\t\t><h3 class=\"widget-title\"><\/h3>\n<div class=\"sow-image-container\">\n\t\t<img \n\tsrc=\"https:\/\/mystudyweb-bucket.s3.eu-west-1.amazonaws.com\/corporate\/wp-content\/uploads\/2017\/01\/12130809\/J-M-v7.jpg\" width=\"350\" height=\"433\" srcset=\"https:\/\/mystudyweb-bucket.s3.eu-west-1.amazonaws.com\/corporate\/wp-content\/uploads\/2017\/01\/12130809\/J-M-v7.jpg 350w, https:\/\/mystudyweb-bucket.s3.eu-west-1.amazonaws.com\/corporate\/wp-content\/uploads\/2017\/01\/12130809\/J-M-v7-242x300.jpg 242w, https:\/\/mystudyweb-bucket.s3.eu-west-1.amazonaws.com\/corporate\/wp-content\/uploads\/2017\/01\/12130809\/J-M-v7-162x200.jpg 162w, https:\/\/mystudyweb-bucket.s3.eu-west-1.amazonaws.com\/corporate\/wp-content\/uploads\/2017\/01\/12130809\/J-M-v7-344x425.jpg 344w\" sizes=\"(max-width: 350px) 100vw, 350px\" alt=\"\" \t\tclass=\"so-widget-image\"\/>\n\t<\/div>\n\n<\/div><\/div><\/div><\/div><div id=\"pg-244-2\"  class=\"panel-grid panel-no-style\" ><div id=\"pgc-244-2-0\"  class=\"panel-grid-cell\" ><div id=\"panel-244-2-0-0\" class=\"so-panel widget widget_sow-editor panel-first-child panel-last-child\" data-index=\"3\" ><div\n\t\t\t\n\t\t\tclass=\"so-widget-sow-editor so-widget-sow-editor-base\"\n\t\t\t\n\t\t>\n<div class=\"siteorigin-widget-tinymce textwidget\">\n\t<h2>2014-2019: VI BLIR PIONJ\u00c4RER INOM DISTRIBUTION!<\/h2>\n<p>Ett stort steg i bolagets utveckling togs 2014 d\u00e5 mystudyweb anpassade och lanserade <a href=\"https:\/\/mystudyweb.com\/corporate\/kartlaggaren\/\">Kartl\u00e4ggaren, <\/a>v\u00e5r f\u00f6rsta utl\u00e4ndska produkt i Sverige. Kartl\u00e4ggaren som varit framg\u00e5ngsrik i Norge i \u00f6ver ett decennium passade \u00e4ven mycket bra i svensk skola\u00a0 och \u00e4r idag det klart ledande verktyget f\u00f6r digital kartl\u00e4ggning i Sverige och \u00e4r \u00e4ven integrerat med mystudyweb.<\/p>\n<p>N\u00e4sta utl\u00e4ndska produkt blev den normerade och individuella elevenk\u00e4ten <a href=\"https:\/\/mystudyweb.com\/corporate\/pass\/\">PASS<\/a> (Pupil Attitudes to Self and School) som \u00f6versattes och lanserades 2019. PASS \u00e4r en global produkt ifr\u00e5n Storbritannien och anv\u00e4nds av miljontals elever varje \u00e5r i 40 l\u00e4nder. PASS forskningsbaserade modell f\u00f6r systematiskt elevh\u00e4lsoarbete ger skolan en helt\u00e4ckande bild av varje elevs attityd till sig sj\u00e4lv och skolan och g\u00f6r det m\u00f6jligt att i ett tidigare skede s\u00e4tta in \u00e5tg\u00e4rder vid behov.<\/p>\n<h2>2021-2022: FORSKNINGSBASERADE PRODUKTER F\u00d6R SPECIALPEDAGOGER<\/h2>\n<p>Fr\u00e5n Storbritannien kommer \u00e4ven <a href=\"https:\/\/mystudyweb.com\/corporate\/cat4\/\">CAT4<\/a> \u00a0ett test av elevens kognitiva f\u00f6rm\u00e5gor. CAT4 \u00e4r ett mera omfattande test och best\u00e5r av fyra deltest (Verbal, Icke-Verbal, Numerisk och Spatial) och g\u00f6rs oftast vid stadie\u00f6verg\u00e5ngar eller i samband med pedagogiska utredningar. Efter genomf\u00f6rt test f\u00e5r skolan b\u00e5de en tydlig bild av varje elevs potential och f\u00f6rm\u00e5gor samt f\u00f6rslag p\u00e5 hur undervisningen kan utformas. CAT4\u00a0 \u00e4r v\u00e4rldens mest anv\u00e4nda test av resonerande f\u00f6rm\u00e5gor och globalt genomf\u00f6rs n\u00e4stan 1 miljon CAT4 test varje \u00e5r.<\/p>\n<p>Tv\u00e5 l\u00e4romedel f\u00f6r intensivtr\u00e4ning av matematik och svenska fr\u00e5n Schweiz \u00f6vers\u00e4tts, anpassas och lanseras. I de flesta l\u00e4romedel \u00e4r inneh\u00e5llet utformat f\u00f6r att passa en genomsnittlig elevs kunskaper och arbetstakt. Men eftersom alla elever l\u00e4r sig p\u00e5 olika s\u00e4tt och i olika takt ser ofta v\u00e4gen till m\u00e5let ganska olika ut. B\u00e5de <a href=\"https:\/\/mystudyweb.com\/corporate\/calcularis-om\/\">Calcularis<\/a> och <a href=\"https:\/\/mystudyweb.com\/corporate\/calcularis-om\/\">Calcularis<\/a>\u00a0anv\u00e4nder sig av AI-algoritmer som anpassar inneh\u00e5llet efter elevens studieteknik och takt, vilket s\u00e4kerst\u00e4ller att varje barn tr\u00e4nar p\u00e5 en niv\u00e5 d\u00e4r de utmanas lagom mycket.<\/p>\n<h2>2023-2024: PORTF\u00d6LJen ut\u00f6kas MED V\u00c4RLDSLEDANDE PRODUKTER INOM MAtematik, ENGELSKA och svenska<\/h2>\n<p><a href=\"https:\/\/mystudyweb.com\/corporate\/matific\/\">Matific<\/a>\u00a0 ett av v\u00e4rldens mest framg\u00e5ngsrika l\u00e4romedel i matematik kommer fr\u00e5n Australien och anv\u00e4nds idag av miljontals elever i \u00f6ver 50 l\u00e4nder. Matific \u00e4r ett lekfullt och adaptivt l\u00e4romedel i matematik f\u00f6r \u00e5k.F-6. Allt material \u00e4r forskningsbaserat och mycket omfattande med \u00f6ver 2,000 interaktiva aktiviteter f\u00f6r att tr\u00e4na matematiska begrepp, f\u00e4rdigheter, kritiskt t\u00e4nkande samt probleml\u00f6sning.<\/p>\n<p><a href=\"https:\/\/mystudyweb.com\/corporate\/myon\">myON <\/a>\u00e4r en l\u00e4splattform som inneh\u00e5ller \u00f6ver 8,000 engelska b\u00f6cker och anv\u00e4nds av miljontals elever. Med myON f\u00e5r dina elever tillg\u00e5ng till ett stort antal b\u00f6cker i olika genrer och stilar. Titlar matchas dynamiskt efter varje enskild elevs intressen och l\u00e4sniv\u00e5. L\u00e4raren f\u00e5r detaljerad koll p\u00e5 vilka b\u00f6cker varje elev l\u00e4ser och elevernas f\u00f6rst\u00e5else av inneh\u00e5llet.<\/p>\n<p><a href=\"https:\/\/mystudyweb.com\/corporate\/skriv-och-las\/\">Skriv och l\u00e4s<\/a> \u00e4r ett l\u00e4romedel d\u00e4r de yngsta eleverna i \u00e5k F-3 genom att skapa egna b\u00f6cker i ett enkelt och tydligt format uppt\u00e4cker och utvecklar spr\u00e5ket. Smarta st\u00f6dstrukturer lyfter elevernas skriv- och l\u00e4sf\u00f6rm\u00e5ga, boostar sj\u00e4lvf\u00f6rtroendet och v\u00e4cker elevernas skrivgl\u00e4dje redan fr\u00e5n start.<\/p>\n<\/div>\n<\/div><\/div><\/div><\/div><\/div>","protected":false},"excerpt":{"rendered":"<p>V\u00c5R HISTORIA 2010-2011: S\u00c5 H\u00c4R B\u00d6RJADE DET&#8230; Sommaren 2011 fick Mathias och Jessica Crona id\u00e9n att lansera en tj\u00e4nst b\u00e5de f\u00f6r l\u00e4xhj\u00e4lp och f\u00f6r att f\u00f6rb\u00e4ttra sina resultat i skolan generellt. Kombinationen av Jessicas omfattande &hellip; <a href=\"https:\/\/mystudyweb.com\/corporate\/bakgrund\/\" class=\"more-link\">Forts\u00e4tt l\u00e4sa <span class=\"screen-reader-text\">Bakgrund<\/span> <span class=\"meta-nav\">&rarr;<\/span><\/a><\/p>\n","protected":false},"author":1,"featured_media":4465,"parent":0,"menu_order":0,"comment_status":"closed","ping_status":"closed","template":"page-templates\/template-full-width.php","meta":{"footnotes":""},"class_list":["post-244","page","type-page","status-publish","has-post-thumbnail","hentry"],"yoast_head":"<!-- This site is optimized with the Yoast SEO Premium plugin v26.5 (Yoast SEO v26.5) - https:\/\/yoast.com\/wordpress\/plugins\/seo\/ -->\n<title>Bakgrund - mystudyweb<\/title>\n<meta name=\"robots\" content=\"index, follow, max-snippet:-1, max-image-preview:large, max-video-preview:-1\" \/>\n<link rel=\"canonical\" href=\"https:\/\/mystudyweb.com\/corporate\/bakgrund\/\" \/>\n<meta property=\"og:locale\" content=\"en_US\" \/>\n<meta property=\"og:type\" content=\"article\" \/>\n<meta property=\"og:title\" content=\"Bakgrund\" \/>\n<meta property=\"og:description\" content=\"V\u00c5R HISTORIA 2010-2011: S\u00c5 H\u00c4R B\u00d6RJADE DET... Sommaren 2011 fick Mathias och Jessica Crona id\u00e9n att lansera en tj\u00e4nst b\u00e5de f\u00f6r l\u00e4xhj\u00e4lp och f\u00f6r att f\u00f6rb\u00e4ttra sina resultat i skolan generellt. Kombinationen av Jessicas omfattande &hellip; Forts\u00e4tt l\u00e4sa Bakgrund &rarr;\" \/>\n<meta property=\"og:url\" content=\"https:\/\/mystudyweb.com\/corporate\/bakgrund\/\" \/>\n<meta property=\"og:site_name\" content=\"mystudyweb\" \/>\n<meta property=\"article:modified_time\" content=\"2025-03-04T16:01:01+00:00\" \/>\n<meta property=\"og:image\" content=\"https:\/\/mystudyweb-bucket.s3.eu-west-1.amazonaws.com\/corporate\/wp-content\/uploads\/2017\/01\/12130809\/J-M-v7.jpg\" \/>\n\t<meta property=\"og:image:width\" content=\"350\" \/>\n\t<meta property=\"og:image:height\" content=\"433\" \/>\n\t<meta property=\"og:image:type\" content=\"image\/jpeg\" \/>\n<meta name=\"twitter:card\" content=\"summary_large_image\" \/>\n<meta name=\"twitter:label1\" content=\"Est. reading time\" \/>\n\t<meta name=\"twitter:data1\" content=\"3 minutes\" \/>\n<script type=\"application\/ld+json\" class=\"yoast-schema-graph\">{\"@context\":\"https:\/\/schema.org\",\"@graph\":[{\"@type\":\"WebPage\",\"@id\":\"https:\/\/mystudyweb.com\/corporate\/bakgrund\/\",\"url\":\"https:\/\/mystudyweb.com\/corporate\/bakgrund\/\",\"name\":\"Bakgrund - mystudyweb\",\"isPartOf\":{\"@id\":\"https:\/\/mystudyweb.com\/corporate\/#website\"},\"primaryImageOfPage\":{\"@id\":\"https:\/\/mystudyweb.com\/corporate\/bakgrund\/#primaryimage\"},\"image\":{\"@id\":\"https:\/\/mystudyweb.com\/corporate\/bakgrund\/#primaryimage\"},\"thumbnailUrl\":\"https:\/\/mystudyweb-bucket.s3.eu-west-1.amazonaws.com\/corporate\/wp-content\/uploads\/2017\/01\/12130809\/J-M-v7.jpg\",\"datePublished\":\"2017-01-25T07:46:48+00:00\",\"dateModified\":\"2025-03-04T16:01:01+00:00\",\"breadcrumb\":{\"@id\":\"https:\/\/mystudyweb.com\/corporate\/bakgrund\/#breadcrumb\"},\"inLanguage\":\"en-US\",\"potentialAction\":[{\"@type\":\"ReadAction\",\"target\":[\"https:\/\/mystudyweb.com\/corporate\/bakgrund\/\"]}]},{\"@type\":\"ImageObject\",\"inLanguage\":\"en-US\",\"@id\":\"https:\/\/mystudyweb.com\/corporate\/bakgrund\/#primaryimage\",\"url\":\"https:\/\/mystudyweb-bucket.s3.eu-west-1.amazonaws.com\/corporate\/wp-content\/uploads\/2017\/01\/12130809\/J-M-v7.jpg\",\"contentUrl\":\"https:\/\/mystudyweb-bucket.s3.eu-west-1.amazonaws.com\/corporate\/wp-content\/uploads\/2017\/01\/12130809\/J-M-v7.jpg\",\"width\":350,\"height\":433},{\"@type\":\"BreadcrumbList\",\"@id\":\"https:\/\/mystudyweb.com\/corporate\/bakgrund\/#breadcrumb\",\"itemListElement\":[{\"@type\":\"ListItem\",\"position\":1,\"name\":\"Home\",\"item\":\"https:\/\/mystudyweb.com\/corporate\/\"},{\"@type\":\"ListItem\",\"position\":2,\"name\":\"Bakgrund\"}]},{\"@type\":\"WebSite\",\"@id\":\"https:\/\/mystudyweb.com\/corporate\/#website\",\"url\":\"https:\/\/mystudyweb.com\/corporate\/\",\"name\":\"mystudyweb\",\"description\":\"\",\"publisher\":{\"@id\":\"https:\/\/mystudyweb.com\/corporate\/#organization\"},\"potentialAction\":[{\"@type\":\"SearchAction\",\"target\":{\"@type\":\"EntryPoint\",\"urlTemplate\":\"https:\/\/mystudyweb.com\/corporate\/?s={search_term_string}\"},\"query-input\":{\"@type\":\"PropertyValueSpecification\",\"valueRequired\":true,\"valueName\":\"search_term_string\"}}],\"inLanguage\":\"en-US\"},{\"@type\":\"Organization\",\"@id\":\"https:\/\/mystudyweb.com\/corporate\/#organization\",\"name\":\"mystudyweb\",\"url\":\"https:\/\/mystudyweb.com\/corporate\/\",\"logo\":{\"@type\":\"ImageObject\",\"inLanguage\":\"en-US\",\"@id\":\"https:\/\/mystudyweb.com\/corporate\/#\/schema\/logo\/image\/\",\"url\":\"https:\/\/mystudyweb.com\/corporate\/wp-content\/uploads\/2016\/12\/cropped-logo.jpg\",\"contentUrl\":\"https:\/\/mystudyweb.com\/corporate\/wp-content\/uploads\/2016\/12\/cropped-logo.jpg\",\"width\":466,\"height\":55,\"caption\":\"mystudyweb\"},\"image\":{\"@id\":\"https:\/\/mystudyweb.com\/corporate\/#\/schema\/logo\/image\/\"}}]}<\/script>\n<!-- \/ Yoast SEO Premium plugin. -->","yoast_head_json":{"title":"Bakgrund - mystudyweb","robots":{"index":"index","follow":"follow","max-snippet":"max-snippet:-1","max-image-preview":"max-image-preview:large","max-video-preview":"max-video-preview:-1"},"canonical":"https:\/\/mystudyweb.com\/corporate\/bakgrund\/","og_locale":"en_US","og_type":"article","og_title":"Bakgrund","og_description":"V\u00c5R HISTORIA 2010-2011: S\u00c5 H\u00c4R B\u00d6RJADE DET... Sommaren 2011 fick Mathias och Jessica Crona id\u00e9n att lansera en tj\u00e4nst b\u00e5de f\u00f6r l\u00e4xhj\u00e4lp och f\u00f6r att f\u00f6rb\u00e4ttra sina resultat i skolan generellt. Kombinationen av Jessicas omfattande &hellip; Forts\u00e4tt l\u00e4sa Bakgrund &rarr;","og_url":"https:\/\/mystudyweb.com\/corporate\/bakgrund\/","og_site_name":"mystudyweb","article_modified_time":"2025-03-04T16:01:01+00:00","og_image":[{"width":350,"height":433,"url":"https:\/\/mystudyweb-bucket.s3.eu-west-1.amazonaws.com\/corporate\/wp-content\/uploads\/2017\/01\/12130809\/J-M-v7.jpg","type":"image\/jpeg"}],"twitter_card":"summary_large_image","twitter_misc":{"Est. reading time":"3 minutes"},"schema":{"@context":"https:\/\/schema.org","@graph":[{"@type":"WebPage","@id":"https:\/\/mystudyweb.com\/corporate\/bakgrund\/","url":"https:\/\/mystudyweb.com\/corporate\/bakgrund\/","name":"Bakgrund - mystudyweb","isPartOf":{"@id":"https:\/\/mystudyweb.com\/corporate\/#website"},"primaryImageOfPage":{"@id":"https:\/\/mystudyweb.com\/corporate\/bakgrund\/#primaryimage"},"image":{"@id":"https:\/\/mystudyweb.com\/corporate\/bakgrund\/#primaryimage"},"thumbnailUrl":"https:\/\/mystudyweb-bucket.s3.eu-west-1.amazonaws.com\/corporate\/wp-content\/uploads\/2017\/01\/12130809\/J-M-v7.jpg","datePublished":"2017-01-25T07:46:48+00:00","dateModified":"2025-03-04T16:01:01+00:00","breadcrumb":{"@id":"https:\/\/mystudyweb.com\/corporate\/bakgrund\/#breadcrumb"},"inLanguage":"en-US","potentialAction":[{"@type":"ReadAction","target":["https:\/\/mystudyweb.com\/corporate\/bakgrund\/"]}]},{"@type":"ImageObject","inLanguage":"en-US","@id":"https:\/\/mystudyweb.com\/corporate\/bakgrund\/#primaryimage","url":"https:\/\/mystudyweb-bucket.s3.eu-west-1.amazonaws.com\/corporate\/wp-content\/uploads\/2017\/01\/12130809\/J-M-v7.jpg","contentUrl":"https:\/\/mystudyweb-bucket.s3.eu-west-1.amazonaws.com\/corporate\/wp-content\/uploads\/2017\/01\/12130809\/J-M-v7.jpg","width":350,"height":433},{"@type":"BreadcrumbList","@id":"https:\/\/mystudyweb.com\/corporate\/bakgrund\/#breadcrumb","itemListElement":[{"@type":"ListItem","position":1,"name":"Home","item":"https:\/\/mystudyweb.com\/corporate\/"},{"@type":"ListItem","position":2,"name":"Bakgrund"}]},{"@type":"WebSite","@id":"https:\/\/mystudyweb.com\/corporate\/#website","url":"https:\/\/mystudyweb.com\/corporate\/","name":"mystudyweb","description":"","publisher":{"@id":"https:\/\/mystudyweb.com\/corporate\/#organization"},"potentialAction":[{"@type":"SearchAction","target":{"@type":"EntryPoint","urlTemplate":"https:\/\/mystudyweb.com\/corporate\/?s={search_term_string}"},"query-input":{"@type":"PropertyValueSpecification","valueRequired":true,"valueName":"search_term_string"}}],"inLanguage":"en-US"},{"@type":"Organization","@id":"https:\/\/mystudyweb.com\/corporate\/#organization","name":"mystudyweb","url":"https:\/\/mystudyweb.com\/corporate\/","logo":{"@type":"ImageObject","inLanguage":"en-US","@id":"https:\/\/mystudyweb.com\/corporate\/#\/schema\/logo\/image\/","url":"https:\/\/mystudyweb.com\/corporate\/wp-content\/uploads\/2016\/12\/cropped-logo.jpg","contentUrl":"https:\/\/mystudyweb.com\/corporate\/wp-content\/uploads\/2016\/12\/cropped-logo.jpg","width":466,"height":55,"caption":"mystudyweb"},"image":{"@id":"https:\/\/mystudyweb.com\/corporate\/#\/schema\/logo\/image\/"}}]}},"_links":{"self":[{"href":"https:\/\/mystudyweb.com\/corporate\/wp-json\/wp\/v2\/pages\/244","targetHints":{"allow":["GET"]}}],"collection":[{"href":"https:\/\/mystudyweb.com\/corporate\/wp-json\/wp\/v2\/pages"}],"about":[{"href":"https:\/\/mystudyweb.com\/corporate\/wp-json\/wp\/v2\/types\/page"}],"author":[{"embeddable":true,"href":"https:\/\/mystudyweb.com\/corporate\/wp-json\/wp\/v2\/users\/1"}],"replies":[{"embeddable":true,"href":"https:\/\/mystudyweb.com\/corporate\/wp-json\/wp\/v2\/comments?post=244"}],"version-history":[{"count":60,"href":"https:\/\/mystudyweb.com\/corporate\/wp-json\/wp\/v2\/pages\/244\/revisions"}],"predecessor-version":[{"id":4741,"href":"https:\/\/mystudyweb.com\/corporate\/wp-json\/wp\/v2\/pages\/244\/revisions\/4741"}],"wp:featuredmedia":[{"embeddable":true,"href":"https:\/\/mystudyweb.com\/corporate\/wp-json\/wp\/v2\/media\/4465"}],"wp:attachment":[{"href":"https:\/\/mystudyweb.com\/corporate\/wp-json\/wp\/v2\/media?parent=244"}],"curies":[{"name":"wp","href":"https:\/\/api.w.org\/{rel}","templated":true}]}}