{"id":2730,"date":"2021-03-25T04:19:14","date_gmt":"2021-03-25T04:19:14","guid":{"rendered":"https:\/\/mystudyweb.com\/corporate\/?page_id=2730"},"modified":"2021-12-21T08:52:28","modified_gmt":"2021-12-21T08:52:28","slug":"forskningssamarbete","status":"publish","type":"page","link":"https:\/\/mystudyweb.com\/corporate\/forskningssamarbete\/","title":{"rendered":"FORSKNINGS-SAMARBETE"},"content":{"rendered":"<div id=\"pl-2730\"  class=\"panel-layout\" ><div id=\"pg-2730-0\"  class=\"panel-grid panel-no-style\" ><div id=\"pgc-2730-0-0\"  class=\"panel-grid-cell\" ><div id=\"panel-2730-0-0-0\" class=\"so-panel widget widget_sow-editor panel-first-child panel-last-child\" data-index=\"0\" ><div\n\t\t\t\n\t\t\tclass=\"so-widget-sow-editor so-widget-sow-editor-base\"\n\t\t\t\n\t\t>\n<div class=\"siteorigin-widget-tinymce textwidget\">\n\t<h1>\u00c4r du skolforskare och intresserad av FORSKNINGSSAMARBETE?<\/h1>\n<p>MyStudyWeb brinner f\u00f6r att utveckla och f\u00f6rb\u00e4ttra svensk skola och forskning \u00e4r en viktig komponent i denna process. F\u00f6r att st\u00f6tta forskningen\u00a0kan vi erbjuda tillg\u00e5ng till v\u00e5r omfattande databas med anonymiserade resultat inom kunskapsm\u00e4tningstest (Kartl\u00e4ggaren) och elevers attityd till sig sj\u00e4lva och skolan (PASS) samt v\u00e5ra \u00f6vriga produkter f\u00f6r forskningssamarbete.<\/p>\n<p>Den tillg\u00e4ngliga datan \u00e4r intressant f\u00f6r forskare som beh\u00f6ver ett helt\u00e4ckande material med l\u00e5nga tidsserier och god t\u00e4ckning b\u00e5de geografiskt samt socioekonomiskt d\u00e5 v\u00e5ra produkter har mycket god spridning inom Sverige.<\/p>\n<p>Kontakta g\u00e4rna mathias.crona@mystudyweb.com f\u00f6r en f\u00f6rsta diskussion inklusive en kort beskrivning av ditt t\u00e4nkta projekt.<\/p>\n<\/div>\n<\/div><\/div><\/div><\/div><\/div>","protected":false},"excerpt":{"rendered":"<p>\u00c4r du skolforskare och intresserad av FORSKNINGSSAMARBETE? MyStudyWeb brinner f\u00f6r att utveckla och f\u00f6rb\u00e4ttra svensk skola och forskning \u00e4r en viktig komponent i denna process. F\u00f6r att st\u00f6tta forskningen\u00a0kan vi erbjuda tillg\u00e5ng till v\u00e5r omfattande &hellip; <a href=\"https:\/\/mystudyweb.com\/corporate\/forskningssamarbete\/\" class=\"more-link\">Forts\u00e4tt l\u00e4sa <span class=\"screen-reader-text\">FORSKNINGS-SAMARBETE<\/span> <span class=\"meta-nav\">&rarr;<\/span><\/a><\/p>\n","protected":false},"author":1,"featured_media":0,"parent":0,"menu_order":0,"comment_status":"closed","ping_status":"closed","template":"","meta":{"footnotes":""},"class_list":["post-2730","page","type-page","status-publish","hentry"],"yoast_head":"<!-- This site is optimized with the Yoast SEO Premium plugin v26.5 (Yoast SEO v26.5) - https:\/\/yoast.com\/wordpress\/plugins\/seo\/ -->\n<title>Forskningssamarbete inom testning eller digitala l\u00e4romedel<\/title>\n<meta name=\"description\" content=\"\u00c4r du skolforskare och intresserad av att ett forskningssamarbete f\u00f6r att anv\u00e4nda en av de st\u00f6rsta databaserna inom testning i Sverige?\" \/>\n<meta name=\"robots\" content=\"index, follow, max-snippet:-1, max-image-preview:large, max-video-preview:-1\" \/>\n<link rel=\"canonical\" href=\"https:\/\/mystudyweb.com\/corporate\/forskningssamarbete\/\" \/>\n<meta property=\"og:locale\" content=\"en_US\" \/>\n<meta property=\"og:type\" content=\"article\" \/>\n<meta property=\"og:title\" content=\"FORSKNINGS-SAMARBETE\" \/>\n<meta property=\"og:description\" content=\"\u00c4r du skolforskare och intresserad av att ett forskningssamarbete f\u00f6r att anv\u00e4nda en av de st\u00f6rsta databaserna inom testning i Sverige?\" \/>\n<meta property=\"og:url\" content=\"https:\/\/mystudyweb.com\/corporate\/forskningssamarbete\/\" \/>\n<meta property=\"og:site_name\" content=\"mystudyweb\" \/>\n<meta property=\"article:modified_time\" content=\"2021-12-21T08:52:28+00:00\" \/>\n<meta name=\"twitter:card\" content=\"summary_large_image\" \/>\n<meta name=\"twitter:label1\" content=\"Est. reading time\" \/>\n\t<meta name=\"twitter:data1\" content=\"1 minute\" \/>\n<script type=\"application\/ld+json\" class=\"yoast-schema-graph\">{\"@context\":\"https:\/\/schema.org\",\"@graph\":[{\"@type\":\"WebPage\",\"@id\":\"https:\/\/mystudyweb.com\/corporate\/forskningssamarbete\/\",\"url\":\"https:\/\/mystudyweb.com\/corporate\/forskningssamarbete\/\",\"name\":\"Forskningssamarbete inom testning eller digitala l\u00e4romedel\",\"isPartOf\":{\"@id\":\"https:\/\/mystudyweb.com\/corporate\/#website\"},\"datePublished\":\"2021-03-25T04:19:14+00:00\",\"dateModified\":\"2021-12-21T08:52:28+00:00\",\"description\":\"\u00c4r du skolforskare och intresserad av att ett forskningssamarbete f\u00f6r att anv\u00e4nda en av de st\u00f6rsta databaserna inom testning i Sverige?\",\"breadcrumb\":{\"@id\":\"https:\/\/mystudyweb.com\/corporate\/forskningssamarbete\/#breadcrumb\"},\"inLanguage\":\"en-US\",\"potentialAction\":[{\"@type\":\"ReadAction\",\"target\":[\"https:\/\/mystudyweb.com\/corporate\/forskningssamarbete\/\"]}]},{\"@type\":\"BreadcrumbList\",\"@id\":\"https:\/\/mystudyweb.com\/corporate\/forskningssamarbete\/#breadcrumb\",\"itemListElement\":[{\"@type\":\"ListItem\",\"position\":1,\"name\":\"Home\",\"item\":\"https:\/\/mystudyweb.com\/corporate\/\"},{\"@type\":\"ListItem\",\"position\":2,\"name\":\"FORSKNINGS-SAMARBETE\"}]},{\"@type\":\"WebSite\",\"@id\":\"https:\/\/mystudyweb.com\/corporate\/#website\",\"url\":\"https:\/\/mystudyweb.com\/corporate\/\",\"name\":\"mystudyweb\",\"description\":\"\",\"publisher\":{\"@id\":\"https:\/\/mystudyweb.com\/corporate\/#organization\"},\"potentialAction\":[{\"@type\":\"SearchAction\",\"target\":{\"@type\":\"EntryPoint\",\"urlTemplate\":\"https:\/\/mystudyweb.com\/corporate\/?s={search_term_string}\"},\"query-input\":{\"@type\":\"PropertyValueSpecification\",\"valueRequired\":true,\"valueName\":\"search_term_string\"}}],\"inLanguage\":\"en-US\"},{\"@type\":\"Organization\",\"@id\":\"https:\/\/mystudyweb.com\/corporate\/#organization\",\"name\":\"mystudyweb\",\"url\":\"https:\/\/mystudyweb.com\/corporate\/\",\"logo\":{\"@type\":\"ImageObject\",\"inLanguage\":\"en-US\",\"@id\":\"https:\/\/mystudyweb.com\/corporate\/#\/schema\/logo\/image\/\",\"url\":\"https:\/\/mystudyweb.com\/corporate\/wp-content\/uploads\/2016\/12\/cropped-logo.jpg\",\"contentUrl\":\"https:\/\/mystudyweb.com\/corporate\/wp-content\/uploads\/2016\/12\/cropped-logo.jpg\",\"width\":466,\"height\":55,\"caption\":\"mystudyweb\"},\"image\":{\"@id\":\"https:\/\/mystudyweb.com\/corporate\/#\/schema\/logo\/image\/\"}}]}<\/script>\n<!-- \/ Yoast SEO Premium plugin. -->","yoast_head_json":{"title":"Forskningssamarbete inom testning eller digitala l\u00e4romedel","description":"\u00c4r du skolforskare och intresserad av att ett forskningssamarbete f\u00f6r att anv\u00e4nda en av de st\u00f6rsta databaserna inom testning i Sverige?","robots":{"index":"index","follow":"follow","max-snippet":"max-snippet:-1","max-image-preview":"max-image-preview:large","max-video-preview":"max-video-preview:-1"},"canonical":"https:\/\/mystudyweb.com\/corporate\/forskningssamarbete\/","og_locale":"en_US","og_type":"article","og_title":"FORSKNINGS-SAMARBETE","og_description":"\u00c4r du skolforskare och intresserad av att ett forskningssamarbete f\u00f6r att anv\u00e4nda en av de st\u00f6rsta databaserna inom testning i Sverige?","og_url":"https:\/\/mystudyweb.com\/corporate\/forskningssamarbete\/","og_site_name":"mystudyweb","article_modified_time":"2021-12-21T08:52:28+00:00","twitter_card":"summary_large_image","twitter_misc":{"Est. reading time":"1 minute"},"schema":{"@context":"https:\/\/schema.org","@graph":[{"@type":"WebPage","@id":"https:\/\/mystudyweb.com\/corporate\/forskningssamarbete\/","url":"https:\/\/mystudyweb.com\/corporate\/forskningssamarbete\/","name":"Forskningssamarbete inom testning eller digitala l\u00e4romedel","isPartOf":{"@id":"https:\/\/mystudyweb.com\/corporate\/#website"},"datePublished":"2021-03-25T04:19:14+00:00","dateModified":"2021-12-21T08:52:28+00:00","description":"\u00c4r du skolforskare och intresserad av att ett forskningssamarbete f\u00f6r att anv\u00e4nda en av de st\u00f6rsta databaserna inom testning i Sverige?","breadcrumb":{"@id":"https:\/\/mystudyweb.com\/corporate\/forskningssamarbete\/#breadcrumb"},"inLanguage":"en-US","potentialAction":[{"@type":"ReadAction","target":["https:\/\/mystudyweb.com\/corporate\/forskningssamarbete\/"]}]},{"@type":"BreadcrumbList","@id":"https:\/\/mystudyweb.com\/corporate\/forskningssamarbete\/#breadcrumb","itemListElement":[{"@type":"ListItem","position":1,"name":"Home","item":"https:\/\/mystudyweb.com\/corporate\/"},{"@type":"ListItem","position":2,"name":"FORSKNINGS-SAMARBETE"}]},{"@type":"WebSite","@id":"https:\/\/mystudyweb.com\/corporate\/#website","url":"https:\/\/mystudyweb.com\/corporate\/","name":"mystudyweb","description":"","publisher":{"@id":"https:\/\/mystudyweb.com\/corporate\/#organization"},"potentialAction":[{"@type":"SearchAction","target":{"@type":"EntryPoint","urlTemplate":"https:\/\/mystudyweb.com\/corporate\/?s={search_term_string}"},"query-input":{"@type":"PropertyValueSpecification","valueRequired":true,"valueName":"search_term_string"}}],"inLanguage":"en-US"},{"@type":"Organization","@id":"https:\/\/mystudyweb.com\/corporate\/#organization","name":"mystudyweb","url":"https:\/\/mystudyweb.com\/corporate\/","logo":{"@type":"ImageObject","inLanguage":"en-US","@id":"https:\/\/mystudyweb.com\/corporate\/#\/schema\/logo\/image\/","url":"https:\/\/mystudyweb.com\/corporate\/wp-content\/uploads\/2016\/12\/cropped-logo.jpg","contentUrl":"https:\/\/mystudyweb.com\/corporate\/wp-content\/uploads\/2016\/12\/cropped-logo.jpg","width":466,"height":55,"caption":"mystudyweb"},"image":{"@id":"https:\/\/mystudyweb.com\/corporate\/#\/schema\/logo\/image\/"}}]}},"_links":{"self":[{"href":"https:\/\/mystudyweb.com\/corporate\/wp-json\/wp\/v2\/pages\/2730","targetHints":{"allow":["GET"]}}],"collection":[{"href":"https:\/\/mystudyweb.com\/corporate\/wp-json\/wp\/v2\/pages"}],"about":[{"href":"https:\/\/mystudyweb.com\/corporate\/wp-json\/wp\/v2\/types\/page"}],"author":[{"embeddable":true,"href":"https:\/\/mystudyweb.com\/corporate\/wp-json\/wp\/v2\/users\/1"}],"replies":[{"embeddable":true,"href":"https:\/\/mystudyweb.com\/corporate\/wp-json\/wp\/v2\/comments?post=2730"}],"version-history":[{"count":13,"href":"https:\/\/mystudyweb.com\/corporate\/wp-json\/wp\/v2\/pages\/2730\/revisions"}],"predecessor-version":[{"id":3870,"href":"https:\/\/mystudyweb.com\/corporate\/wp-json\/wp\/v2\/pages\/2730\/revisions\/3870"}],"wp:attachment":[{"href":"https:\/\/mystudyweb.com\/corporate\/wp-json\/wp\/v2\/media?parent=2730"}],"curies":[{"name":"wp","href":"https:\/\/api.w.org\/{rel}","templated":true}]}}