{"id":4769,"date":"2022-10-04T06:37:03","date_gmt":"2022-10-04T06:37:03","guid":{"rendered":"https:\/\/mystudyweb.com\/corporate\/?page_id=4769"},"modified":"2022-10-28T08:47:47","modified_gmt":"2022-10-28T08:47:47","slug":"integritetspolicy","status":"publish","type":"page","link":"https:\/\/mystudyweb.com\/corporate\/integritetspolicy\/","title":{"rendered":"Integritetspolicy"},"content":{"rendered":"<h1>Integritetspolicy<\/h1>\n<h2><strong>Allm\u00e4nt <\/strong><\/h2>\n<p>Denna integritetspolicy beskriver hur MyStudyWeb Sweden AB, org.nr. 556863-5949 (\u201dMyStudyWeb\u201d) behandlar och anv\u00e4nder dina personuppgifter n\u00e4r du anv\u00e4nder MyStudyWebs digitala produkter samt p\u00e5 f\u00f6retagets webbsida. Denna integritetspolicy beskriver ocks\u00e5 dina r\u00e4ttigheter gentemot MyStudyWeb och hur du kan utnyttja dina r\u00e4ttigheter. Vid fr\u00e5gor om MyStudyWebs integritetsskydd kan du skicka ett e-post till info@mystudyweb.com.<\/p>\n<p>Denna integritietspolicy g\u00e4ller de digitala produkter d\u00e4r MyStudyWeb behandlar dina personuppgifter vilket i dagsl\u00e4get \u00e4r Kartl\u00e4ggaren och mystudyweb. F\u00f6r \u00f6vriga produkter behandlas all data av leverant\u00f6ren och MyStudyWeb ansvarar f\u00f6r f\u00f6rs\u00e4ljning och kundsupport f\u00f6r den svenska marknaden.<\/p>\n<h2><strong>Vilka personuppgifter samlas in?<\/strong><\/h2>\n<p>MyStudyWeb samlar in och lagrar information om dig som du eller skolhuvudmannen l\u00e4mnar till MyStudyWeb\u00a0 (namn och e-post). I f\u00f6rekommande fall lagras \u00e4ven information om skola och klass\/undervisningsgrupp. MyStudyWeb samlar \u00e4ven in uppgifter om din aktivitet i MyStudyWebs digitala produkter och resultat p\u00e5 \u00f6vningar. Uppgifterna ovan m\u00e5ste MyStudyWeb samla in f\u00f6r att kunna fullf\u00f6lja sina skyldigheter mot skolhuvudmannen och dig som anv\u00e4ndare.<\/p>\n<h2><strong>MyStudyWebs behandling av dina personuppgifter<\/strong><\/h2>\n<p>N\u00e4r MyStudyWeb behandlar dina personuppgifter f\u00f6r dig i din egenskap av slutanv\u00e4ndare av MyStudyWebs digitala produkter behandlas dina personuppgifter f\u00f6r nedanst\u00e5ende \u00e4ndam\u00e5l.<\/p>\n<p>Personuppgifter behandlas f\u00f6r f\u00f6ljande \u00e4ndam\u00e5l (vi anger vilka uppgifter vi beh\u00f6ver f\u00f6r att kunna ing\u00e5 ett avtal):<\/p>\n<ul>\n<li>f\u00f6r att ge \u00e5tkomst till, tillhandah\u00e5lla och anv\u00e4nda v\u00e5ra produkter och tj\u00e4nster (behandling som kr\u00e4vs f\u00f6r att ett avtal ska kunna verkst\u00e4llas),<\/li>\n<li>f\u00f6r att lagra och bed\u00f6ma uppgifter och f\u00f6r att kunna erbjuda tj\u00e4nster som \u00e4r anpassade efter dina \u00f6nskem\u00e5l (behandling som kr\u00e4vs f\u00f6r att ett avtal ska kunna verkst\u00e4llas),<\/li>\n<li>f\u00f6r att kunna sk\u00f6ta v\u00e5ra r\u00e4kenskaper (behandling som kr\u00e4vs f\u00f6r att ett avtal ska kunna verkst\u00e4llas),<\/li>\n<li>f\u00f6r att kunna skydda sig fr\u00e5n, \u00f6vervaka och f\u00f6rebygga missbruk av och inkonsekvens i, samt otillf\u00f6rlitlighet hos uppgifter vid till exempel genomf\u00f6rande av granskningar (kr\u00e4vs f\u00f6r att tillvarata den personuppgiftsansvariges ber\u00e4ttigade intressen),<\/li>\n<li>kontinuitet och korrekt funktion f\u00f6r produkter och tj\u00e4nster, inklusive underh\u00e5ll, s\u00e4kerhetskopiering under begr\u00e4nsad tid, f\u00f6rb\u00e4ttringar efter fel och support (behandling som kr\u00e4vs f\u00f6r att ett avtal ska kunna verkst\u00e4llas),<\/li>\n<li>f\u00f6r att f\u00f6rb\u00e4ttra v\u00e5ra tj\u00e4nster (kr\u00e4vs f\u00f6r att tillvarata den personuppgiftsansvariges ber\u00e4ttigade intressen (under vilket uppgifter anonymiseras och aggregeras och aldrig kan sp\u00e5ras tillbaka till enskilda individer),<\/li>\n<\/ul>\n<h2><strong>Var lagras dina personuppgifter och vem l\u00e4mnas dina personuppgifter ut till?<\/strong><\/h2>\n<p>MyStudWeb behandlar dina personuppgifter inom EU\/EES. Om personuppgifter \u00f6verf\u00f6rs till n\u00e5got land utanf\u00f6r EU\/EES, kommer MyStudyWeb att vidta \u00e5tg\u00e4rder f\u00f6r att se till att personuppgifterna forts\u00e4tter vara skyddade och \u00e4ven vidta de \u00e5tg\u00e4rder som kr\u00e4vs f\u00f6r att p\u00e5 lagligt s\u00e4tt \u00f6verf\u00f6ra personuppgifter till l\u00e4nder utanf\u00f6r EU\/EES.<\/p>\n<p>MyStudyWeb l\u00e4mnar inte ut personuppgifter till tredje part, f\u00f6rutom i situationer d\u00e5 detta \u00e4r ett krav som f\u00f6ljer av en lagstadgad skyldighet eller f\u00f6r att fullf\u00f6lja MyStudyWebs \u00e5tagande mot dig som kund. Dina personuppgifter kommer inte att \u00f6verf\u00f6ras eller s\u00e4ljas till tredje part i reklamsyfte.<\/p>\n<p>MyStudyWeb anv\u00e4nder Amazon Web Services f\u00f6r lagring av data p\u00e5 servrar i Sverige och p\u00e5 Irland. Genom MyStudyWebs anv\u00e4ndning av Amazon Web Services kan dina personuppgifter under exceptionella omst\u00e4ndigheter, t.ex. beslut av domstol i USA, att komma att \u00f6verf\u00f6ras till USA i \u00f6verrensst\u00e4mmelse med GDPR med avtal enligt EU-kommissionens modellklausuler (se https:\/\/ec.europa.eu\/info\/law\/law-topic\/data-protection\/international-dimension-data-protection\/standard-contractual-clauses-scc_en).<\/p>\n<h2><strong>Lagringsperiod<\/strong><\/h2>\n<p>N\u00e4r behandling \u00e4r n\u00f6dv\u00e4ndig f\u00f6r verkst\u00e4llandet av ett avtal, behandlas dina personuppgifter av oss under h\u00f6gst tv\u00e5 \u00e5r efter upps\u00e4gningen av avtalet. L\u00e4ngre lagringsperioder kan f\u00f6rekomma, till exempel relaterat till f\u00f6retags administrativa lagringsskyldighet enligt lag.<\/p>\n<h2><strong>Hur skyddas dina personuppgifter?<\/strong><\/h2>\n<p>MyStudyWeb har vidtagit tekniska och organisatoriska s\u00e4kerhets\u00e5tg\u00e4rder f\u00f6r att skydda dina personuppgifter mot otillb\u00f6rlig \u00e5tkomst, f\u00f6r\u00e4ndring och radering.<\/p>\n<p>F\u00f6r att s\u00e4kerst\u00e4lla att personuppgifter behandlas p\u00e5 ett s\u00e4kert och konfidentiellt s\u00e4tt anv\u00e4nder MyStudyWeb sig av datan\u00e4tverk och datacenter som \u00e4r intr\u00e5ngsskyddade med bland annat brandv\u00e4ggar och l\u00f6senordsskydd enligt branschstandard samt ISO-certifierade. F\u00f6r att s\u00e4kerst\u00e4lla integriteten f\u00f6r de personuppgifter som du l\u00e4mnar via Internet anv\u00e4ndes krypteringsteknik. MyStudyWebs s\u00e4kerhetsrutiner uppdateras st\u00e4ndigt i takt med den tekniska utvecklingen.<\/p>\n<h2><strong>Kontakt<\/strong><\/h2>\n<p>Har du fr\u00e5gor om hur MyStudyWeb hanterar dina personuppgifter, eller om du vill nyttja dina r\u00e4ttigheter kontaktar du MyStudyWeb p\u00e5 <a href=\"mailto:info@mystudyweb.com\">info@mystudyweb.com<\/a> eller p\u00e5 telefon p\u00e5 08 \u2013 661 27 00.<\/p>\n<h2><strong>F\u00f6r\u00e4ndringar i Integritetspolicyn<\/strong><\/h2>\n<p>MyStudyWeb f\u00f6rbeh\u00e5ller sig r\u00e4tten att, efter eget gottfinnande, g\u00f6ra \u00e4ndringar i Integritetspolicyn. Om vi g\u00f6r \u00e4ndringar s\u00e5 informerar vi dig via Hemsidan, eller via e-post om \u00e4ndringarna \u00e4r omfattande. Om \u00e4ndringarna kr\u00e4ver ditt samtycke ger vi dig mer information om detta p\u00e5 ett s\u00e4tt som \u00e4r l\u00e4mpligt under omst\u00e4ndigheterna, och ber om ditt samtycke.<\/p>\n","protected":false},"excerpt":{"rendered":"<p>Integritetspolicy Allm\u00e4nt Denna integritetspolicy beskriver hur MyStudyWeb Sweden AB, org.nr. 556863-5949 (\u201dMyStudyWeb\u201d) behandlar och anv\u00e4nder dina personuppgifter n\u00e4r du anv\u00e4nder MyStudyWebs digitala produkter samt p\u00e5 f\u00f6retagets webbsida. Denna integritetspolicy beskriver ocks\u00e5 dina r\u00e4ttigheter gentemot MyStudyWeb &hellip; <a href=\"https:\/\/mystudyweb.com\/corporate\/integritetspolicy\/\" class=\"more-link\">Forts\u00e4tt l\u00e4sa <span class=\"screen-reader-text\">Integritetspolicy<\/span> <span class=\"meta-nav\">&rarr;<\/span><\/a><\/p>\n","protected":false},"author":1,"featured_media":0,"parent":0,"menu_order":0,"comment_status":"closed","ping_status":"closed","template":"","meta":{"footnotes":""},"class_list":["post-4769","page","type-page","status-publish","hentry"],"yoast_head":"<!-- This site is optimized with the Yoast SEO Premium plugin v26.5 (Yoast SEO v26.5) - https:\/\/yoast.com\/wordpress\/plugins\/seo\/ -->\n<title>Integritetspolicy - mystudyweb<\/title>\n<meta name=\"robots\" content=\"index, follow, max-snippet:-1, max-image-preview:large, max-video-preview:-1\" \/>\n<link rel=\"canonical\" href=\"https:\/\/mystudyweb.com\/corporate\/integritetspolicy\/\" \/>\n<meta property=\"og:locale\" content=\"en_US\" \/>\n<meta property=\"og:type\" content=\"article\" \/>\n<meta property=\"og:title\" content=\"Integritetspolicy\" \/>\n<meta property=\"og:description\" content=\"Integritetspolicy Allm\u00e4nt Denna integritetspolicy beskriver hur MyStudyWeb Sweden AB, org.nr. 556863-5949 (\u201dMyStudyWeb\u201d) behandlar och anv\u00e4nder dina personuppgifter n\u00e4r du anv\u00e4nder MyStudyWebs digitala produkter samt p\u00e5 f\u00f6retagets webbsida. Denna integritetspolicy beskriver ocks\u00e5 dina r\u00e4ttigheter gentemot MyStudyWeb &hellip; Forts\u00e4tt l\u00e4sa Integritetspolicy &rarr;\" \/>\n<meta property=\"og:url\" content=\"https:\/\/mystudyweb.com\/corporate\/integritetspolicy\/\" \/>\n<meta property=\"og:site_name\" content=\"mystudyweb\" \/>\n<meta property=\"article:modified_time\" content=\"2022-10-28T08:47:47+00:00\" \/>\n<meta name=\"twitter:card\" content=\"summary_large_image\" \/>\n<meta name=\"twitter:label1\" content=\"Est. reading time\" \/>\n\t<meta name=\"twitter:data1\" content=\"4 minutes\" \/>\n<script type=\"application\/ld+json\" class=\"yoast-schema-graph\">{\"@context\":\"https:\/\/schema.org\",\"@graph\":[{\"@type\":\"WebPage\",\"@id\":\"https:\/\/mystudyweb.com\/corporate\/integritetspolicy\/\",\"url\":\"https:\/\/mystudyweb.com\/corporate\/integritetspolicy\/\",\"name\":\"Integritetspolicy - mystudyweb\",\"isPartOf\":{\"@id\":\"https:\/\/mystudyweb.com\/corporate\/#website\"},\"datePublished\":\"2022-10-04T06:37:03+00:00\",\"dateModified\":\"2022-10-28T08:47:47+00:00\",\"breadcrumb\":{\"@id\":\"https:\/\/mystudyweb.com\/corporate\/integritetspolicy\/#breadcrumb\"},\"inLanguage\":\"en-US\",\"potentialAction\":[{\"@type\":\"ReadAction\",\"target\":[\"https:\/\/mystudyweb.com\/corporate\/integritetspolicy\/\"]}]},{\"@type\":\"BreadcrumbList\",\"@id\":\"https:\/\/mystudyweb.com\/corporate\/integritetspolicy\/#breadcrumb\",\"itemListElement\":[{\"@type\":\"ListItem\",\"position\":1,\"name\":\"Home\",\"item\":\"https:\/\/mystudyweb.com\/corporate\/\"},{\"@type\":\"ListItem\",\"position\":2,\"name\":\"Integritetspolicy\"}]},{\"@type\":\"WebSite\",\"@id\":\"https:\/\/mystudyweb.com\/corporate\/#website\",\"url\":\"https:\/\/mystudyweb.com\/corporate\/\",\"name\":\"mystudyweb\",\"description\":\"\",\"publisher\":{\"@id\":\"https:\/\/mystudyweb.com\/corporate\/#organization\"},\"potentialAction\":[{\"@type\":\"SearchAction\",\"target\":{\"@type\":\"EntryPoint\",\"urlTemplate\":\"https:\/\/mystudyweb.com\/corporate\/?s={search_term_string}\"},\"query-input\":{\"@type\":\"PropertyValueSpecification\",\"valueRequired\":true,\"valueName\":\"search_term_string\"}}],\"inLanguage\":\"en-US\"},{\"@type\":\"Organization\",\"@id\":\"https:\/\/mystudyweb.com\/corporate\/#organization\",\"name\":\"mystudyweb\",\"url\":\"https:\/\/mystudyweb.com\/corporate\/\",\"logo\":{\"@type\":\"ImageObject\",\"inLanguage\":\"en-US\",\"@id\":\"https:\/\/mystudyweb.com\/corporate\/#\/schema\/logo\/image\/\",\"url\":\"https:\/\/mystudyweb.com\/corporate\/wp-content\/uploads\/2016\/12\/cropped-logo.jpg\",\"contentUrl\":\"https:\/\/mystudyweb.com\/corporate\/wp-content\/uploads\/2016\/12\/cropped-logo.jpg\",\"width\":466,\"height\":55,\"caption\":\"mystudyweb\"},\"image\":{\"@id\":\"https:\/\/mystudyweb.com\/corporate\/#\/schema\/logo\/image\/\"}}]}<\/script>\n<!-- \/ Yoast SEO Premium plugin. -->","yoast_head_json":{"title":"Integritetspolicy - mystudyweb","robots":{"index":"index","follow":"follow","max-snippet":"max-snippet:-1","max-image-preview":"max-image-preview:large","max-video-preview":"max-video-preview:-1"},"canonical":"https:\/\/mystudyweb.com\/corporate\/integritetspolicy\/","og_locale":"en_US","og_type":"article","og_title":"Integritetspolicy","og_description":"Integritetspolicy Allm\u00e4nt Denna integritetspolicy beskriver hur MyStudyWeb Sweden AB, org.nr. 556863-5949 (\u201dMyStudyWeb\u201d) behandlar och anv\u00e4nder dina personuppgifter n\u00e4r du anv\u00e4nder MyStudyWebs digitala produkter samt p\u00e5 f\u00f6retagets webbsida. Denna integritetspolicy beskriver ocks\u00e5 dina r\u00e4ttigheter gentemot MyStudyWeb &hellip; Forts\u00e4tt l\u00e4sa Integritetspolicy &rarr;","og_url":"https:\/\/mystudyweb.com\/corporate\/integritetspolicy\/","og_site_name":"mystudyweb","article_modified_time":"2022-10-28T08:47:47+00:00","twitter_card":"summary_large_image","twitter_misc":{"Est. reading time":"4 minutes"},"schema":{"@context":"https:\/\/schema.org","@graph":[{"@type":"WebPage","@id":"https:\/\/mystudyweb.com\/corporate\/integritetspolicy\/","url":"https:\/\/mystudyweb.com\/corporate\/integritetspolicy\/","name":"Integritetspolicy - mystudyweb","isPartOf":{"@id":"https:\/\/mystudyweb.com\/corporate\/#website"},"datePublished":"2022-10-04T06:37:03+00:00","dateModified":"2022-10-28T08:47:47+00:00","breadcrumb":{"@id":"https:\/\/mystudyweb.com\/corporate\/integritetspolicy\/#breadcrumb"},"inLanguage":"en-US","potentialAction":[{"@type":"ReadAction","target":["https:\/\/mystudyweb.com\/corporate\/integritetspolicy\/"]}]},{"@type":"BreadcrumbList","@id":"https:\/\/mystudyweb.com\/corporate\/integritetspolicy\/#breadcrumb","itemListElement":[{"@type":"ListItem","position":1,"name":"Home","item":"https:\/\/mystudyweb.com\/corporate\/"},{"@type":"ListItem","position":2,"name":"Integritetspolicy"}]},{"@type":"WebSite","@id":"https:\/\/mystudyweb.com\/corporate\/#website","url":"https:\/\/mystudyweb.com\/corporate\/","name":"mystudyweb","description":"","publisher":{"@id":"https:\/\/mystudyweb.com\/corporate\/#organization"},"potentialAction":[{"@type":"SearchAction","target":{"@type":"EntryPoint","urlTemplate":"https:\/\/mystudyweb.com\/corporate\/?s={search_term_string}"},"query-input":{"@type":"PropertyValueSpecification","valueRequired":true,"valueName":"search_term_string"}}],"inLanguage":"en-US"},{"@type":"Organization","@id":"https:\/\/mystudyweb.com\/corporate\/#organization","name":"mystudyweb","url":"https:\/\/mystudyweb.com\/corporate\/","logo":{"@type":"ImageObject","inLanguage":"en-US","@id":"https:\/\/mystudyweb.com\/corporate\/#\/schema\/logo\/image\/","url":"https:\/\/mystudyweb.com\/corporate\/wp-content\/uploads\/2016\/12\/cropped-logo.jpg","contentUrl":"https:\/\/mystudyweb.com\/corporate\/wp-content\/uploads\/2016\/12\/cropped-logo.jpg","width":466,"height":55,"caption":"mystudyweb"},"image":{"@id":"https:\/\/mystudyweb.com\/corporate\/#\/schema\/logo\/image\/"}}]}},"_links":{"self":[{"href":"https:\/\/mystudyweb.com\/corporate\/wp-json\/wp\/v2\/pages\/4769","targetHints":{"allow":["GET"]}}],"collection":[{"href":"https:\/\/mystudyweb.com\/corporate\/wp-json\/wp\/v2\/pages"}],"about":[{"href":"https:\/\/mystudyweb.com\/corporate\/wp-json\/wp\/v2\/types\/page"}],"author":[{"embeddable":true,"href":"https:\/\/mystudyweb.com\/corporate\/wp-json\/wp\/v2\/users\/1"}],"replies":[{"embeddable":true,"href":"https:\/\/mystudyweb.com\/corporate\/wp-json\/wp\/v2\/comments?post=4769"}],"version-history":[{"count":5,"href":"https:\/\/mystudyweb.com\/corporate\/wp-json\/wp\/v2\/pages\/4769\/revisions"}],"predecessor-version":[{"id":4785,"href":"https:\/\/mystudyweb.com\/corporate\/wp-json\/wp\/v2\/pages\/4769\/revisions\/4785"}],"wp:attachment":[{"href":"https:\/\/mystudyweb.com\/corporate\/wp-json\/wp\/v2\/media?parent=4769"}],"curies":[{"name":"wp","href":"https:\/\/api.w.org\/{rel}","templated":true}]}}