{"id":7229,"date":"2024-04-25T13:25:09","date_gmt":"2024-04-25T13:25:09","guid":{"rendered":"https:\/\/mystudyweb.com\/corporate\/?page_id=7229"},"modified":"2026-03-11T08:52:19","modified_gmt":"2026-03-11T08:52:19","slug":"tavling","status":"publish","type":"page","link":"https:\/\/mystudyweb.com\/corporate\/tavling\/","title":{"rendered":"Matific olympiad anm\u00e4lan"},"content":{"rendered":"<div id=\"pl-7229\"  class=\"panel-layout\" ><div id=\"pg-7229-0\"  class=\"panel-grid panel-no-style\" ><div id=\"pgc-7229-0-0\"  class=\"panel-grid-cell\" ><div id=\"panel-7229-0-0-0\" class=\"so-panel widget widget_sow-image panel-first-child panel-last-child\" data-index=\"0\" ><div\n\t\t\t\n\t\t\tclass=\"so-widget-sow-image so-widget-sow-image-default-c67d20f9f743-7229\"\n\t\t\t\n\t\t>\n<div class=\"sow-image-container\">\n\t\t<img \n\tsrc=\"https:\/\/mystudyweb-bucket.s3.eu-west-1.amazonaws.com\/corporate\/wp-content\/uploads\/2026\/03\/06173040\/Banner-Matific-Olympiad-2026.jpg\" width=\"859\" height=\"357\" srcset=\"https:\/\/mystudyweb-bucket.s3.eu-west-1.amazonaws.com\/corporate\/wp-content\/uploads\/2026\/03\/06173040\/Banner-Matific-Olympiad-2026.jpg 859w, https:\/\/mystudyweb-bucket.s3.eu-west-1.amazonaws.com\/corporate\/wp-content\/uploads\/2026\/03\/06173040\/Banner-Matific-Olympiad-2026-300x125.jpg 300w, https:\/\/mystudyweb-bucket.s3.eu-west-1.amazonaws.com\/corporate\/wp-content\/uploads\/2026\/03\/06173040\/Banner-Matific-Olympiad-2026-768x319.jpg 768w, https:\/\/mystudyweb-bucket.s3.eu-west-1.amazonaws.com\/corporate\/wp-content\/uploads\/2026\/03\/06173040\/Banner-Matific-Olympiad-2026-345x143.jpg 345w, https:\/\/mystudyweb-bucket.s3.eu-west-1.amazonaws.com\/corporate\/wp-content\/uploads\/2026\/03\/06173040\/Banner-Matific-Olympiad-2026-770x320.jpg 770w\" sizes=\"(max-width: 859px) 100vw, 859px\" title=\"Banner Matific Olympiad 2026\" alt=\"\" \t\tclass=\"so-widget-image\"\/>\n\t<\/div>\n\n<\/div><\/div><\/div><\/div><div id=\"pg-7229-1\"  class=\"panel-grid panel-no-style\" ><div id=\"pgc-7229-1-0\"  class=\"panel-grid-cell\" ><div id=\"panel-7229-1-0-0\" class=\"so-panel widget widget_sow-editor panel-first-child\" data-index=\"1\" ><div\n\t\t\t\n\t\t\tclass=\"so-widget-sow-editor so-widget-sow-editor-base\"\n\t\t\t\n\t\t>\n<div class=\"siteorigin-widget-tinymce textwidget\">\n\t<h2>Global t\u00e4vling i matematik f\u00f6r elever i \u00e5rskurs F-9 i SVERIGE<\/h2>\n<p>F\u00f6r tredje \u00e5ret i rad upprepar vi succ\u00e9n Matific Olympiad. Alla elevers favoritt\u00e4vling i matematik!\u00a0\u00a0Nytt f\u00f6r i \u00e5r \u00e4r att \u00e4ven \u00e5k. 7-9 kan delta och t\u00e4vla om fina priser i kategorierna: \"B\u00e4sta skolan\" och \"B\u00e4sta klassen\". Sj\u00e4lvklart f\u00e5r alla deltagande elever diplom.<\/p>\n<p>Anm\u00e4l er redan nu s\u00e5 f\u00e5r ni tillg\u00e5ng till Matific \u00e4ven under \u00f6vningsperioden som startare 1 april. B\u00e5de stora och sm\u00e5 skolor kan delta och t\u00e4vlar r\u00e4ttvist mot varandra.<\/p>\n<\/div>\n<\/div><\/div><div id=\"panel-7229-1-0-1\" class=\"so-panel widget widget_sow-button\" data-index=\"2\" ><div\n\t\t\t\n\t\t\tclass=\"so-widget-sow-button so-widget-sow-button-flat-f54c0409268f-7229\"\n\t\t\t\n\t\t><div class=\"ow-button-base ow-button-align-center\"\n>\n\t\t\t<a\n\t\t\t\t\thref=\"https:\/\/mystudyweb.com\/corporate\/missa-inte-varens-roligaste-tavling-i-matematik\/\"\n\t\t\t\t\tclass=\"sowb-button ow-icon-placement-left ow-button-hover\" target=\"_blank\" rel=\"noopener noreferrer\" \t>\n\t\t<span>\n\t\t\t\n\t\t\tL\u00c4S MER OM T\u00c4VLINGEN\t\t<\/span>\n\t\t\t<\/a>\n\t<\/div>\n<\/div><\/div><div id=\"panel-7229-1-0-2\" class=\"so-panel widget widget_sow-image\" data-index=\"3\" ><div\n\t\t\t\n\t\t\tclass=\"so-widget-sow-image so-widget-sow-image-default-c67d20f9f743-7229\"\n\t\t\t\n\t\t>\n<div class=\"sow-image-container\">\n\t\t<img \n\tsrc=\"https:\/\/mystudyweb-bucket.s3.eu-west-1.amazonaws.com\/corporate\/wp-content\/uploads\/2026\/03\/06174130\/Timeline-2026-768x222.jpg\" width=\"640\" height=\"185\" srcset=\"https:\/\/mystudyweb-bucket.s3.eu-west-1.amazonaws.com\/corporate\/wp-content\/uploads\/2026\/03\/06174130\/Timeline-2026-768x222.jpg 768w, https:\/\/mystudyweb-bucket.s3.eu-west-1.amazonaws.com\/corporate\/wp-content\/uploads\/2026\/03\/06174130\/Timeline-2026-300x87.jpg 300w, https:\/\/mystudyweb-bucket.s3.eu-west-1.amazonaws.com\/corporate\/wp-content\/uploads\/2026\/03\/06174130\/Timeline-2026-345x100.jpg 345w, https:\/\/mystudyweb-bucket.s3.eu-west-1.amazonaws.com\/corporate\/wp-content\/uploads\/2026\/03\/06174130\/Timeline-2026-770x222.jpg 770w, https:\/\/mystudyweb-bucket.s3.eu-west-1.amazonaws.com\/corporate\/wp-content\/uploads\/2026\/03\/06174130\/Timeline-2026.jpg 893w\" sizes=\"(max-width: 640px) 100vw, 640px\" title=\"Timeline 2026\" alt=\"\" \t\tclass=\"so-widget-image\"\/>\n\t<\/div>\n\n<\/div><\/div><div id=\"panel-7229-1-0-3\" class=\"so-panel widget widget_sow-editor panel-last-child\" data-index=\"4\" ><div\n\t\t\t\n\t\t\tclass=\"so-widget-sow-editor so-widget-sow-editor-base\"\n\t\t\t\n\t\t>\n<div class=\"siteorigin-widget-tinymce textwidget\">\n\t<h2>ANM\u00c4L DIN SKOLA idag!<\/h2>\n<p>Rektor,\u00a0 bitr\u00e4dande rektor eller annan person i skolledningen anm\u00e4ler skolan och ansvarig l\u00e4rare p\u00e5 skolan. Fyll i formul\u00e4ret nedan f\u00f6r att anm\u00e4la din skola till Matific Olympiad.<br \/>\n\n<div class=\"wpcf7 no-js\" id=\"wpcf7-f8665-o1\" lang=\"en-US\" dir=\"ltr\" data-wpcf7-id=\"8665\">\n<div class=\"screen-reader-response\"><p role=\"status\" aria-live=\"polite\" aria-atomic=\"true\"><\/p> <ul><\/ul><\/div>\n<form action=\"\/corporate\/wp-json\/wp\/v2\/pages\/7229#wpcf7-f8665-o1\" method=\"post\" class=\"wpcf7-form init\" aria-label=\"Contact form\" novalidate=\"novalidate\" data-status=\"init\">\n<fieldset class=\"hidden-fields-container\"><input type=\"hidden\" name=\"_wpcf7\" value=\"8665\" \/><input type=\"hidden\" name=\"_wpcf7_version\" value=\"6.1.4\" \/><input type=\"hidden\" name=\"_wpcf7_locale\" value=\"en_US\" \/><input type=\"hidden\" name=\"_wpcf7_unit_tag\" value=\"wpcf7-f8665-o1\" \/><input type=\"hidden\" name=\"_wpcf7_container_post\" value=\"0\" \/><input type=\"hidden\" name=\"_wpcf7_posted_data_hash\" value=\"\" \/><input type=\"hidden\" name=\"_wpcf7cf_hidden_group_fields\" value=\"[]\" \/><input type=\"hidden\" name=\"_wpcf7cf_hidden_groups\" value=\"[]\" \/><input type=\"hidden\" name=\"_wpcf7cf_visible_groups\" value=\"[]\" \/><input type=\"hidden\" name=\"_wpcf7cf_repeaters\" value=\"[]\" \/><input type=\"hidden\" name=\"_wpcf7cf_steps\" value=\"{}\" \/><input type=\"hidden\" name=\"_wpcf7cf_options\" value=\"{&quot;form_id&quot;:8665,&quot;conditions&quot;:[{&quot;then_field&quot;:&quot;-1&quot;,&quot;and_rules&quot;:[{&quot;if_field&quot;:&quot;-1&quot;,&quot;operator&quot;:&quot;equals&quot;,&quot;if_value&quot;:&quot;Kartl\\u00e4ggaren&quot;}]},{&quot;then_field&quot;:&quot;-1&quot;,&quot;and_rules&quot;:[{&quot;if_field&quot;:&quot;-1&quot;,&quot;operator&quot;:&quot;equals&quot;,&quot;if_value&quot;:&quot;mystudyweb&quot;}]}],&quot;settings&quot;:{&quot;animation&quot;:&quot;yes&quot;,&quot;animation_intime&quot;:200,&quot;animation_outtime&quot;:200,&quot;conditions_ui&quot;:&quot;normal&quot;,&quot;notice_dismissed&quot;:false}}\" \/><input type=\"hidden\" name=\"_wpcf7_recaptcha_response\" value=\"\" \/>\n<\/fieldset>\n<div class=\"contactContainer row\">\n<!--<div class=\"response_testa\"><div class=\"wpcf7-response-output\" aria-hidden=\"true\"><\/div><\/div>-->\n\t<div class=\"col-sm-6\">\n\t\t<p><span class=\"wpcf7-form-control-wrap\" data-name=\"your-skola\"><input size=\"40\" maxlength=\"400\" class=\"wpcf7-form-control wpcf7-text wpcf7-validates-as-required\" aria-required=\"true\" aria-invalid=\"false\" placeholder=\"Skola*\" value=\"\" type=\"text\" name=\"your-skola\" \/><\/span><br \/>\n<span class=\"wpcf7-form-control-wrap\" data-name=\"email-744\"><input size=\"40\" maxlength=\"400\" class=\"wpcf7-form-control wpcf7-email wpcf7-validates-as-required wpcf7-text wpcf7-validates-as-email\" aria-required=\"true\" aria-invalid=\"false\" placeholder=\"E-post rektor*\" value=\"\" type=\"email\" name=\"email-744\" \/><\/span><br \/>\n<span class=\"wpcf7-form-control-wrap\" data-name=\"your-subject-teacher\"><input size=\"40\" maxlength=\"400\" class=\"wpcf7-form-control wpcf7-text\" aria-invalid=\"false\" placeholder=\"Namn ansvarig l\u00e4rare*\" value=\"\" type=\"text\" name=\"your-subject-teacher\" \/><\/span><br \/>\n<span class=\"wpcf7-form-control-wrap\" data-name=\"your-email\"><input size=\"40\" maxlength=\"400\" class=\"wpcf7-form-control wpcf7-email wpcf7-validates-as-required wpcf7-text wpcf7-validates-as-email\" aria-required=\"true\" aria-invalid=\"false\" placeholder=\"E-post (skolmejl)*\" value=\"\" type=\"email\" name=\"your-email\" \/><\/span><br \/>\n<span class=\"wpcf7-form-control-wrap\" data-name=\"mobile\"><input size=\"40\" maxlength=\"400\" class=\"wpcf7-form-control wpcf7-tel wpcf7-text wpcf7-validates-as-tel\" aria-invalid=\"false\" placeholder=\"Telefon l\u00e4rare*\" value=\"\" type=\"tel\" name=\"mobile\" \/><\/span>\n\t\t<\/p>\n\t\t<p>\u00d6vrig info*:<label class=\"fullwidth\"><span class=\"wpcf7-form-control-wrap\" data-name=\"your-message\"><textarea cols=\"40\" rows=\"9\" maxlength=\"2000\" class=\"wpcf7-form-control wpcf7-textarea wpcf7-validates-as-required\" aria-required=\"true\" aria-invalid=\"false\" name=\"your-message\"><\/textarea><\/span><\/label><br \/>\n<span data-id=\"group-754\" data-orig_data_id=\"group-754\" data-clear_on_hide class=\"\" data-class=\"wpcf7cf_group\"><span class=\"wpcf7-form-control-wrap\" data-name=\"question\"><select class=\"wpcf7-form-control wpcf7-select wpcf7-validates-as-required required\" id=\"question\" aria-required=\"true\" aria-invalid=\"false\" name=\"question\"><option value=\"\">Vill du f\u00e5 tillg\u00e5ng till inspelad demo om Kartl\u00e4ggaren?*<\/option><option value=\"Ja\">Ja<\/option><option value=\"Nej\">Nej<\/option><\/select><\/span><\/span>\n\t\t<\/p>\n\t\t<div data-id=\"group-653\" data-orig_data_id=\"group-653\"  class=\"\" data-class=\"wpcf7cf_group\">\n\t\t\t<p><span class=\"wpcf7-form-control-wrap\" data-name=\"mystudywebquestion\"><select class=\"wpcf7-form-control wpcf7-select wpcf7-validates-as-required required\" id=\"mystudywebquestion\" aria-required=\"true\" aria-invalid=\"false\" name=\"mystudywebquestion\"><option value=\"\">Vill du f\u00e5 tillg\u00e5ng till inspelad demo om mystudyweb?*<\/option><option value=\"Ja\">Ja<\/option><option value=\"Nej\">Nej<\/option><\/select><\/span>\n\t\t\t<\/p>\n\t\t<\/div>\n\t\t<div class=\"form-group\">\n\t\t\t<p><input class=\"wpcf7-form-control wpcf7-submit has-spinner\" type=\"submit\" value=\"Skicka\" \/>\n\t\t\t<\/p>\n\t\t<\/div>\n\t<\/div>\n<\/div>\n<p><script language=\"javascript\" type=\"text\/javascript\">\n document.addEventListener( 'wpcf7mailsent', function( event ) {\n location = 'https:\/\/mystudyweb.com\/corporate\/test-submission-new\/';\n}, false );\n<\/script>\n<\/p><p style=\"display: none !important;\" class=\"akismet-fields-container\" data-prefix=\"_wpcf7_ak_\"><label>&#916;<textarea name=\"_wpcf7_ak_hp_textarea\" cols=\"45\" rows=\"8\" maxlength=\"100\"><\/textarea><\/label><input type=\"hidden\" id=\"ak_js_1\" name=\"_wpcf7_ak_js\" value=\"8\"\/><script>document.getElementById( \"ak_js_1\" ).setAttribute( \"value\", ( new Date() ).getTime() );<\/script><\/p>\n<\/form>\n<\/div>\n<\/p>\n<\/div>\n<\/div><\/div><\/div><\/div><\/div>","protected":false},"excerpt":{"rendered":"<p>Global t\u00e4vling i matematik f\u00f6r elever i \u00e5rskurs F-9 i SVERIGE F\u00f6r tredje \u00e5ret i rad upprepar vi succ\u00e9n Matific Olympiad. Alla elevers favoritt\u00e4vling i matematik!\u00a0\u00a0Nytt f\u00f6r i \u00e5r \u00e4r att \u00e4ven \u00e5k. 7-9 kan &hellip; <a href=\"https:\/\/mystudyweb.com\/corporate\/tavling\/\" class=\"more-link\">Forts\u00e4tt l\u00e4sa <span class=\"screen-reader-text\">Matific olympiad anm\u00e4lan<\/span> <span class=\"meta-nav\">&rarr;<\/span><\/a><\/p>\n","protected":false},"author":1,"featured_media":9956,"parent":0,"menu_order":0,"comment_status":"closed","ping_status":"closed","template":"page-templates\/template-full-width.php","meta":{"footnotes":""},"class_list":["post-7229","page","type-page","status-publish","has-post-thumbnail","hentry"],"yoast_head":"<!-- This site is optimized with the Yoast SEO Premium plugin v26.5 (Yoast SEO v26.5) - https:\/\/yoast.com\/wordpress\/plugins\/seo\/ -->\n<title>Matific olympiad anm\u00e4lan - mystudyweb<\/title>\n<meta name=\"description\" content=\"F\u00f6r tredje \u00e5ret i rad upprepar vi \ufeffsucc\u00e9n Matific Olympiad. Alla elevers favorit t\u00e4vlig i matematik! Nytt f\u00f6r i \u00e5r \u00e4r att \u00e4ven \u00e5k.7-9 kan delta och t\u00e4vla om fina priser i kategorierna: &quot;B\u00e4sta skolan&quot; och &quot;B\u00e4sta klassen&quot;. Sj\u00e4lvklart f\u00e5r alla deltagande elever diplom.\" \/>\n<meta name=\"robots\" content=\"index, follow, max-snippet:-1, max-image-preview:large, max-video-preview:-1\" \/>\n<link rel=\"canonical\" href=\"https:\/\/mystudyweb.com\/corporate\/tavling\/\" \/>\n<meta property=\"og:locale\" content=\"en_US\" \/>\n<meta property=\"og:type\" content=\"article\" \/>\n<meta property=\"og:title\" content=\"Matific olympiad anm\u00e4lan\" \/>\n<meta property=\"og:description\" content=\"F\u00f6r tredje \u00e5ret i rad upprepar vi \ufeffsucc\u00e9n Matific Olympiad. Alla elevers favorit t\u00e4vlig i matematik! Nytt f\u00f6r i \u00e5r \u00e4r att \u00e4ven \u00e5k.7-9 kan delta och t\u00e4vla om fina priser i kategorierna: &quot;B\u00e4sta skolan&quot; och &quot;B\u00e4sta klassen&quot;. Sj\u00e4lvklart f\u00e5r alla deltagande elever diplom.\" \/>\n<meta property=\"og:url\" content=\"https:\/\/mystudyweb.com\/corporate\/tavling\/\" \/>\n<meta property=\"og:site_name\" content=\"mystudyweb\" \/>\n<meta property=\"article:modified_time\" content=\"2026-03-11T08:52:19+00:00\" \/>\n<meta property=\"og:image\" content=\"https:\/\/mystudyweb-bucket.s3.eu-west-1.amazonaws.com\/corporate\/wp-content\/uploads\/2026\/03\/06173304\/Banner-Matific-Olympiad-2026-1.jpg\" \/>\n\t<meta property=\"og:image:width\" content=\"859\" \/>\n\t<meta property=\"og:image:height\" content=\"357\" \/>\n\t<meta property=\"og:image:type\" content=\"image\/jpeg\" \/>\n<meta name=\"twitter:card\" content=\"summary_large_image\" \/>\n<meta name=\"twitter:label1\" content=\"Est. reading time\" \/>\n\t<meta name=\"twitter:data1\" content=\"2 minutes\" \/>\n<script type=\"application\/ld+json\" class=\"yoast-schema-graph\">{\"@context\":\"https:\/\/schema.org\",\"@graph\":[{\"@type\":\"WebPage\",\"@id\":\"https:\/\/mystudyweb.com\/corporate\/tavling\/\",\"url\":\"https:\/\/mystudyweb.com\/corporate\/tavling\/\",\"name\":\"Matific olympiad anm\u00e4lan - mystudyweb\",\"isPartOf\":{\"@id\":\"https:\/\/mystudyweb.com\/corporate\/#website\"},\"primaryImageOfPage\":{\"@id\":\"https:\/\/mystudyweb.com\/corporate\/tavling\/#primaryimage\"},\"image\":{\"@id\":\"https:\/\/mystudyweb.com\/corporate\/tavling\/#primaryimage\"},\"thumbnailUrl\":\"https:\/\/mystudyweb-bucket.s3.eu-west-1.amazonaws.com\/corporate\/wp-content\/uploads\/2026\/03\/06173304\/Banner-Matific-Olympiad-2026-1.jpg\",\"datePublished\":\"2024-04-25T13:25:09+00:00\",\"dateModified\":\"2026-03-11T08:52:19+00:00\",\"description\":\"F\u00f6r tredje \u00e5ret i rad upprepar vi \ufeffsucc\u00e9n Matific Olympiad. Alla elevers favorit t\u00e4vlig i matematik! Nytt f\u00f6r i \u00e5r \u00e4r att \u00e4ven \u00e5k.7-9 kan delta och t\u00e4vla om fina priser i kategorierna: \\\"B\u00e4sta skolan\\\" och \\\"B\u00e4sta klassen\\\". Sj\u00e4lvklart f\u00e5r alla deltagande elever diplom.\",\"breadcrumb\":{\"@id\":\"https:\/\/mystudyweb.com\/corporate\/tavling\/#breadcrumb\"},\"inLanguage\":\"en-US\",\"potentialAction\":[{\"@type\":\"ReadAction\",\"target\":[\"https:\/\/mystudyweb.com\/corporate\/tavling\/\"]}]},{\"@type\":\"ImageObject\",\"inLanguage\":\"en-US\",\"@id\":\"https:\/\/mystudyweb.com\/corporate\/tavling\/#primaryimage\",\"url\":\"https:\/\/mystudyweb-bucket.s3.eu-west-1.amazonaws.com\/corporate\/wp-content\/uploads\/2026\/03\/06173304\/Banner-Matific-Olympiad-2026-1.jpg\",\"contentUrl\":\"https:\/\/mystudyweb-bucket.s3.eu-west-1.amazonaws.com\/corporate\/wp-content\/uploads\/2026\/03\/06173304\/Banner-Matific-Olympiad-2026-1.jpg\",\"width\":859,\"height\":357},{\"@type\":\"BreadcrumbList\",\"@id\":\"https:\/\/mystudyweb.com\/corporate\/tavling\/#breadcrumb\",\"itemListElement\":[{\"@type\":\"ListItem\",\"position\":1,\"name\":\"Home\",\"item\":\"https:\/\/mystudyweb.com\/corporate\/\"},{\"@type\":\"ListItem\",\"position\":2,\"name\":\"Matific olympiad anm\u00e4lan\"}]},{\"@type\":\"WebSite\",\"@id\":\"https:\/\/mystudyweb.com\/corporate\/#website\",\"url\":\"https:\/\/mystudyweb.com\/corporate\/\",\"name\":\"mystudyweb\",\"description\":\"\",\"publisher\":{\"@id\":\"https:\/\/mystudyweb.com\/corporate\/#organization\"},\"potentialAction\":[{\"@type\":\"SearchAction\",\"target\":{\"@type\":\"EntryPoint\",\"urlTemplate\":\"https:\/\/mystudyweb.com\/corporate\/?s={search_term_string}\"},\"query-input\":{\"@type\":\"PropertyValueSpecification\",\"valueRequired\":true,\"valueName\":\"search_term_string\"}}],\"inLanguage\":\"en-US\"},{\"@type\":\"Organization\",\"@id\":\"https:\/\/mystudyweb.com\/corporate\/#organization\",\"name\":\"mystudyweb\",\"url\":\"https:\/\/mystudyweb.com\/corporate\/\",\"logo\":{\"@type\":\"ImageObject\",\"inLanguage\":\"en-US\",\"@id\":\"https:\/\/mystudyweb.com\/corporate\/#\/schema\/logo\/image\/\",\"url\":\"https:\/\/mystudyweb.com\/corporate\/wp-content\/uploads\/2016\/12\/cropped-logo.jpg\",\"contentUrl\":\"https:\/\/mystudyweb.com\/corporate\/wp-content\/uploads\/2016\/12\/cropped-logo.jpg\",\"width\":466,\"height\":55,\"caption\":\"mystudyweb\"},\"image\":{\"@id\":\"https:\/\/mystudyweb.com\/corporate\/#\/schema\/logo\/image\/\"}}]}<\/script>\n<!-- \/ Yoast SEO Premium plugin. -->","yoast_head_json":{"title":"Matific olympiad anm\u00e4lan - mystudyweb","description":"F\u00f6r tredje \u00e5ret i rad upprepar vi \ufeffsucc\u00e9n Matific Olympiad. Alla elevers favorit t\u00e4vlig i matematik! Nytt f\u00f6r i \u00e5r \u00e4r att \u00e4ven \u00e5k.7-9 kan delta och t\u00e4vla om fina priser i kategorierna: \"B\u00e4sta skolan\" och \"B\u00e4sta klassen\". Sj\u00e4lvklart f\u00e5r alla deltagande elever diplom.","robots":{"index":"index","follow":"follow","max-snippet":"max-snippet:-1","max-image-preview":"max-image-preview:large","max-video-preview":"max-video-preview:-1"},"canonical":"https:\/\/mystudyweb.com\/corporate\/tavling\/","og_locale":"en_US","og_type":"article","og_title":"Matific olympiad anm\u00e4lan","og_description":"F\u00f6r tredje \u00e5ret i rad upprepar vi \ufeffsucc\u00e9n Matific Olympiad. Alla elevers favorit t\u00e4vlig i matematik! Nytt f\u00f6r i \u00e5r \u00e4r att \u00e4ven \u00e5k.7-9 kan delta och t\u00e4vla om fina priser i kategorierna: \"B\u00e4sta skolan\" och \"B\u00e4sta klassen\". Sj\u00e4lvklart f\u00e5r alla deltagande elever diplom.","og_url":"https:\/\/mystudyweb.com\/corporate\/tavling\/","og_site_name":"mystudyweb","article_modified_time":"2026-03-11T08:52:19+00:00","og_image":[{"width":859,"height":357,"url":"https:\/\/mystudyweb-bucket.s3.eu-west-1.amazonaws.com\/corporate\/wp-content\/uploads\/2026\/03\/06173304\/Banner-Matific-Olympiad-2026-1.jpg","type":"image\/jpeg"}],"twitter_card":"summary_large_image","twitter_misc":{"Est. reading time":"2 minutes"},"schema":{"@context":"https:\/\/schema.org","@graph":[{"@type":"WebPage","@id":"https:\/\/mystudyweb.com\/corporate\/tavling\/","url":"https:\/\/mystudyweb.com\/corporate\/tavling\/","name":"Matific olympiad anm\u00e4lan - mystudyweb","isPartOf":{"@id":"https:\/\/mystudyweb.com\/corporate\/#website"},"primaryImageOfPage":{"@id":"https:\/\/mystudyweb.com\/corporate\/tavling\/#primaryimage"},"image":{"@id":"https:\/\/mystudyweb.com\/corporate\/tavling\/#primaryimage"},"thumbnailUrl":"https:\/\/mystudyweb-bucket.s3.eu-west-1.amazonaws.com\/corporate\/wp-content\/uploads\/2026\/03\/06173304\/Banner-Matific-Olympiad-2026-1.jpg","datePublished":"2024-04-25T13:25:09+00:00","dateModified":"2026-03-11T08:52:19+00:00","description":"F\u00f6r tredje \u00e5ret i rad upprepar vi \ufeffsucc\u00e9n Matific Olympiad. Alla elevers favorit t\u00e4vlig i matematik! Nytt f\u00f6r i \u00e5r \u00e4r att \u00e4ven \u00e5k.7-9 kan delta och t\u00e4vla om fina priser i kategorierna: \"B\u00e4sta skolan\" och \"B\u00e4sta klassen\". Sj\u00e4lvklart f\u00e5r alla deltagande elever diplom.","breadcrumb":{"@id":"https:\/\/mystudyweb.com\/corporate\/tavling\/#breadcrumb"},"inLanguage":"en-US","potentialAction":[{"@type":"ReadAction","target":["https:\/\/mystudyweb.com\/corporate\/tavling\/"]}]},{"@type":"ImageObject","inLanguage":"en-US","@id":"https:\/\/mystudyweb.com\/corporate\/tavling\/#primaryimage","url":"https:\/\/mystudyweb-bucket.s3.eu-west-1.amazonaws.com\/corporate\/wp-content\/uploads\/2026\/03\/06173304\/Banner-Matific-Olympiad-2026-1.jpg","contentUrl":"https:\/\/mystudyweb-bucket.s3.eu-west-1.amazonaws.com\/corporate\/wp-content\/uploads\/2026\/03\/06173304\/Banner-Matific-Olympiad-2026-1.jpg","width":859,"height":357},{"@type":"BreadcrumbList","@id":"https:\/\/mystudyweb.com\/corporate\/tavling\/#breadcrumb","itemListElement":[{"@type":"ListItem","position":1,"name":"Home","item":"https:\/\/mystudyweb.com\/corporate\/"},{"@type":"ListItem","position":2,"name":"Matific olympiad anm\u00e4lan"}]},{"@type":"WebSite","@id":"https:\/\/mystudyweb.com\/corporate\/#website","url":"https:\/\/mystudyweb.com\/corporate\/","name":"mystudyweb","description":"","publisher":{"@id":"https:\/\/mystudyweb.com\/corporate\/#organization"},"potentialAction":[{"@type":"SearchAction","target":{"@type":"EntryPoint","urlTemplate":"https:\/\/mystudyweb.com\/corporate\/?s={search_term_string}"},"query-input":{"@type":"PropertyValueSpecification","valueRequired":true,"valueName":"search_term_string"}}],"inLanguage":"en-US"},{"@type":"Organization","@id":"https:\/\/mystudyweb.com\/corporate\/#organization","name":"mystudyweb","url":"https:\/\/mystudyweb.com\/corporate\/","logo":{"@type":"ImageObject","inLanguage":"en-US","@id":"https:\/\/mystudyweb.com\/corporate\/#\/schema\/logo\/image\/","url":"https:\/\/mystudyweb.com\/corporate\/wp-content\/uploads\/2016\/12\/cropped-logo.jpg","contentUrl":"https:\/\/mystudyweb.com\/corporate\/wp-content\/uploads\/2016\/12\/cropped-logo.jpg","width":466,"height":55,"caption":"mystudyweb"},"image":{"@id":"https:\/\/mystudyweb.com\/corporate\/#\/schema\/logo\/image\/"}}]}},"_links":{"self":[{"href":"https:\/\/mystudyweb.com\/corporate\/wp-json\/wp\/v2\/pages\/7229","targetHints":{"allow":["GET"]}}],"collection":[{"href":"https:\/\/mystudyweb.com\/corporate\/wp-json\/wp\/v2\/pages"}],"about":[{"href":"https:\/\/mystudyweb.com\/corporate\/wp-json\/wp\/v2\/types\/page"}],"author":[{"embeddable":true,"href":"https:\/\/mystudyweb.com\/corporate\/wp-json\/wp\/v2\/users\/1"}],"replies":[{"embeddable":true,"href":"https:\/\/mystudyweb.com\/corporate\/wp-json\/wp\/v2\/comments?post=7229"}],"version-history":[{"count":47,"href":"https:\/\/mystudyweb.com\/corporate\/wp-json\/wp\/v2\/pages\/7229\/revisions"}],"predecessor-version":[{"id":9995,"href":"https:\/\/mystudyweb.com\/corporate\/wp-json\/wp\/v2\/pages\/7229\/revisions\/9995"}],"wp:featuredmedia":[{"embeddable":true,"href":"https:\/\/mystudyweb.com\/corporate\/wp-json\/wp\/v2\/media\/9956"}],"wp:attachment":[{"href":"https:\/\/mystudyweb.com\/corporate\/wp-json\/wp\/v2\/media?parent=7229"}],"curies":[{"name":"wp","href":"https:\/\/api.w.org\/{rel}","templated":true}]}}