{"id":76,"date":"2016-12-13T05:02:10","date_gmt":"2016-12-13T05:02:10","guid":{"rendered":"https:\/\/mystudyweb.com\/?page_id=76"},"modified":"2026-04-10T13:29:18","modified_gmt":"2026-04-10T13:29:18","slug":"testa","status":"publish","type":"page","link":"https:\/\/mystudyweb.com\/corporate\/testa\/","title":{"rendered":"TESTA \/ BOKA DEMO"},"content":{"rendered":"<h1>Testa<\/h1>\n<p>Fyll i dina uppgifter i formul\u00e4ret nedan f\u00f6r att komma ig\u00e5ng med test av v\u00e5ra produkter.<\/p>\n\n<div class=\"wpcf7 no-js\" id=\"wpcf7-f131-o1\" lang=\"en-US\" dir=\"ltr\" data-wpcf7-id=\"131\">\n<div class=\"screen-reader-response\"><p role=\"status\" aria-live=\"polite\" aria-atomic=\"true\"><\/p> <ul><\/ul><\/div>\n<form action=\"\/corporate\/wp-json\/wp\/v2\/pages\/76#wpcf7-f131-o1\" method=\"post\" class=\"wpcf7-form init\" aria-label=\"Contact form\" novalidate=\"novalidate\" data-status=\"init\">\n<fieldset class=\"hidden-fields-container\"><input type=\"hidden\" name=\"_wpcf7\" value=\"131\" \/><input type=\"hidden\" name=\"_wpcf7_version\" value=\"6.1.4\" \/><input type=\"hidden\" name=\"_wpcf7_locale\" value=\"en_US\" \/><input type=\"hidden\" name=\"_wpcf7_unit_tag\" value=\"wpcf7-f131-o1\" \/><input type=\"hidden\" name=\"_wpcf7_container_post\" value=\"0\" \/><input type=\"hidden\" name=\"_wpcf7_posted_data_hash\" value=\"\" \/><input type=\"hidden\" name=\"_wpcf7cf_hidden_group_fields\" value=\"[]\" \/><input type=\"hidden\" name=\"_wpcf7cf_hidden_groups\" value=\"[]\" \/><input type=\"hidden\" name=\"_wpcf7cf_visible_groups\" value=\"[]\" \/><input type=\"hidden\" name=\"_wpcf7cf_repeaters\" value=\"[]\" \/><input type=\"hidden\" name=\"_wpcf7cf_steps\" value=\"{}\" \/><input type=\"hidden\" name=\"_wpcf7cf_options\" value=\"{&quot;form_id&quot;:131,&quot;conditions&quot;:[{&quot;then_field&quot;:&quot;group-754&quot;,&quot;and_rules&quot;:[{&quot;if_field&quot;:&quot;product&quot;,&quot;operator&quot;:&quot;equals&quot;,&quot;if_value&quot;:&quot;Kartl\\u00e4ggaren&quot;}]},{&quot;then_field&quot;:&quot;group-653&quot;,&quot;and_rules&quot;:[{&quot;if_field&quot;:&quot;product&quot;,&quot;operator&quot;:&quot;equals&quot;,&quot;if_value&quot;:&quot;mystudyweb&quot;}]},{&quot;then_field&quot;:&quot;group-755&quot;,&quot;and_rules&quot;:[{&quot;if_field&quot;:&quot;product&quot;,&quot;operator&quot;:&quot;equals&quot;,&quot;if_value&quot;:&quot;Matific&quot;}]}],&quot;settings&quot;:{&quot;animation&quot;:&quot;yes&quot;,&quot;animation_intime&quot;:200,&quot;animation_outtime&quot;:200,&quot;conditions_ui&quot;:&quot;normal&quot;,&quot;notice_dismissed&quot;:false}}\" \/><input type=\"hidden\" name=\"_wpcf7_recaptcha_response\" value=\"\" \/>\n<\/fieldset>\n<div class=\"contactContainer row\">\n<!--<div class=\"response_testa\"><div class=\"wpcf7-response-output\" aria-hidden=\"true\"><\/div><\/div>-->\n\t<div class=\"col-sm-6\">\n\t\t<p><span class=\"wpcf7-form-control-wrap\" data-name=\"your-skola\"><input size=\"40\" maxlength=\"400\" class=\"wpcf7-form-control wpcf7-text wpcf7-validates-as-required\" aria-required=\"true\" aria-invalid=\"false\" placeholder=\"Skola*\" value=\"\" type=\"text\" name=\"your-skola\" \/><\/span>\n\t\t<\/p>\n\t\t<p><span class=\"wpcf7-form-control-wrap\" data-name=\"your-name\"><input size=\"40\" maxlength=\"400\" class=\"wpcf7-form-control wpcf7-text wpcf7-validates-as-required\" aria-required=\"true\" aria-invalid=\"false\" placeholder=\"Namn*\" value=\"\" type=\"text\" name=\"your-name\" \/><\/span>\n\t\t<\/p>\n\t\t<p><span class=\"wpcf7-form-control-wrap\" data-name=\"title\"><select class=\"wpcf7-form-control wpcf7-select wpcf7-validates-as-required\" aria-required=\"true\" aria-invalid=\"false\" name=\"title\"><option value=\"\">Titel*<\/option><option value=\"L\u00e4rare\">L\u00e4rare<\/option><option value=\"L\u00e4rare F-3\">L\u00e4rare F-3<\/option><option value=\"L\u00e4rare 4-6\">L\u00e4rare 4-6<\/option><option value=\"L\u00e4rare 7-9\">L\u00e4rare 7-9<\/option><option value=\"L\u00e4rare Gy\">L\u00e4rare Gy<\/option><option value=\"Speciall\u00e4rare\/Specialpedagog\">Speciall\u00e4rare\/Specialpedagog<\/option><option value=\"IT-pedagog\/IT-ansvarig\">IT-pedagog\/IT-ansvarig<\/option><option value=\"Bitr\u00e4dande rektor\">Bitr\u00e4dande rektor<\/option><option value=\"Rektor\">Rektor<\/option><option value=\"\u00d6vrigt\">\u00d6vrigt<\/option><\/select><\/span>\n\t\t<\/p>\n\t\t<div>\n\t\t\t<p><label style=\"font-weight: 300; font-size: 16px; font-family: 'Cabin', Helvetica, sans-serif;\">\u00c4mne l\u00e4rare:<\/label>\n\t\t\t<\/p>\n\t\t\t<p><span class=\"wpcf7-form-control-wrap\" data-name=\"Amne-larare\"><span class=\"wpcf7-form-control wpcf7-checkbox\" id=\"amneLarareCheckBox\"><span class=\"wpcf7-list-item first\"><label><input type=\"checkbox\" name=\"Amne-larare[]\" value=\"Matematik\" \/><span class=\"wpcf7-list-item-label\">Matematik<\/span><\/label><\/span><span class=\"wpcf7-list-item\"><label><input type=\"checkbox\" name=\"Amne-larare[]\" value=\"Svenska\" \/><span class=\"wpcf7-list-item-label\">Svenska<\/span><\/label><\/span><span class=\"wpcf7-list-item\"><label><input type=\"checkbox\" name=\"Amne-larare[]\" value=\"Engelska\" \/><span class=\"wpcf7-list-item-label\">Engelska<\/span><\/label><\/span><span class=\"wpcf7-list-item\"><label><input type=\"checkbox\" name=\"Amne-larare[]\" value=\"NO\" \/><span class=\"wpcf7-list-item-label\">NO<\/span><\/label><\/span><span class=\"wpcf7-list-item last\"><label><input type=\"checkbox\" name=\"Amne-larare[]\" value=\"SO\" \/><span class=\"wpcf7-list-item-label\">SO<\/span><\/label><\/span><\/span><\/span>\n\t\t\t<\/p>\n\t\t<\/div>\n\t\t<p><span class=\"wpcf7-form-control-wrap\" data-name=\"your-email\"><input size=\"40\" maxlength=\"400\" class=\"wpcf7-form-control wpcf7-email wpcf7-validates-as-required wpcf7-text wpcf7-validates-as-email\" aria-required=\"true\" aria-invalid=\"false\" placeholder=\"E-post (skolmejl)*\" value=\"\" type=\"email\" name=\"your-email\" \/><\/span>\n\t\t<\/p>\n\t\t<p><span class=\"wpcf7-form-control-wrap\" data-name=\"mobile\"><input size=\"40\" maxlength=\"400\" class=\"wpcf7-form-control wpcf7-tel wpcf7-text wpcf7-validates-as-tel\" aria-invalid=\"false\" placeholder=\"Telefon\" value=\"\" type=\"tel\" name=\"mobile\" \/><\/span>\n\t\t<\/p>\n\t<\/div>\n\t<div class=\"col-sm-6 secondcol\">\n\t\t<p><span class=\"wpcf7-form-control-wrap\" data-name=\"product\"><select class=\"wpcf7-form-control wpcf7-select wpcf7-validates-as-required required\" id=\"product\" aria-required=\"true\" aria-invalid=\"false\" name=\"product\"><option value=\"\">V\u00e4lj produkt *<\/option><option value=\"CAT4\">CAT4<\/option><option value=\"iMAL\">iMAL<\/option><option value=\"Kartl\u00e4ggaren\">Kartl\u00e4ggaren<\/option><option value=\"LearnLab\">LearnLab<\/option><option value=\"Matific\">Matific<\/option><option value=\"Mozaik\">Mozaik<\/option><option value=\"mystudyweb\">mystudyweb<\/option><option value=\"PASS\">PASS<\/option><option value=\"Skriv och l\u00e4s\">Skriv och l\u00e4s<\/option><\/select><\/span>\n\t\t<\/p>\n\t\t<div>\n\t\t\t<p>Bakgrund till test:*\n\t\t\t<\/p>\n\t\t<\/div>\n\t\t<p><label class=\"fullwidth\"><span class=\"wpcf7-form-control-wrap\" data-name=\"your-message\"><textarea cols=\"40\" rows=\"9\" maxlength=\"2000\" class=\"wpcf7-form-control wpcf7-textarea wpcf7-validates-as-required\" aria-required=\"true\" aria-invalid=\"false\" name=\"your-message\"><\/textarea><\/span><\/label>\n\t\t<\/p>\n\t\t<p><span data-id=\"group-754\" data-orig_data_id=\"group-754\" data-clear_on_hide class=\"\" data-class=\"wpcf7cf_group\"><span class=\"wpcf7-form-control-wrap\" data-name=\"question\"><select class=\"wpcf7-form-control wpcf7-select wpcf7-validates-as-required required\" id=\"question\" aria-required=\"true\" aria-invalid=\"false\" name=\"question\"><option value=\"\">Vill du f\u00e5 tillg\u00e5ng till inspelad demo om Kartl\u00e4ggaren?*<\/option><option value=\"Ja\">Ja<\/option><option value=\"Nej\">Nej<\/option><\/select><\/span><\/span>\n\t\t<\/p>\n\t\t<p><span data-id=\"group-755\" data-orig_data_id=\"group-755\" data-clear_on_hide class=\"\" data-class=\"wpcf7cf_group\"><span class=\"wpcf7-form-control-wrap\" data-name=\"Matificquestion\"><select class=\"wpcf7-form-control wpcf7-select wpcf7-validates-as-required required\" id=\"Matificquestion\" aria-required=\"true\" aria-invalid=\"false\" name=\"Matificquestion\"><option value=\"\">Vill du f\u00e5 tillg\u00e5ng till inspelad demo om Matific?*<\/option><option value=\"Ja\">Ja<\/option><option value=\"Nej\">Nej<\/option><\/select><\/span><\/span>\n\t\t<\/p>\n\t\t<div data-id=\"group-653\" data-orig_data_id=\"group-653\"  class=\"\" data-class=\"wpcf7cf_group\">\n\t\t\t<p><span class=\"wpcf7-form-control-wrap\" data-name=\"mystudywebquestion\"><select class=\"wpcf7-form-control wpcf7-select wpcf7-validates-as-required required\" id=\"mystudywebquestion\" aria-required=\"true\" aria-invalid=\"false\" name=\"mystudywebquestion\"><option value=\"\">Vill du f\u00e5 tillg\u00e5ng till inspelad demo om mystudyweb?*<\/option><option value=\"Ja\">Ja<\/option><option value=\"Nej\">Nej<\/option><\/select><\/span>\n\t\t\t<\/p>\n\t\t<\/div>\n\t\t<div class=\"form-group\">\n\t\t\t<p><input class=\"wpcf7-form-control wpcf7-submit has-spinner\" type=\"submit\" value=\"Skicka\" \/>\n\t\t\t<\/p>\n\t\t<\/div>\n\t<\/div>\n<\/div>\n<p><script language=\"javascript\" type=\"text\/javascript\">\n\n document.addEventListener( 'wpcf7mailsent', function( event ) {\n\n location = 'https:\/\/mystudyweb.com\/corporate\/test-submission\/';\n\n}, false );\n<\/script>\n<\/p><p style=\"display: none !important;\" class=\"akismet-fields-container\" data-prefix=\"_wpcf7_ak_\"><label>&#916;<textarea name=\"_wpcf7_ak_hp_textarea\" cols=\"45\" rows=\"8\" maxlength=\"100\"><\/textarea><\/label><input type=\"hidden\" id=\"ak_js_1\" name=\"_wpcf7_ak_js\" value=\"162\"\/><script>document.getElementById( \"ak_js_1\" ).setAttribute( \"value\", ( new Date() ).getTime() );<\/script><\/p>\n<\/form>\n<\/div>\n\n<h2>Demo<\/h2>\n<p>Boka 30 minuter demo\u00a0f\u00f6r presentation av produkt samt diskussion.<\/p>\n<div><\/div>\n<p style=\"text-align: center; padding: 10px 0px 0px 147px;\"><a href=\"https:\/\/calendly.com\/mystudyweb-jessica\/30min\" target=\"_blank\" rel=\"noopener\"><input type=\"button\" value=\"BOKA\" \/><\/a><\/p>\n<p>&nbsp;<\/p>\n<p>&nbsp;<\/p>\n","protected":false},"excerpt":{"rendered":"<p>Testa Fyll i dina uppgifter i formul\u00e4ret nedan f\u00f6r att komma ig\u00e5ng med test av v\u00e5ra produkter. Demo Boka 30 minuter demo\u00a0f\u00f6r presentation av produkt samt diskussion. &nbsp; &nbsp;<\/p>\n","protected":false},"author":1,"featured_media":0,"parent":0,"menu_order":0,"comment_status":"closed","ping_status":"closed","template":"page-templates\/template-full-width.php","meta":{"footnotes":""},"class_list":["post-76","page","type-page","status-publish","hentry"],"yoast_head":"<!-- This site is optimized with the Yoast SEO Premium plugin v26.5 (Yoast SEO v26.5) - https:\/\/yoast.com\/wordpress\/plugins\/seo\/ -->\n<title>Testa mystudywebs produkter kostnadsfritt innan k\u00f6p<\/title>\n<meta name=\"description\" content=\"Vi erbjuder kostnadsfria test av Kartl\u00e4ggaren och mystudyweb. F\u00f6r att testa PASS eller CAT4 beh\u00f6ver ni boka en demo f\u00f6rst.\" \/>\n<meta name=\"robots\" content=\"index, follow, max-snippet:-1, max-image-preview:large, max-video-preview:-1\" \/>\n<link rel=\"canonical\" href=\"https:\/\/mystudyweb.com\/corporate\/testa\/\" \/>\n<meta property=\"og:locale\" content=\"en_US\" \/>\n<meta property=\"og:type\" content=\"article\" \/>\n<meta property=\"og:title\" content=\"TESTA \/ BOKA DEMO\" \/>\n<meta property=\"og:description\" content=\"Vi erbjuder kostnadsfria test av Kartl\u00e4ggaren och mystudyweb. F\u00f6r att testa PASS eller CAT4 beh\u00f6ver ni boka en demo f\u00f6rst.\" \/>\n<meta property=\"og:url\" content=\"https:\/\/mystudyweb.com\/corporate\/testa\/\" \/>\n<meta property=\"og:site_name\" content=\"mystudyweb\" \/>\n<meta property=\"article:modified_time\" content=\"2026-04-10T13:29:18+00:00\" \/>\n<meta name=\"twitter:card\" content=\"summary_large_image\" \/>\n<meta name=\"twitter:label1\" content=\"Est. reading time\" \/>\n\t<meta name=\"twitter:data1\" content=\"1 minute\" \/>\n<script type=\"application\/ld+json\" class=\"yoast-schema-graph\">{\"@context\":\"https:\/\/schema.org\",\"@graph\":[{\"@type\":\"WebPage\",\"@id\":\"https:\/\/mystudyweb.com\/corporate\/testa\/\",\"url\":\"https:\/\/mystudyweb.com\/corporate\/testa\/\",\"name\":\"Testa mystudywebs produkter kostnadsfritt innan k\u00f6p\",\"isPartOf\":{\"@id\":\"https:\/\/mystudyweb.com\/corporate\/#website\"},\"datePublished\":\"2016-12-13T05:02:10+00:00\",\"dateModified\":\"2026-04-10T13:29:18+00:00\",\"description\":\"Vi erbjuder kostnadsfria test av Kartl\u00e4ggaren och mystudyweb. F\u00f6r att testa PASS eller CAT4 beh\u00f6ver ni boka en demo f\u00f6rst.\",\"breadcrumb\":{\"@id\":\"https:\/\/mystudyweb.com\/corporate\/testa\/#breadcrumb\"},\"inLanguage\":\"en-US\",\"potentialAction\":[{\"@type\":\"ReadAction\",\"target\":[\"https:\/\/mystudyweb.com\/corporate\/testa\/\"]}]},{\"@type\":\"BreadcrumbList\",\"@id\":\"https:\/\/mystudyweb.com\/corporate\/testa\/#breadcrumb\",\"itemListElement\":[{\"@type\":\"ListItem\",\"position\":1,\"name\":\"Home\",\"item\":\"https:\/\/mystudyweb.com\/corporate\/\"},{\"@type\":\"ListItem\",\"position\":2,\"name\":\"TESTA \/ BOKA DEMO\"}]},{\"@type\":\"WebSite\",\"@id\":\"https:\/\/mystudyweb.com\/corporate\/#website\",\"url\":\"https:\/\/mystudyweb.com\/corporate\/\",\"name\":\"mystudyweb\",\"description\":\"\",\"publisher\":{\"@id\":\"https:\/\/mystudyweb.com\/corporate\/#organization\"},\"potentialAction\":[{\"@type\":\"SearchAction\",\"target\":{\"@type\":\"EntryPoint\",\"urlTemplate\":\"https:\/\/mystudyweb.com\/corporate\/?s={search_term_string}\"},\"query-input\":{\"@type\":\"PropertyValueSpecification\",\"valueRequired\":true,\"valueName\":\"search_term_string\"}}],\"inLanguage\":\"en-US\"},{\"@type\":\"Organization\",\"@id\":\"https:\/\/mystudyweb.com\/corporate\/#organization\",\"name\":\"mystudyweb\",\"url\":\"https:\/\/mystudyweb.com\/corporate\/\",\"logo\":{\"@type\":\"ImageObject\",\"inLanguage\":\"en-US\",\"@id\":\"https:\/\/mystudyweb.com\/corporate\/#\/schema\/logo\/image\/\",\"url\":\"https:\/\/mystudyweb.com\/corporate\/wp-content\/uploads\/2016\/12\/cropped-logo.jpg\",\"contentUrl\":\"https:\/\/mystudyweb.com\/corporate\/wp-content\/uploads\/2016\/12\/cropped-logo.jpg\",\"width\":466,\"height\":55,\"caption\":\"mystudyweb\"},\"image\":{\"@id\":\"https:\/\/mystudyweb.com\/corporate\/#\/schema\/logo\/image\/\"}}]}<\/script>\n<!-- \/ Yoast SEO Premium plugin. -->","yoast_head_json":{"title":"Testa mystudywebs produkter kostnadsfritt innan k\u00f6p","description":"Vi erbjuder kostnadsfria test av Kartl\u00e4ggaren och mystudyweb. F\u00f6r att testa PASS eller CAT4 beh\u00f6ver ni boka en demo f\u00f6rst.","robots":{"index":"index","follow":"follow","max-snippet":"max-snippet:-1","max-image-preview":"max-image-preview:large","max-video-preview":"max-video-preview:-1"},"canonical":"https:\/\/mystudyweb.com\/corporate\/testa\/","og_locale":"en_US","og_type":"article","og_title":"TESTA \/ BOKA DEMO","og_description":"Vi erbjuder kostnadsfria test av Kartl\u00e4ggaren och mystudyweb. F\u00f6r att testa PASS eller CAT4 beh\u00f6ver ni boka en demo f\u00f6rst.","og_url":"https:\/\/mystudyweb.com\/corporate\/testa\/","og_site_name":"mystudyweb","article_modified_time":"2026-04-10T13:29:18+00:00","twitter_card":"summary_large_image","twitter_misc":{"Est. reading time":"1 minute"},"schema":{"@context":"https:\/\/schema.org","@graph":[{"@type":"WebPage","@id":"https:\/\/mystudyweb.com\/corporate\/testa\/","url":"https:\/\/mystudyweb.com\/corporate\/testa\/","name":"Testa mystudywebs produkter kostnadsfritt innan k\u00f6p","isPartOf":{"@id":"https:\/\/mystudyweb.com\/corporate\/#website"},"datePublished":"2016-12-13T05:02:10+00:00","dateModified":"2026-04-10T13:29:18+00:00","description":"Vi erbjuder kostnadsfria test av Kartl\u00e4ggaren och mystudyweb. F\u00f6r att testa PASS eller CAT4 beh\u00f6ver ni boka en demo f\u00f6rst.","breadcrumb":{"@id":"https:\/\/mystudyweb.com\/corporate\/testa\/#breadcrumb"},"inLanguage":"en-US","potentialAction":[{"@type":"ReadAction","target":["https:\/\/mystudyweb.com\/corporate\/testa\/"]}]},{"@type":"BreadcrumbList","@id":"https:\/\/mystudyweb.com\/corporate\/testa\/#breadcrumb","itemListElement":[{"@type":"ListItem","position":1,"name":"Home","item":"https:\/\/mystudyweb.com\/corporate\/"},{"@type":"ListItem","position":2,"name":"TESTA \/ BOKA DEMO"}]},{"@type":"WebSite","@id":"https:\/\/mystudyweb.com\/corporate\/#website","url":"https:\/\/mystudyweb.com\/corporate\/","name":"mystudyweb","description":"","publisher":{"@id":"https:\/\/mystudyweb.com\/corporate\/#organization"},"potentialAction":[{"@type":"SearchAction","target":{"@type":"EntryPoint","urlTemplate":"https:\/\/mystudyweb.com\/corporate\/?s={search_term_string}"},"query-input":{"@type":"PropertyValueSpecification","valueRequired":true,"valueName":"search_term_string"}}],"inLanguage":"en-US"},{"@type":"Organization","@id":"https:\/\/mystudyweb.com\/corporate\/#organization","name":"mystudyweb","url":"https:\/\/mystudyweb.com\/corporate\/","logo":{"@type":"ImageObject","inLanguage":"en-US","@id":"https:\/\/mystudyweb.com\/corporate\/#\/schema\/logo\/image\/","url":"https:\/\/mystudyweb.com\/corporate\/wp-content\/uploads\/2016\/12\/cropped-logo.jpg","contentUrl":"https:\/\/mystudyweb.com\/corporate\/wp-content\/uploads\/2016\/12\/cropped-logo.jpg","width":466,"height":55,"caption":"mystudyweb"},"image":{"@id":"https:\/\/mystudyweb.com\/corporate\/#\/schema\/logo\/image\/"}}]}},"_links":{"self":[{"href":"https:\/\/mystudyweb.com\/corporate\/wp-json\/wp\/v2\/pages\/76","targetHints":{"allow":["GET"]}}],"collection":[{"href":"https:\/\/mystudyweb.com\/corporate\/wp-json\/wp\/v2\/pages"}],"about":[{"href":"https:\/\/mystudyweb.com\/corporate\/wp-json\/wp\/v2\/types\/page"}],"author":[{"embeddable":true,"href":"https:\/\/mystudyweb.com\/corporate\/wp-json\/wp\/v2\/users\/1"}],"replies":[{"embeddable":true,"href":"https:\/\/mystudyweb.com\/corporate\/wp-json\/wp\/v2\/comments?post=76"}],"version-history":[{"count":51,"href":"https:\/\/mystudyweb.com\/corporate\/wp-json\/wp\/v2\/pages\/76\/revisions"}],"predecessor-version":[{"id":10048,"href":"https:\/\/mystudyweb.com\/corporate\/wp-json\/wp\/v2\/pages\/76\/revisions\/10048"}],"wp:attachment":[{"href":"https:\/\/mystudyweb.com\/corporate\/wp-json\/wp\/v2\/media?parent=76"}],"curies":[{"name":"wp","href":"https:\/\/api.w.org\/{rel}","templated":true}]}}