{"id":8521,"date":"2024-12-02T14:34:16","date_gmt":"2024-12-02T14:34:16","guid":{"rendered":"https:\/\/mystudyweb.com\/corporate\/?page_id=8521"},"modified":"2025-12-19T08:18:10","modified_gmt":"2025-12-19T08:18:10","slug":"lasrum-sverige","status":"publish","type":"page","link":"https:\/\/mystudyweb.com\/corporate\/lasrum-sverige\/","title":{"rendered":"L\u00e4srum Sverige"},"content":{"rendered":"<div id=\"pl-8521\"  class=\"panel-layout\" ><div id=\"pg-8521-0\"  class=\"panel-grid panel-no-style\" ><div id=\"pgc-8521-0-0\"  class=\"panel-grid-cell\" ><div id=\"panel-8521-0-0-0\" class=\"so-panel widget widget_sow-image panel-first-child\" data-index=\"0\" ><div\n\t\t\t\n\t\t\tclass=\"so-widget-sow-image so-widget-sow-image-default-c67d20f9f743-8521\"\n\t\t\t\n\t\t>\n<div class=\"sow-image-container\">\n\t\t<img \n\tsrc=\"https:\/\/mystudyweb-bucket.s3.eu-west-1.amazonaws.com\/corporate\/wp-content\/uploads\/2024\/11\/08082927\/Skriv-och-las-300x66-1.png\" width=\"300\" height=\"66\" sizes=\"(max-width: 300px) 100vw, 300px\" title=\"Skriv och l\u00e4s 300&#215;66\" alt=\"\" \t\tclass=\"so-widget-image\"\/>\n\t<\/div>\n\n<\/div><\/div><div id=\"panel-8521-0-0-1\" class=\"so-panel widget widget_sow-editor\" data-index=\"1\" ><div\n\t\t\t\n\t\t\tclass=\"so-widget-sow-editor so-widget-sow-editor-base\"\n\t\t\t\n\t\t>\n<div class=\"siteorigin-widget-tinymce textwidget\">\n\t<h1>L\u00e4srum Sverige<\/h1>\n<p>H\u00e4r har vi samlat b\u00f6cker som skolklasser i Sverige vill dela digitalt med andra elever, l\u00e4rare eller f\u00f6r\u00e4ldrar. Att ha en tydlig mottagare f\u00f6r sina b\u00f6cker g\u00f6r stor skillnad f\u00f6r elevernas sj\u00e4lvk\u00e4nsla och skrivlust. Klicka p\u00e5 det L\u00c4SRUM du vill och l\u00e4s n\u00e5gra av b\u00f6ckerna f\u00f6r att bli inspirerad!<\/p>\n<h3>Provl\u00e4s en bok - klicka p\u00e5 bilden f\u00f6r den bokhylla du vill \u00f6ppna!<\/h3>\n<h6>JUlsagor, klass 1B M\u00f6lleg\u00e5rdens skola, Karlshamn<\/h6>\n<\/div>\n<\/div><\/div><div id=\"panel-8521-0-0-2\" class=\"so-panel widget widget_sow-image\" data-index=\"2\" ><div\n\t\t\t\n\t\t\tclass=\"so-widget-sow-image so-widget-sow-image-default-6ec9e3772f75-8521\"\n\t\t\t\n\t\t>\n<div class=\"sow-image-container\">\n\t\t\t<a href=\"https:\/\/skrivochlas.se\/library\/room\/0c6934ec-b64b-4754-b427-5c815c80d0f3\/se\"\n\t\t\ttarget=\"_blank\" rel=\"noopener noreferrer\" \t\t>\n\t\t\t<img \n\tsrc=\"https:\/\/mystudyweb-bucket.s3.eu-west-1.amazonaws.com\/corporate\/wp-content\/uploads\/2024\/12\/12154633\/Lasrum-Julsagor-1B-Mollegarden-768x266.jpg\" width=\"640\" height=\"222\" srcset=\"https:\/\/mystudyweb-bucket.s3.eu-west-1.amazonaws.com\/corporate\/wp-content\/uploads\/2024\/12\/12154633\/Lasrum-Julsagor-1B-Mollegarden-768x266.jpg 768w, https:\/\/mystudyweb-bucket.s3.eu-west-1.amazonaws.com\/corporate\/wp-content\/uploads\/2024\/12\/12154633\/Lasrum-Julsagor-1B-Mollegarden-300x104.jpg 300w, https:\/\/mystudyweb-bucket.s3.eu-west-1.amazonaws.com\/corporate\/wp-content\/uploads\/2024\/12\/12154633\/Lasrum-Julsagor-1B-Mollegarden-1024x355.jpg 1024w, https:\/\/mystudyweb-bucket.s3.eu-west-1.amazonaws.com\/corporate\/wp-content\/uploads\/2024\/12\/12154633\/Lasrum-Julsagor-1B-Mollegarden-1536x532.jpg 1536w, https:\/\/mystudyweb-bucket.s3.eu-west-1.amazonaws.com\/corporate\/wp-content\/uploads\/2024\/12\/12154633\/Lasrum-Julsagor-1B-Mollegarden-1200x416.jpg 1200w, https:\/\/mystudyweb-bucket.s3.eu-west-1.amazonaws.com\/corporate\/wp-content\/uploads\/2024\/12\/12154633\/Lasrum-Julsagor-1B-Mollegarden-345x120.jpg 345w, https:\/\/mystudyweb-bucket.s3.eu-west-1.amazonaws.com\/corporate\/wp-content\/uploads\/2024\/12\/12154633\/Lasrum-Julsagor-1B-Mollegarden-770x267.jpg 770w, https:\/\/mystudyweb-bucket.s3.eu-west-1.amazonaws.com\/corporate\/wp-content\/uploads\/2024\/12\/12154633\/Lasrum-Julsagor-1B-Mollegarden.jpg 1914w\" sizes=\"(max-width: 640px) 100vw, 640px\" title=\"L\u00e4srum Julsagor 1B M\u00f6lleg\u00e5rden\" alt=\"\" \t\tclass=\"so-widget-image\"\/>\n\t\t\t<\/a><\/div>\n\n<\/div><\/div><div id=\"panel-8521-0-0-3\" class=\"so-panel widget widget_sow-editor\" data-index=\"3\" ><div\n\t\t\t\n\t\t\tclass=\"so-widget-sow-editor so-widget-sow-editor-base\"\n\t\t\t\n\t\t>\n<div class=\"siteorigin-widget-tinymce textwidget\">\n\t<h6>den f\u00f6rsvunna tomteluvan, \u00e5k.2 M\u00f6lleg\u00e5rdens skola, Karlshamn<\/h6>\n<\/div>\n<\/div><\/div><div id=\"panel-8521-0-0-4\" class=\"so-panel widget widget_sow-image\" data-index=\"4\" ><div\n\t\t\t\n\t\t\tclass=\"so-widget-sow-image so-widget-sow-image-default-6ec9e3772f75-8521\"\n\t\t\t\n\t\t>\n<div class=\"sow-image-container\">\n\t\t\t<a href=\"https:\/\/skrivochlas.se\/library\/room\/75cada67-583b-47dc-9169-142f1e963de8\/se\"\n\t\t\ttarget=\"_blank\" rel=\"noopener noreferrer\" \t\t>\n\t\t\t<img \n\tsrc=\"https:\/\/mystudyweb-bucket.s3.eu-west-1.amazonaws.com\/corporate\/wp-content\/uploads\/2025\/12\/19081412\/Den-forsvunna-tomteluvan-Mollegardens-skola-ak.2-768x339.jpg\" width=\"640\" height=\"283\" srcset=\"https:\/\/mystudyweb-bucket.s3.eu-west-1.amazonaws.com\/corporate\/wp-content\/uploads\/2025\/12\/19081412\/Den-forsvunna-tomteluvan-Mollegardens-skola-ak.2-768x339.jpg 768w, https:\/\/mystudyweb-bucket.s3.eu-west-1.amazonaws.com\/corporate\/wp-content\/uploads\/2025\/12\/19081412\/Den-forsvunna-tomteluvan-Mollegardens-skola-ak.2-300x132.jpg 300w, https:\/\/mystudyweb-bucket.s3.eu-west-1.amazonaws.com\/corporate\/wp-content\/uploads\/2025\/12\/19081412\/Den-forsvunna-tomteluvan-Mollegardens-skola-ak.2-1024x452.jpg 1024w, https:\/\/mystudyweb-bucket.s3.eu-west-1.amazonaws.com\/corporate\/wp-content\/uploads\/2025\/12\/19081412\/Den-forsvunna-tomteluvan-Mollegardens-skola-ak.2-1536x678.jpg 1536w, https:\/\/mystudyweb-bucket.s3.eu-west-1.amazonaws.com\/corporate\/wp-content\/uploads\/2025\/12\/19081412\/Den-forsvunna-tomteluvan-Mollegardens-skola-ak.2-1200x530.jpg 1200w, https:\/\/mystudyweb-bucket.s3.eu-west-1.amazonaws.com\/corporate\/wp-content\/uploads\/2025\/12\/19081412\/Den-forsvunna-tomteluvan-Mollegardens-skola-ak.2-345x152.jpg 345w, https:\/\/mystudyweb-bucket.s3.eu-west-1.amazonaws.com\/corporate\/wp-content\/uploads\/2025\/12\/19081412\/Den-forsvunna-tomteluvan-Mollegardens-skola-ak.2-770x340.jpg 770w, https:\/\/mystudyweb-bucket.s3.eu-west-1.amazonaws.com\/corporate\/wp-content\/uploads\/2025\/12\/19081412\/Den-forsvunna-tomteluvan-Mollegardens-skola-ak.2.jpg 1898w\" sizes=\"(max-width: 640px) 100vw, 640px\" title=\"Den f\u00f6rsvunna tomteluvan, M\u00f6lleg\u00e5rdens skola \u00e5k.2\" alt=\"\" \t\tclass=\"so-widget-image\"\/>\n\t\t\t<\/a><\/div>\n\n<\/div><\/div><div id=\"panel-8521-0-0-5\" class=\"so-panel widget widget_sow-editor\" data-index=\"5\" ><div\n\t\t\t\n\t\t\tclass=\"so-widget-sow-editor so-widget-sow-editor-base\"\n\t\t\t\n\t\t>\n<div class=\"siteorigin-widget-tinymce textwidget\">\n\t<h6>den f\u00f6rsvunna tomteluvan, \u00e5k.3 Skandinaviska skolan, Costa Blanca<\/h6>\n<\/div>\n<\/div><\/div><div id=\"panel-8521-0-0-6\" class=\"so-panel widget widget_sow-image\" data-index=\"6\" ><div\n\t\t\t\n\t\t\tclass=\"so-widget-sow-image so-widget-sow-image-default-6ec9e3772f75-8521\"\n\t\t\t\n\t\t>\n<div class=\"sow-image-container\">\n\t\t\t<a href=\"https:\/\/skrivochlas.se\/library\/room\/78c7c561-79be-4a3c-aae1-875412063de8\/se\"\n\t\t\ttarget=\"_blank\" rel=\"noopener noreferrer\" \t\t>\n\t\t\t<img \n\tsrc=\"https:\/\/mystudyweb-bucket.s3.eu-west-1.amazonaws.com\/corporate\/wp-content\/uploads\/2025\/12\/16102300\/Lasrum-Sverige_-ak.3_-sscb-768x266.jpg\" width=\"640\" height=\"222\" srcset=\"https:\/\/mystudyweb-bucket.s3.eu-west-1.amazonaws.com\/corporate\/wp-content\/uploads\/2025\/12\/16102300\/Lasrum-Sverige_-ak.3_-sscb-768x266.jpg 768w, https:\/\/mystudyweb-bucket.s3.eu-west-1.amazonaws.com\/corporate\/wp-content\/uploads\/2025\/12\/16102300\/Lasrum-Sverige_-ak.3_-sscb-300x104.jpg 300w, https:\/\/mystudyweb-bucket.s3.eu-west-1.amazonaws.com\/corporate\/wp-content\/uploads\/2025\/12\/16102300\/Lasrum-Sverige_-ak.3_-sscb-1024x355.jpg 1024w, https:\/\/mystudyweb-bucket.s3.eu-west-1.amazonaws.com\/corporate\/wp-content\/uploads\/2025\/12\/16102300\/Lasrum-Sverige_-ak.3_-sscb-1536x532.jpg 1536w, https:\/\/mystudyweb-bucket.s3.eu-west-1.amazonaws.com\/corporate\/wp-content\/uploads\/2025\/12\/16102300\/Lasrum-Sverige_-ak.3_-sscb-1200x415.jpg 1200w, https:\/\/mystudyweb-bucket.s3.eu-west-1.amazonaws.com\/corporate\/wp-content\/uploads\/2025\/12\/16102300\/Lasrum-Sverige_-ak.3_-sscb-345x119.jpg 345w, https:\/\/mystudyweb-bucket.s3.eu-west-1.amazonaws.com\/corporate\/wp-content\/uploads\/2025\/12\/16102300\/Lasrum-Sverige_-ak.3_-sscb-770x267.jpg 770w, https:\/\/mystudyweb-bucket.s3.eu-west-1.amazonaws.com\/corporate\/wp-content\/uploads\/2025\/12\/16102300\/Lasrum-Sverige_-ak.3_-sscb.jpg 1918w\" sizes=\"(max-width: 640px) 100vw, 640px\" title=\"L\u00e4srum Sverige_ \u00e5k.3_ sscb\" alt=\"\" \t\tclass=\"so-widget-image\"\/>\n\t\t\t<\/a><\/div>\n\n<\/div><\/div><div id=\"panel-8521-0-0-7\" class=\"so-panel widget widget_sow-editor\" data-index=\"7\" ><div\n\t\t\t\n\t\t\tclass=\"so-widget-sow-editor so-widget-sow-editor-base\"\n\t\t\t\n\t\t>\n<div class=\"siteorigin-widget-tinymce textwidget\">\n\t<h6>b\u00f6cker om V\u00e4nskap, \u00e5k.3 Hanvikens skola, Tyres\u00f6<\/h6>\n<\/div>\n<\/div><\/div><div id=\"panel-8521-0-0-8\" class=\"so-panel widget widget_sow-image\" data-index=\"8\" ><div\n\t\t\t\n\t\t\tclass=\"so-widget-sow-image so-widget-sow-image-default-6ec9e3772f75-8521\"\n\t\t\t\n\t\t>\n<div class=\"sow-image-container\">\n\t\t\t<a href=\"https:\/\/skrivochlas.se\/library\/room\/4a68de46-87a7-483f-8089-72abcab34cc1\/se\"\n\t\t\ttarget=\"_blank\" rel=\"noopener noreferrer\" \t\t>\n\t\t\t<img \n\tsrc=\"https:\/\/mystudyweb-bucket.s3.eu-west-1.amazonaws.com\/corporate\/wp-content\/uploads\/2025\/01\/30095635\/VanskapsbockerHanviken-768x267.jpg\" width=\"640\" height=\"223\" srcset=\"https:\/\/mystudyweb-bucket.s3.eu-west-1.amazonaws.com\/corporate\/wp-content\/uploads\/2025\/01\/30095635\/VanskapsbockerHanviken-768x267.jpg 768w, https:\/\/mystudyweb-bucket.s3.eu-west-1.amazonaws.com\/corporate\/wp-content\/uploads\/2025\/01\/30095635\/VanskapsbockerHanviken-300x104.jpg 300w, https:\/\/mystudyweb-bucket.s3.eu-west-1.amazonaws.com\/corporate\/wp-content\/uploads\/2025\/01\/30095635\/VanskapsbockerHanviken-1024x356.jpg 1024w, https:\/\/mystudyweb-bucket.s3.eu-west-1.amazonaws.com\/corporate\/wp-content\/uploads\/2025\/01\/30095635\/VanskapsbockerHanviken-1536x534.jpg 1536w, https:\/\/mystudyweb-bucket.s3.eu-west-1.amazonaws.com\/corporate\/wp-content\/uploads\/2025\/01\/30095635\/VanskapsbockerHanviken-1200x418.jpg 1200w, https:\/\/mystudyweb-bucket.s3.eu-west-1.amazonaws.com\/corporate\/wp-content\/uploads\/2025\/01\/30095635\/VanskapsbockerHanviken-345x120.jpg 345w, https:\/\/mystudyweb-bucket.s3.eu-west-1.amazonaws.com\/corporate\/wp-content\/uploads\/2025\/01\/30095635\/VanskapsbockerHanviken-770x268.jpg 770w, https:\/\/mystudyweb-bucket.s3.eu-west-1.amazonaws.com\/corporate\/wp-content\/uploads\/2025\/01\/30095635\/VanskapsbockerHanviken.jpg 1914w\" sizes=\"(max-width: 640px) 100vw, 640px\" title=\"V\u00e4nskapsb\u00f6cker,Hanviken\" alt=\"\" \t\tclass=\"so-widget-image\"\/>\n\t\t\t<\/a><\/div>\n\n<\/div><\/div><div id=\"panel-8521-0-0-9\" class=\"so-panel widget widget_sow-editor\" data-index=\"9\" ><div\n\t\t\t\n\t\t\tclass=\"so-widget-sow-editor so-widget-sow-editor-base\"\n\t\t\t\n\t\t>\n<div class=\"siteorigin-widget-tinymce textwidget\">\n\t<h6>b\u00f6cker om V\u00e4nskap, \u00e5k.1 M\u00f6lleg\u00e5rdens skola, Karlshamn<\/h6>\n<\/div>\n<\/div><\/div><div id=\"panel-8521-0-0-10\" class=\"so-panel widget widget_sow-image\" data-index=\"10\" ><div\n\t\t\t\n\t\t\tclass=\"so-widget-sow-image so-widget-sow-image-default-6ec9e3772f75-8521\"\n\t\t\t\n\t\t>\n<div class=\"sow-image-container\">\n\t\t\t<a href=\"https:\/\/skrivochlas.se\/library\/room\/0fb14971-8b63-4dca-a907-8cbefa6f5b4e\/se\"\n\t\t\ttarget=\"_blank\" rel=\"noopener noreferrer\" \t\t>\n\t\t\t<img \n\tsrc=\"https:\/\/mystudyweb-bucket.s3.eu-west-1.amazonaws.com\/corporate\/wp-content\/uploads\/2025\/02\/26142925\/VanskapsbockerMollegardens-skola-ak.1-768x265.jpg\" width=\"640\" height=\"221\" srcset=\"https:\/\/mystudyweb-bucket.s3.eu-west-1.amazonaws.com\/corporate\/wp-content\/uploads\/2025\/02\/26142925\/VanskapsbockerMollegardens-skola-ak.1-768x265.jpg 768w, https:\/\/mystudyweb-bucket.s3.eu-west-1.amazonaws.com\/corporate\/wp-content\/uploads\/2025\/02\/26142925\/VanskapsbockerMollegardens-skola-ak.1-300x104.jpg 300w, https:\/\/mystudyweb-bucket.s3.eu-west-1.amazonaws.com\/corporate\/wp-content\/uploads\/2025\/02\/26142925\/VanskapsbockerMollegardens-skola-ak.1-1024x353.jpg 1024w, https:\/\/mystudyweb-bucket.s3.eu-west-1.amazonaws.com\/corporate\/wp-content\/uploads\/2025\/02\/26142925\/VanskapsbockerMollegardens-skola-ak.1-1536x530.jpg 1536w, https:\/\/mystudyweb-bucket.s3.eu-west-1.amazonaws.com\/corporate\/wp-content\/uploads\/2025\/02\/26142925\/VanskapsbockerMollegardens-skola-ak.1-1200x414.jpg 1200w, https:\/\/mystudyweb-bucket.s3.eu-west-1.amazonaws.com\/corporate\/wp-content\/uploads\/2025\/02\/26142925\/VanskapsbockerMollegardens-skola-ak.1-345x119.jpg 345w, https:\/\/mystudyweb-bucket.s3.eu-west-1.amazonaws.com\/corporate\/wp-content\/uploads\/2025\/02\/26142925\/VanskapsbockerMollegardens-skola-ak.1-770x266.jpg 770w, https:\/\/mystudyweb-bucket.s3.eu-west-1.amazonaws.com\/corporate\/wp-content\/uploads\/2025\/02\/26142925\/VanskapsbockerMollegardens-skola-ak.1.jpg 1913w\" sizes=\"(max-width: 640px) 100vw, 640px\" title=\"V\u00e4nskapsb\u00f6cker,M\u00f6lleg\u00e5rdens skola \u00e5k.1\" alt=\"\" \t\tclass=\"so-widget-image\"\/>\n\t\t\t<\/a><\/div>\n\n<\/div><\/div><div id=\"panel-8521-0-0-11\" class=\"so-panel widget widget_sow-editor panel-last-child\" data-index=\"11\" ><div\n\t\t\t\n\t\t\tclass=\"so-widget-sow-editor so-widget-sow-editor-base\"\n\t\t\t\n\t\t>\n<div class=\"siteorigin-widget-tinymce textwidget\">\n\t<h3>Vill du publicera din klass b\u00f6cker h\u00e4r?<\/h3>\n<p>Vill du ocks\u00e5 att dina elevers b\u00f6cker ska publiceras i detta \u00f6ppna bibliotek! Det \u00e4r mycket enkelt. G\u00f6r s\u00e5 h\u00e4r<\/p>\n<ol>\n<li>Skapa ett L\u00c4SRUM i Skriv och l\u00e4s<\/li>\n<li>L\u00e4gg in elevernas b\u00f6cker i l\u00e4srummet<\/li>\n<li>Skicka l\u00e4nken till l\u00e4srummet oss:\u00a0 info@mystudyweb.com<\/li>\n<li>Vi l\u00e4gger upp l\u00e4nken till ert l\u00e4srum h\u00e4r<\/li>\n<li>Alla som har l\u00e4nken till ert l\u00e4srum kan nu l\u00e4sa och njuta av era b\u00f6cker!<\/li>\n<\/ol>\n<p>OBS! T\u00e4nk p\u00e5 att alla b\u00f6cker ni delar i l\u00e4srummen \u00e4r publika och ska d\u00e4rf\u00f6r inte inneh\u00e5lla n\u00e5gon k\u00e4nslig information eller annat som kan vara ol\u00e4mpligt att sprida.<\/p>\n<\/div>\n<\/div><\/div><\/div><\/div><\/div>","protected":false},"excerpt":{"rendered":"<p>L\u00e4srum Sverige H\u00e4r har vi samlat b\u00f6cker som skolklasser i Sverige vill dela digitalt med andra elever, l\u00e4rare eller f\u00f6r\u00e4ldrar. Att ha en tydlig mottagare f\u00f6r sina b\u00f6cker g\u00f6r stor skillnad f\u00f6r elevernas sj\u00e4lvk\u00e4nsla och &hellip; <a href=\"https:\/\/mystudyweb.com\/corporate\/lasrum-sverige\/\" class=\"more-link\">Forts\u00e4tt l\u00e4sa <span class=\"screen-reader-text\">L\u00e4srum Sverige<\/span> <span class=\"meta-nav\">&rarr;<\/span><\/a><\/p>\n","protected":false},"author":4,"featured_media":8534,"parent":0,"menu_order":0,"comment_status":"closed","ping_status":"closed","template":"","meta":{"footnotes":""},"class_list":["post-8521","page","type-page","status-publish","has-post-thumbnail","hentry"],"yoast_head":"<!-- This site is optimized with the Yoast SEO Premium plugin v26.5 (Yoast SEO v26.5) - https:\/\/yoast.com\/wordpress\/plugins\/seo\/ -->\n<title>L\u00e4srum Sverige - mystudyweb<\/title>\n<meta name=\"robots\" content=\"index, follow, max-snippet:-1, max-image-preview:large, max-video-preview:-1\" \/>\n<link rel=\"canonical\" href=\"https:\/\/mystudyweb.com\/corporate\/lasrum-sverige\/\" \/>\n<meta property=\"og:locale\" content=\"en_US\" \/>\n<meta property=\"og:type\" content=\"article\" \/>\n<meta property=\"og:title\" content=\"L\u00e4srum Sverige\" \/>\n<meta property=\"og:description\" content=\"L\u00e4srum Sverige H\u00e4r har vi samlat b\u00f6cker som skolklasser i Sverige vill dela digitalt med andra elever, l\u00e4rare eller f\u00f6r\u00e4ldrar. Att ha en tydlig mottagare f\u00f6r sina b\u00f6cker g\u00f6r stor skillnad f\u00f6r elevernas sj\u00e4lvk\u00e4nsla och &hellip; Forts\u00e4tt l\u00e4sa L\u00e4srum Sverige &rarr;\" \/>\n<meta property=\"og:url\" content=\"https:\/\/mystudyweb.com\/corporate\/lasrum-sverige\/\" \/>\n<meta property=\"og:site_name\" content=\"mystudyweb\" \/>\n<meta property=\"article:modified_time\" content=\"2025-12-19T08:18:10+00:00\" \/>\n<meta property=\"og:image\" content=\"https:\/\/mystudyweb-bucket.s3.eu-west-1.amazonaws.com\/corporate\/wp-content\/uploads\/2024\/12\/11142328\/Lasrum-En-julsaga.jpg\" \/>\n\t<meta property=\"og:image:width\" content=\"999\" \/>\n\t<meta property=\"og:image:height\" content=\"371\" \/>\n\t<meta property=\"og:image:type\" content=\"image\/jpeg\" \/>\n<meta name=\"twitter:card\" content=\"summary_large_image\" \/>\n<meta name=\"twitter:label1\" content=\"Est. reading time\" \/>\n\t<meta name=\"twitter:data1\" content=\"3 minutes\" \/>\n<script type=\"application\/ld+json\" class=\"yoast-schema-graph\">{\"@context\":\"https:\/\/schema.org\",\"@graph\":[{\"@type\":\"WebPage\",\"@id\":\"https:\/\/mystudyweb.com\/corporate\/lasrum-sverige\/\",\"url\":\"https:\/\/mystudyweb.com\/corporate\/lasrum-sverige\/\",\"name\":\"L\u00e4srum Sverige - mystudyweb\",\"isPartOf\":{\"@id\":\"https:\/\/mystudyweb.com\/corporate\/#website\"},\"primaryImageOfPage\":{\"@id\":\"https:\/\/mystudyweb.com\/corporate\/lasrum-sverige\/#primaryimage\"},\"image\":{\"@id\":\"https:\/\/mystudyweb.com\/corporate\/lasrum-sverige\/#primaryimage\"},\"thumbnailUrl\":\"https:\/\/mystudyweb-bucket.s3.eu-west-1.amazonaws.com\/corporate\/wp-content\/uploads\/2024\/12\/11142328\/Lasrum-En-julsaga.jpg\",\"datePublished\":\"2024-12-02T14:34:16+00:00\",\"dateModified\":\"2025-12-19T08:18:10+00:00\",\"breadcrumb\":{\"@id\":\"https:\/\/mystudyweb.com\/corporate\/lasrum-sverige\/#breadcrumb\"},\"inLanguage\":\"en-US\",\"potentialAction\":[{\"@type\":\"ReadAction\",\"target\":[\"https:\/\/mystudyweb.com\/corporate\/lasrum-sverige\/\"]}]},{\"@type\":\"ImageObject\",\"inLanguage\":\"en-US\",\"@id\":\"https:\/\/mystudyweb.com\/corporate\/lasrum-sverige\/#primaryimage\",\"url\":\"https:\/\/mystudyweb-bucket.s3.eu-west-1.amazonaws.com\/corporate\/wp-content\/uploads\/2024\/12\/11142328\/Lasrum-En-julsaga.jpg\",\"contentUrl\":\"https:\/\/mystudyweb-bucket.s3.eu-west-1.amazonaws.com\/corporate\/wp-content\/uploads\/2024\/12\/11142328\/Lasrum-En-julsaga.jpg\",\"width\":999,\"height\":371},{\"@type\":\"BreadcrumbList\",\"@id\":\"https:\/\/mystudyweb.com\/corporate\/lasrum-sverige\/#breadcrumb\",\"itemListElement\":[{\"@type\":\"ListItem\",\"position\":1,\"name\":\"Home\",\"item\":\"https:\/\/mystudyweb.com\/corporate\/\"},{\"@type\":\"ListItem\",\"position\":2,\"name\":\"L\u00e4srum Sverige\"}]},{\"@type\":\"WebSite\",\"@id\":\"https:\/\/mystudyweb.com\/corporate\/#website\",\"url\":\"https:\/\/mystudyweb.com\/corporate\/\",\"name\":\"mystudyweb\",\"description\":\"\",\"publisher\":{\"@id\":\"https:\/\/mystudyweb.com\/corporate\/#organization\"},\"potentialAction\":[{\"@type\":\"SearchAction\",\"target\":{\"@type\":\"EntryPoint\",\"urlTemplate\":\"https:\/\/mystudyweb.com\/corporate\/?s={search_term_string}\"},\"query-input\":{\"@type\":\"PropertyValueSpecification\",\"valueRequired\":true,\"valueName\":\"search_term_string\"}}],\"inLanguage\":\"en-US\"},{\"@type\":\"Organization\",\"@id\":\"https:\/\/mystudyweb.com\/corporate\/#organization\",\"name\":\"mystudyweb\",\"url\":\"https:\/\/mystudyweb.com\/corporate\/\",\"logo\":{\"@type\":\"ImageObject\",\"inLanguage\":\"en-US\",\"@id\":\"https:\/\/mystudyweb.com\/corporate\/#\/schema\/logo\/image\/\",\"url\":\"https:\/\/mystudyweb.com\/corporate\/wp-content\/uploads\/2016\/12\/cropped-logo.jpg\",\"contentUrl\":\"https:\/\/mystudyweb.com\/corporate\/wp-content\/uploads\/2016\/12\/cropped-logo.jpg\",\"width\":466,\"height\":55,\"caption\":\"mystudyweb\"},\"image\":{\"@id\":\"https:\/\/mystudyweb.com\/corporate\/#\/schema\/logo\/image\/\"}}]}<\/script>\n<!-- \/ Yoast SEO Premium plugin. -->","yoast_head_json":{"title":"L\u00e4srum Sverige - mystudyweb","robots":{"index":"index","follow":"follow","max-snippet":"max-snippet:-1","max-image-preview":"max-image-preview:large","max-video-preview":"max-video-preview:-1"},"canonical":"https:\/\/mystudyweb.com\/corporate\/lasrum-sverige\/","og_locale":"en_US","og_type":"article","og_title":"L\u00e4srum Sverige","og_description":"L\u00e4srum Sverige H\u00e4r har vi samlat b\u00f6cker som skolklasser i Sverige vill dela digitalt med andra elever, l\u00e4rare eller f\u00f6r\u00e4ldrar. Att ha en tydlig mottagare f\u00f6r sina b\u00f6cker g\u00f6r stor skillnad f\u00f6r elevernas sj\u00e4lvk\u00e4nsla och &hellip; Forts\u00e4tt l\u00e4sa L\u00e4srum Sverige &rarr;","og_url":"https:\/\/mystudyweb.com\/corporate\/lasrum-sverige\/","og_site_name":"mystudyweb","article_modified_time":"2025-12-19T08:18:10+00:00","og_image":[{"width":999,"height":371,"url":"https:\/\/mystudyweb-bucket.s3.eu-west-1.amazonaws.com\/corporate\/wp-content\/uploads\/2024\/12\/11142328\/Lasrum-En-julsaga.jpg","type":"image\/jpeg"}],"twitter_card":"summary_large_image","twitter_misc":{"Est. reading time":"3 minutes"},"schema":{"@context":"https:\/\/schema.org","@graph":[{"@type":"WebPage","@id":"https:\/\/mystudyweb.com\/corporate\/lasrum-sverige\/","url":"https:\/\/mystudyweb.com\/corporate\/lasrum-sverige\/","name":"L\u00e4srum Sverige - mystudyweb","isPartOf":{"@id":"https:\/\/mystudyweb.com\/corporate\/#website"},"primaryImageOfPage":{"@id":"https:\/\/mystudyweb.com\/corporate\/lasrum-sverige\/#primaryimage"},"image":{"@id":"https:\/\/mystudyweb.com\/corporate\/lasrum-sverige\/#primaryimage"},"thumbnailUrl":"https:\/\/mystudyweb-bucket.s3.eu-west-1.amazonaws.com\/corporate\/wp-content\/uploads\/2024\/12\/11142328\/Lasrum-En-julsaga.jpg","datePublished":"2024-12-02T14:34:16+00:00","dateModified":"2025-12-19T08:18:10+00:00","breadcrumb":{"@id":"https:\/\/mystudyweb.com\/corporate\/lasrum-sverige\/#breadcrumb"},"inLanguage":"en-US","potentialAction":[{"@type":"ReadAction","target":["https:\/\/mystudyweb.com\/corporate\/lasrum-sverige\/"]}]},{"@type":"ImageObject","inLanguage":"en-US","@id":"https:\/\/mystudyweb.com\/corporate\/lasrum-sverige\/#primaryimage","url":"https:\/\/mystudyweb-bucket.s3.eu-west-1.amazonaws.com\/corporate\/wp-content\/uploads\/2024\/12\/11142328\/Lasrum-En-julsaga.jpg","contentUrl":"https:\/\/mystudyweb-bucket.s3.eu-west-1.amazonaws.com\/corporate\/wp-content\/uploads\/2024\/12\/11142328\/Lasrum-En-julsaga.jpg","width":999,"height":371},{"@type":"BreadcrumbList","@id":"https:\/\/mystudyweb.com\/corporate\/lasrum-sverige\/#breadcrumb","itemListElement":[{"@type":"ListItem","position":1,"name":"Home","item":"https:\/\/mystudyweb.com\/corporate\/"},{"@type":"ListItem","position":2,"name":"L\u00e4srum Sverige"}]},{"@type":"WebSite","@id":"https:\/\/mystudyweb.com\/corporate\/#website","url":"https:\/\/mystudyweb.com\/corporate\/","name":"mystudyweb","description":"","publisher":{"@id":"https:\/\/mystudyweb.com\/corporate\/#organization"},"potentialAction":[{"@type":"SearchAction","target":{"@type":"EntryPoint","urlTemplate":"https:\/\/mystudyweb.com\/corporate\/?s={search_term_string}"},"query-input":{"@type":"PropertyValueSpecification","valueRequired":true,"valueName":"search_term_string"}}],"inLanguage":"en-US"},{"@type":"Organization","@id":"https:\/\/mystudyweb.com\/corporate\/#organization","name":"mystudyweb","url":"https:\/\/mystudyweb.com\/corporate\/","logo":{"@type":"ImageObject","inLanguage":"en-US","@id":"https:\/\/mystudyweb.com\/corporate\/#\/schema\/logo\/image\/","url":"https:\/\/mystudyweb.com\/corporate\/wp-content\/uploads\/2016\/12\/cropped-logo.jpg","contentUrl":"https:\/\/mystudyweb.com\/corporate\/wp-content\/uploads\/2016\/12\/cropped-logo.jpg","width":466,"height":55,"caption":"mystudyweb"},"image":{"@id":"https:\/\/mystudyweb.com\/corporate\/#\/schema\/logo\/image\/"}}]}},"_links":{"self":[{"href":"https:\/\/mystudyweb.com\/corporate\/wp-json\/wp\/v2\/pages\/8521","targetHints":{"allow":["GET"]}}],"collection":[{"href":"https:\/\/mystudyweb.com\/corporate\/wp-json\/wp\/v2\/pages"}],"about":[{"href":"https:\/\/mystudyweb.com\/corporate\/wp-json\/wp\/v2\/types\/page"}],"author":[{"embeddable":true,"href":"https:\/\/mystudyweb.com\/corporate\/wp-json\/wp\/v2\/users\/4"}],"replies":[{"embeddable":true,"href":"https:\/\/mystudyweb.com\/corporate\/wp-json\/wp\/v2\/comments?post=8521"}],"version-history":[{"count":41,"href":"https:\/\/mystudyweb.com\/corporate\/wp-json\/wp\/v2\/pages\/8521\/revisions"}],"predecessor-version":[{"id":8537,"href":"https:\/\/mystudyweb.com\/corporate\/wp-json\/wp\/v2\/pages\/8521\/revisions\/8537"}],"wp:featuredmedia":[{"embeddable":true,"href":"https:\/\/mystudyweb.com\/corporate\/wp-json\/wp\/v2\/media\/8534"}],"wp:attachment":[{"href":"https:\/\/mystudyweb.com\/corporate\/wp-json\/wp\/v2\/media?parent=8521"}],"curies":[{"name":"wp","href":"https:\/\/api.w.org\/{rel}","templated":true}]}}