{"id":8616,"date":"2025-03-06T08:54:16","date_gmt":"2025-03-06T08:54:16","guid":{"rendered":"https:\/\/mystudyweb.com\/corporate\/?p=8616"},"modified":"2026-03-11T08:50:27","modified_gmt":"2026-03-11T08:50:27","slug":"missa-inte-varens-roligaste-tavling-i-matematik","status":"publish","type":"page","link":"https:\/\/mystudyweb.com\/corporate\/missa-inte-varens-roligaste-tavling-i-matematik\/","title":{"rendered":"Missa inte v\u00e5rens roligaste t\u00e4vling i matematik!"},"content":{"rendered":"<div id=\"pl-8616\"  class=\"panel-layout\" ><div id=\"pg-8616-0\"  class=\"panel-grid panel-no-style\" ><div id=\"pgc-8616-0-0\"  class=\"panel-grid-cell\" ><div id=\"panel-8616-0-0-0\" class=\"so-panel widget widget_sow-image panel-first-child\" data-index=\"0\" ><div\n\t\t\t\n\t\t\tclass=\"so-widget-sow-image so-widget-sow-image-default-3a2476c0e107-8616\"\n\t\t\t\n\t\t>\n<div class=\"sow-image-container\">\n\t\t\t<a href=\"https:\/\/mystudyweb.com\/corporate\/tavling\/\"\n\t\t\ttarget=\"_blank\" rel=\"noopener noreferrer\" \t\t>\n\t\t\t<img \n\tsrc=\"https:\/\/mystudyweb-bucket.s3.eu-west-1.amazonaws.com\/corporate\/wp-content\/uploads\/2026\/03\/06173304\/Banner-Matific-Olympiad-2026-1-768x319.jpg\" width=\"640\" height=\"266\" srcset=\"https:\/\/mystudyweb-bucket.s3.eu-west-1.amazonaws.com\/corporate\/wp-content\/uploads\/2026\/03\/06173304\/Banner-Matific-Olympiad-2026-1-768x319.jpg 768w, https:\/\/mystudyweb-bucket.s3.eu-west-1.amazonaws.com\/corporate\/wp-content\/uploads\/2026\/03\/06173304\/Banner-Matific-Olympiad-2026-1-300x125.jpg 300w, https:\/\/mystudyweb-bucket.s3.eu-west-1.amazonaws.com\/corporate\/wp-content\/uploads\/2026\/03\/06173304\/Banner-Matific-Olympiad-2026-1-345x143.jpg 345w, https:\/\/mystudyweb-bucket.s3.eu-west-1.amazonaws.com\/corporate\/wp-content\/uploads\/2026\/03\/06173304\/Banner-Matific-Olympiad-2026-1-770x320.jpg 770w, https:\/\/mystudyweb-bucket.s3.eu-west-1.amazonaws.com\/corporate\/wp-content\/uploads\/2026\/03\/06173304\/Banner-Matific-Olympiad-2026-1.jpg 859w\" sizes=\"(max-width: 640px) 100vw, 640px\" title=\"Banner Matific Olympiad 2026\" alt=\"\" \t\tclass=\"so-widget-image\"\/>\n\t\t\t<\/a><\/div>\n\n<\/div><\/div><div id=\"panel-8616-0-0-1\" class=\"so-panel widget widget_sow-editor\" data-index=\"1\" ><div\n\t\t\t\n\t\t\tclass=\"so-widget-sow-editor so-widget-sow-editor-base\"\n\t\t\t\n\t\t><h3 class=\"widget-title\">Miljontals elever i \u00f6ver 20 l\u00e4nder deltar i \"The Matific Olympiad\" varje \u00e5r. Nu \u00e4r det f\u00f6r tredje g\u00e5ngen dags f\u00f6r elever i Sverige att vara med!<\/h3>\n<div class=\"siteorigin-widget-tinymce textwidget\">\n\t<p>F\u00f6r tredje \u00e5ret i rad upprepar vi succ\u00e9n Matific Olympiad. Alla elevers favoritt\u00e4vling i matematik!\u00a0\u00a0Nytt f\u00f6r i \u00e5r \u00e4r att \u00e4ven \u00e5k. 7-9 kan delta och t\u00e4vla om fina priser i kategorierna: \"B\u00e4sta skolan\" (huvud kategori) och \"B\u00e4sta klassen\". Sj\u00e4lvklart f\u00e5r alla deltagande elever diplom. B\u00e5de stora och sm\u00e5 skolor kan delta och t\u00e4vlar r\u00e4ttvist mot varandra.<\/p>\n<h2>T\u00e4vla om fina priser och diplom till alla<\/h2>\n<ul>\n<li>B\u00c4STA SKOLAN (min 50 elever): Glassbilen kommer till din skola och bjuder deltagande elever p\u00e5 glass<\/li>\n<li>B\u00c4STA KLASSEN (max 30 elever): GULD: 1000:-, SILVER: 800:-, BRONS: 600:- (till klasskassan)<\/li>\n<li>Alla deltagande elever f\u00e5r ett diplom vid t\u00e4vlingens slut<\/li>\n<\/ul>\n<h3>Vinnare Matific Olympiad i matematik 2025: \"B\u00c4STA SKOLAN\" Fridaskolan M\u00f6lnlycke<\/h3>\n<\/div>\n<\/div><\/div><div id=\"panel-8616-0-0-2\" class=\"so-panel widget widget_sow-editor\" data-index=\"2\" ><div\n\t\t\t\n\t\t\tclass=\"so-widget-sow-editor so-widget-sow-editor-base\"\n\t\t\t\n\t\t>\n<div class=\"siteorigin-widget-tinymce textwidget\">\n\t<div class=\"row\">\n<div class=\"col-sm-12 col-xs-12 col-md-12 col-lg-12 mb-15\">\n<div class=\"text-center\"><strong>Glassbil<\/strong><\/div>\n<div class=\"visible-xs visible-sm\"><center><br \/>\n<iframe loading=\"lazy\" id=\"iframePlayer\" class=\"embed-responsive-item\" src=\"https:\/\/kinescope.io\/embed\/srFNsEuAwC6c6PVfC81Gqx\" width=\"293px\" height=\"166px\" frameborder=\"0\" scrolling=\"no\" align=\"middle\" allowfullscreen=\"allowfullscreen\">You need a browser that can handle Iframes to be able to view this page.<\/iframe><\/center><\/div>\n<div class=\"hidden-xs hidden-sm\"><center><iframe loading=\"lazy\" id=\"iframePlayer\" class=\"embed-responsive-item\" src=\"https:\/\/kinescope.io\/embed\/srFNsEuAwC6c6PVfC81Gqx\" width=\"781px\" height=\"440px\" frameborder=\"0\" scrolling=\"no\" align=\"middle\" allowfullscreen=\"allowfullscreen\">You need a browser that can handle Iframes to be able to view this page.<\/iframe><\/center><center><\/center><\/div>\n<\/div>\n<\/div>\n<\/div>\n<\/div><\/div><div id=\"panel-8616-0-0-3\" class=\"so-panel widget widget_sow-editor\" data-index=\"3\" ><div\n\t\t\t\n\t\t\tclass=\"so-widget-sow-editor so-widget-sow-editor-base\"\n\t\t\t\n\t\t>\n<div class=\"siteorigin-widget-tinymce textwidget\">\n\t<h2>\u00d6ppen f\u00f6r elever i \u00e5k.f-9<\/h2>\n<p>T\u00e4vlingens syfte \u00e4r att uppmuntra deltagande och engagemang och \u00f6ka elevernas intresse f\u00f6r matematik.\u00a0Anm\u00e4lan till t\u00e4vlingen \u00e4r gratis och alla l\u00e4rare och elever kommer att ha full tillg\u00e5ng till Matific fr\u00e5n den dag d\u00e5 deras konto skapas till strax efter att t\u00e4vlingen avslutats.<\/p>\n<\/div>\n<\/div><\/div><div id=\"panel-8616-0-0-4\" class=\"so-panel widget widget_sow-image\" data-index=\"4\" ><div\n\t\t\t\n\t\t\tclass=\"so-widget-sow-image so-widget-sow-image-default-c67d20f9f743-8616\"\n\t\t\t\n\t\t>\n<div class=\"sow-image-container\">\n\t\t<img \n\tsrc=\"https:\/\/mystudyweb-bucket.s3.eu-west-1.amazonaws.com\/corporate\/wp-content\/uploads\/2026\/03\/06174130\/Timeline-2026-768x222.jpg\" width=\"640\" height=\"185\" srcset=\"https:\/\/mystudyweb-bucket.s3.eu-west-1.amazonaws.com\/corporate\/wp-content\/uploads\/2026\/03\/06174130\/Timeline-2026-768x222.jpg 768w, https:\/\/mystudyweb-bucket.s3.eu-west-1.amazonaws.com\/corporate\/wp-content\/uploads\/2026\/03\/06174130\/Timeline-2026-300x87.jpg 300w, https:\/\/mystudyweb-bucket.s3.eu-west-1.amazonaws.com\/corporate\/wp-content\/uploads\/2026\/03\/06174130\/Timeline-2026-345x100.jpg 345w, https:\/\/mystudyweb-bucket.s3.eu-west-1.amazonaws.com\/corporate\/wp-content\/uploads\/2026\/03\/06174130\/Timeline-2026-770x222.jpg 770w, https:\/\/mystudyweb-bucket.s3.eu-west-1.amazonaws.com\/corporate\/wp-content\/uploads\/2026\/03\/06174130\/Timeline-2026.jpg 893w\" sizes=\"(max-width: 640px) 100vw, 640px\" title=\"Timeline 2026\" alt=\"\" \t\tclass=\"so-widget-image\"\/>\n\t<\/div>\n\n<\/div><\/div><div id=\"panel-8616-0-0-5\" class=\"so-panel widget widget_sow-editor\" data-index=\"5\" ><div\n\t\t\t\n\t\t\tclass=\"so-widget-sow-editor so-widget-sow-editor-base\"\n\t\t\t\n\t\t>\n<div class=\"siteorigin-widget-tinymce textwidget\">\n\t<h2>Anm\u00e4l din skola IDAG!<\/h2>\n<p>Vi rekommenderar att elever som inte tidigare anv\u00e4nt Matific loggar in i god tid f\u00f6re t\u00e4vlingen\u00a0 och b\u00f6rjar \"v\u00e4rma upp\" med aktiviteter p\u00e5 \u00c4ventyrs\u00f6n, Tilldelat arbete eller Arena-spel. Uppmuntra dina elever att genomf\u00f6ra placeringstestet p\u00e5 \u00c4ventyrs\u00f6n innan t\u00e4vlingen. Testet hj\u00e4lper till att best\u00e4mma varje elevs kunskapsniv\u00e5 och s\u00e4kerst\u00e4ller att varje elev utmanas p\u00e5 r\u00e4tt niv\u00e5 p\u00e5 \u00c4ventyrs\u00f6n.<\/p>\n<p>Anm\u00e4l er redan nu s\u00e5 f\u00e5r ni tillg\u00e5ng till Matific \u00e4ven under \u00f6vningsperioden som startar 1 april!<\/p>\n<\/div>\n<\/div><\/div><div id=\"panel-8616-0-0-6\" class=\"so-panel widget widget_sow-button\" data-index=\"6\" ><div\n\t\t\t\n\t\t\tclass=\"so-widget-sow-button so-widget-sow-button-flat-66466acb9e12-8616\"\n\t\t\t\n\t\t><div class=\"ow-button-base ow-button-align-center\"\n>\n\t\t\t<a\n\t\t\t\t\thref=\"https:\/\/mystudyweb.com\/corporate\/tavling\/\"\n\t\t\t\t\tclass=\"sowb-button ow-icon-placement-left ow-button-hover\" target=\"_blank\" rel=\"noopener noreferrer\" \t>\n\t\t<span>\n\t\t\t\n\t\t\tANM\u00c4L DIN SKOLA H\u00c4R\t\t<\/span>\n\t\t\t<\/a>\n\t<\/div>\n<\/div><\/div><div id=\"panel-8616-0-0-7\" class=\"so-panel widget widget_sow-image\" data-index=\"7\" ><div\n\t\t\t\n\t\t\tclass=\"so-widget-sow-image so-widget-sow-image-default-c67d20f9f743-8616\"\n\t\t\t\n\t\t>\n<div class=\"sow-image-container\">\n\t\t\t<a href=\"https:\/\/docs.google.com\/forms\/d\/e\/1FAIpQLScpj7NAqHmk5WPILV2IxakoA-RZfuuqKan-2LL0uigQUBlFUw\/viewform\"\n\t\t\t\t\t>\n\t\t\t<img \n\tsrc=\"https:\/\/mystudyweb-bucket.s3.eu-west-1.amazonaws.com\/corporate\/wp-content\/uploads\/2024\/04\/04095732\/Bild1.jpg\" width=\"640\" height=\"404\" srcset=\"https:\/\/mystudyweb-bucket.s3.eu-west-1.amazonaws.com\/corporate\/wp-content\/uploads\/2024\/04\/04095732\/Bild1.jpg 660w, https:\/\/mystudyweb-bucket.s3.eu-west-1.amazonaws.com\/corporate\/wp-content\/uploads\/2024\/04\/04095732\/Bild1-300x190.jpg 300w, https:\/\/mystudyweb-bucket.s3.eu-west-1.amazonaws.com\/corporate\/wp-content\/uploads\/2024\/04\/04095732\/Bild1-317x200.jpg 317w\" sizes=\"(max-width: 640px) 100vw, 640px\" alt=\"\" \t\tclass=\"so-widget-image\"\/>\n\t\t\t<\/a><\/div>\n\n<\/div><\/div><div id=\"panel-8616-0-0-8\" class=\"so-panel widget widget_sow-editor panel-last-child\" data-index=\"8\" ><div\n\t\t\t\n\t\t\tclass=\"so-widget-sow-editor so-widget-sow-editor-base\"\n\t\t\t\n\t\t>\n<div class=\"siteorigin-widget-tinymce textwidget\">\n\t<h2>Hur fungerar det?<\/h2>\n<ul>\n<li>Det finns ingen gr\u00e4ns f\u00f6r\u00a0 hur m\u00e5nga g\u00e5nger en aktivitet kan genomf\u00f6ras, men endast det f\u00f6rs\u00f6k som gett maximalt antal stj\u00e4rnor kommer att l\u00e4ggas till t\u00e4vlingens totalsumma.<\/li>\n<li>Under t\u00e4vlingsperioden kan eleverna logga in och logga ut s\u00e5 m\u00e5nga g\u00e5nger man vill och n\u00e4r som helst.<\/li>\n<li>Varje elev kan tj\u00e4na maximalt 300 stj\u00e4rnor\u00a0 och varje aktivitet kan ge maximalt 5 stj\u00e4rnor<\/li>\n<li>Eleverna kan forts\u00e4tta spela \u00e4ven efter att ha tj\u00e4nat 300 stj\u00e4rnor, men stj\u00e4rnorna kommer inte att l\u00e4ggas till summan.<\/li>\n<li>Stj\u00e4rnor fr\u00e5n aktivitet som genomf\u00f6rts p\u00e5 \u00c4ventyrs\u00f6n, Arena eller Tilldelat arbete kommer att l\u00e4ggas till totalsumman f\u00f6r t\u00e4vlingen.<\/li>\n<li>Tr\u00e4ningsomr\u00e5det kommer att vara \u00f6ppet under t\u00e4vlingen men stj\u00e4rnor fr\u00e5n tr\u00e4ningsomr\u00e5det kommer inte att r\u00e4knas f\u00f6r Matific Olympiad<\/li>\n<\/ul>\n<h2>Var kan jag se min klass och mina elevers ranking och po\u00e4ng?<\/h2>\n<ul>\n<li>I l\u00e4rarmodulen kan l\u00e4rare kan se aktuell status och po\u00e4ng f\u00f6r sina elever i t\u00e4vlingen<\/li>\n<li>Under t\u00e4vlingen kommer l\u00e4raren att kunna f\u00f6lja elevernas framsteg i klasspo\u00e4ngstavlan<\/li>\n<li>Du kan ocks\u00e5 bes\u00f6ka\u00a0 v\u00e5r offentliga topplistan <a href=\"https:\/\/www.matific.eu\/se\/sv-se\/matific-olympiad?type=school\">H\u00c4R<\/a> f\u00f6r att se de 20 b\u00e4sta skolorna och klasserna i t\u00e4vlingen. OBS! Topplista f\u00f6r \"B\u00e4sta elev\" \u00e4r inte offentlig p\u00e5 grund av data sekretess sk\u00e4l.<\/li>\n<li>Minst 15 elever m\u00e5sta ha slutf\u00f6rt en aktivitet f\u00f6r klassen skall synas p\u00e5 topplistan<\/li>\n<\/ul>\n<h2>Hur ber\u00e4knas po\u00e4ng f\u00f6r \"B\u00e4sta skolan\"?<\/h2>\n<p>Varje elev siktar p\u00e5 att uppn\u00e5 300 stj\u00e4rnor. Vi ber\u00e4knar sedan totala antalet intj\u00e4nade stj\u00e4rnor dividerat med m\u00e5let f\u00f6r dessa elever (eller 70 % av eleverna, beroende p\u00e5 vilket som \u00e4r h\u00f6gst). I oavgjorda situationer tittar vi p\u00e5 deltagarnas noggrannhet.<\/p>\n<p>OBS! Skolan m\u00e5ste ha minst 50 aktiva elever under t\u00e4vlingen. En elev betraktas som \"aktiv\" n\u00e4r den spelat minst en aktivitet under t\u00e4vlingen.<\/p>\n<h2>Min skola har redan k\u00f6pt licens p\u00e5 Matific, beh\u00f6ver vi anm\u00e4la oss?<\/h2>\n<p>Nej, skolor som redan har licens p\u00e5 Matific beh\u00f6ver inte anm\u00e4la sig till Olympiaden. Alla registrerade elever \u00e4r automatiskt med och t\u00e4vlar i Olympiaden under perioden.<\/p>\n<h2>Fungerar Matific p\u00e5 iPads och surfplattor?<\/h2>\n<p>Ja, det \u00e4r m\u00e5nga skolor och elever som anv\u00e4nder telefon, iPads och andra surfplattor. Du beh\u00f6ver bara se till att eleverna har den mest uppdaterade versionen av appen installerad. Bes\u00f6k Google Store och App Store f\u00f6r att ladda ner den senaste versionen av Matific appen. L\u00e4s mer <a href=\"https:\/\/mystudyweb.my.site.com\/matific\/s\/article\/Matific-p%C3%A5-iPads-och-andra-surfplattor\">H\u00c4R<\/a><\/p>\n<\/div>\n<\/div><\/div><\/div><\/div><\/div>","protected":false},"excerpt":{"rendered":"<p>F\u00f6r tredje \u00e5ret i rad upprepar vi succ\u00e9n Matific Olympiad. Alla elevers favoritt\u00e4vling i matematik!\u00a0\u00a0Nytt f\u00f6r i \u00e5r \u00e4r att \u00e4ven \u00e5k. 7-9 kan delta och t\u00e4vla om fina priser i kategorierna: &#8220;B\u00e4sta skolan&#8221; (huvud &hellip; <a href=\"https:\/\/mystudyweb.com\/corporate\/missa-inte-varens-roligaste-tavling-i-matematik\/\" class=\"more-link\">Forts\u00e4tt l\u00e4sa <span class=\"screen-reader-text\">Missa inte v\u00e5rens roligaste t\u00e4vling i matematik!<\/span> <span class=\"meta-nav\">&rarr;<\/span><\/a><\/p>\n","protected":false},"author":4,"featured_media":7152,"parent":0,"menu_order":0,"comment_status":"closed","ping_status":"closed","template":"","meta":{"footnotes":""},"class_list":["post-8616","page","type-page","status-publish","has-post-thumbnail","hentry"],"yoast_head":"<!-- This site is optimized with the Yoast SEO Premium plugin v26.5 (Yoast SEO v26.5) - https:\/\/yoast.com\/wordpress\/plugins\/seo\/ -->\n<title>Missa inte v\u00e5rens roligaste t\u00e4vling i matematik! - mystudyweb<\/title>\n<meta name=\"description\" content=\"Miljontals elever i \u00f6ver 20 l\u00e4nder deltar i &quot;The Matific Olympiad&quot; varje \u00e5r. Nu \u00e4r det f\u00f6r tredje g\u00e5ngen dags f\u00f6r elever i Sverige att vara med!\" \/>\n<meta name=\"robots\" content=\"index, follow, max-snippet:-1, max-image-preview:large, max-video-preview:-1\" \/>\n<link rel=\"canonical\" href=\"https:\/\/mystudyweb.com\/corporate\/missa-inte-varens-roligaste-tavling-i-matematik\/\" \/>\n<meta property=\"og:locale\" content=\"en_US\" \/>\n<meta property=\"og:type\" content=\"article\" \/>\n<meta property=\"og:title\" content=\"Missa inte v\u00e5rens roligaste t\u00e4vling i matematik!\" \/>\n<meta property=\"og:description\" content=\"Miljontals elever i \u00f6ver 20 l\u00e4nder deltar i &quot;The Matific Olympiad&quot; varje \u00e5r. Nu \u00e4r det f\u00f6r tredje g\u00e5ngen dags f\u00f6r elever i Sverige att vara med!\" \/>\n<meta property=\"og:url\" content=\"https:\/\/mystudyweb.com\/corporate\/missa-inte-varens-roligaste-tavling-i-matematik\/\" \/>\n<meta property=\"og:site_name\" content=\"mystudyweb\" \/>\n<meta property=\"article:modified_time\" content=\"2026-03-11T08:50:27+00:00\" \/>\n<meta property=\"og:image\" content=\"https:\/\/mystudyweb-bucket.s3.eu-west-1.amazonaws.com\/corporate\/wp-content\/uploads\/2024\/04\/04092144\/MO-boy-WP.jpg\" \/>\n\t<meta property=\"og:image:width\" content=\"537\" \/>\n\t<meta property=\"og:image:height\" content=\"414\" \/>\n\t<meta property=\"og:image:type\" content=\"image\/jpeg\" \/>\n<meta name=\"twitter:card\" content=\"summary_large_image\" \/>\n<meta name=\"twitter:label1\" content=\"Est. reading time\" \/>\n\t<meta name=\"twitter:data1\" content=\"4 minutes\" \/>\n<script type=\"application\/ld+json\" class=\"yoast-schema-graph\">{\"@context\":\"https:\/\/schema.org\",\"@graph\":[{\"@type\":\"WebPage\",\"@id\":\"https:\/\/mystudyweb.com\/corporate\/missa-inte-varens-roligaste-tavling-i-matematik\/\",\"url\":\"https:\/\/mystudyweb.com\/corporate\/missa-inte-varens-roligaste-tavling-i-matematik\/\",\"name\":\"Missa inte v\u00e5rens roligaste t\u00e4vling i matematik! - mystudyweb\",\"isPartOf\":{\"@id\":\"https:\/\/mystudyweb.com\/corporate\/#website\"},\"primaryImageOfPage\":{\"@id\":\"https:\/\/mystudyweb.com\/corporate\/missa-inte-varens-roligaste-tavling-i-matematik\/#primaryimage\"},\"image\":{\"@id\":\"https:\/\/mystudyweb.com\/corporate\/missa-inte-varens-roligaste-tavling-i-matematik\/#primaryimage\"},\"thumbnailUrl\":\"https:\/\/mystudyweb-bucket.s3.eu-west-1.amazonaws.com\/corporate\/wp-content\/uploads\/2024\/04\/04092144\/MO-boy-WP.jpg\",\"datePublished\":\"2025-03-06T08:54:16+00:00\",\"dateModified\":\"2026-03-11T08:50:27+00:00\",\"description\":\"Miljontals elever i \u00f6ver 20 l\u00e4nder deltar i \\\"The Matific Olympiad\\\" varje \u00e5r. Nu \u00e4r det f\u00f6r tredje g\u00e5ngen dags f\u00f6r elever i Sverige att vara med!\",\"breadcrumb\":{\"@id\":\"https:\/\/mystudyweb.com\/corporate\/missa-inte-varens-roligaste-tavling-i-matematik\/#breadcrumb\"},\"inLanguage\":\"en-US\",\"potentialAction\":[{\"@type\":\"ReadAction\",\"target\":[\"https:\/\/mystudyweb.com\/corporate\/missa-inte-varens-roligaste-tavling-i-matematik\/\"]}]},{\"@type\":\"ImageObject\",\"inLanguage\":\"en-US\",\"@id\":\"https:\/\/mystudyweb.com\/corporate\/missa-inte-varens-roligaste-tavling-i-matematik\/#primaryimage\",\"url\":\"https:\/\/mystudyweb-bucket.s3.eu-west-1.amazonaws.com\/corporate\/wp-content\/uploads\/2024\/04\/04092144\/MO-boy-WP.jpg\",\"contentUrl\":\"https:\/\/mystudyweb-bucket.s3.eu-west-1.amazonaws.com\/corporate\/wp-content\/uploads\/2024\/04\/04092144\/MO-boy-WP.jpg\",\"width\":537,\"height\":414},{\"@type\":\"BreadcrumbList\",\"@id\":\"https:\/\/mystudyweb.com\/corporate\/missa-inte-varens-roligaste-tavling-i-matematik\/#breadcrumb\",\"itemListElement\":[{\"@type\":\"ListItem\",\"position\":1,\"name\":\"Home\",\"item\":\"https:\/\/mystudyweb.com\/corporate\/\"},{\"@type\":\"ListItem\",\"position\":2,\"name\":\"Missa inte v\u00e5rens roligaste t\u00e4vling i matematik!\"}]},{\"@type\":\"WebSite\",\"@id\":\"https:\/\/mystudyweb.com\/corporate\/#website\",\"url\":\"https:\/\/mystudyweb.com\/corporate\/\",\"name\":\"mystudyweb\",\"description\":\"\",\"publisher\":{\"@id\":\"https:\/\/mystudyweb.com\/corporate\/#organization\"},\"potentialAction\":[{\"@type\":\"SearchAction\",\"target\":{\"@type\":\"EntryPoint\",\"urlTemplate\":\"https:\/\/mystudyweb.com\/corporate\/?s={search_term_string}\"},\"query-input\":{\"@type\":\"PropertyValueSpecification\",\"valueRequired\":true,\"valueName\":\"search_term_string\"}}],\"inLanguage\":\"en-US\"},{\"@type\":\"Organization\",\"@id\":\"https:\/\/mystudyweb.com\/corporate\/#organization\",\"name\":\"mystudyweb\",\"url\":\"https:\/\/mystudyweb.com\/corporate\/\",\"logo\":{\"@type\":\"ImageObject\",\"inLanguage\":\"en-US\",\"@id\":\"https:\/\/mystudyweb.com\/corporate\/#\/schema\/logo\/image\/\",\"url\":\"https:\/\/mystudyweb.com\/corporate\/wp-content\/uploads\/2016\/12\/cropped-logo.jpg\",\"contentUrl\":\"https:\/\/mystudyweb.com\/corporate\/wp-content\/uploads\/2016\/12\/cropped-logo.jpg\",\"width\":466,\"height\":55,\"caption\":\"mystudyweb\"},\"image\":{\"@id\":\"https:\/\/mystudyweb.com\/corporate\/#\/schema\/logo\/image\/\"}}]}<\/script>\n<!-- \/ Yoast SEO Premium plugin. -->","yoast_head_json":{"title":"Missa inte v\u00e5rens roligaste t\u00e4vling i matematik! - mystudyweb","description":"Miljontals elever i \u00f6ver 20 l\u00e4nder deltar i \"The Matific Olympiad\" varje \u00e5r. Nu \u00e4r det f\u00f6r tredje g\u00e5ngen dags f\u00f6r elever i Sverige att vara med!","robots":{"index":"index","follow":"follow","max-snippet":"max-snippet:-1","max-image-preview":"max-image-preview:large","max-video-preview":"max-video-preview:-1"},"canonical":"https:\/\/mystudyweb.com\/corporate\/missa-inte-varens-roligaste-tavling-i-matematik\/","og_locale":"en_US","og_type":"article","og_title":"Missa inte v\u00e5rens roligaste t\u00e4vling i matematik!","og_description":"Miljontals elever i \u00f6ver 20 l\u00e4nder deltar i \"The Matific Olympiad\" varje \u00e5r. Nu \u00e4r det f\u00f6r tredje g\u00e5ngen dags f\u00f6r elever i Sverige att vara med!","og_url":"https:\/\/mystudyweb.com\/corporate\/missa-inte-varens-roligaste-tavling-i-matematik\/","og_site_name":"mystudyweb","article_modified_time":"2026-03-11T08:50:27+00:00","og_image":[{"width":537,"height":414,"url":"https:\/\/mystudyweb-bucket.s3.eu-west-1.amazonaws.com\/corporate\/wp-content\/uploads\/2024\/04\/04092144\/MO-boy-WP.jpg","type":"image\/jpeg"}],"twitter_card":"summary_large_image","twitter_misc":{"Est. reading time":"4 minutes"},"schema":{"@context":"https:\/\/schema.org","@graph":[{"@type":"WebPage","@id":"https:\/\/mystudyweb.com\/corporate\/missa-inte-varens-roligaste-tavling-i-matematik\/","url":"https:\/\/mystudyweb.com\/corporate\/missa-inte-varens-roligaste-tavling-i-matematik\/","name":"Missa inte v\u00e5rens roligaste t\u00e4vling i matematik! - mystudyweb","isPartOf":{"@id":"https:\/\/mystudyweb.com\/corporate\/#website"},"primaryImageOfPage":{"@id":"https:\/\/mystudyweb.com\/corporate\/missa-inte-varens-roligaste-tavling-i-matematik\/#primaryimage"},"image":{"@id":"https:\/\/mystudyweb.com\/corporate\/missa-inte-varens-roligaste-tavling-i-matematik\/#primaryimage"},"thumbnailUrl":"https:\/\/mystudyweb-bucket.s3.eu-west-1.amazonaws.com\/corporate\/wp-content\/uploads\/2024\/04\/04092144\/MO-boy-WP.jpg","datePublished":"2025-03-06T08:54:16+00:00","dateModified":"2026-03-11T08:50:27+00:00","description":"Miljontals elever i \u00f6ver 20 l\u00e4nder deltar i \"The Matific Olympiad\" varje \u00e5r. Nu \u00e4r det f\u00f6r tredje g\u00e5ngen dags f\u00f6r elever i Sverige att vara med!","breadcrumb":{"@id":"https:\/\/mystudyweb.com\/corporate\/missa-inte-varens-roligaste-tavling-i-matematik\/#breadcrumb"},"inLanguage":"en-US","potentialAction":[{"@type":"ReadAction","target":["https:\/\/mystudyweb.com\/corporate\/missa-inte-varens-roligaste-tavling-i-matematik\/"]}]},{"@type":"ImageObject","inLanguage":"en-US","@id":"https:\/\/mystudyweb.com\/corporate\/missa-inte-varens-roligaste-tavling-i-matematik\/#primaryimage","url":"https:\/\/mystudyweb-bucket.s3.eu-west-1.amazonaws.com\/corporate\/wp-content\/uploads\/2024\/04\/04092144\/MO-boy-WP.jpg","contentUrl":"https:\/\/mystudyweb-bucket.s3.eu-west-1.amazonaws.com\/corporate\/wp-content\/uploads\/2024\/04\/04092144\/MO-boy-WP.jpg","width":537,"height":414},{"@type":"BreadcrumbList","@id":"https:\/\/mystudyweb.com\/corporate\/missa-inte-varens-roligaste-tavling-i-matematik\/#breadcrumb","itemListElement":[{"@type":"ListItem","position":1,"name":"Home","item":"https:\/\/mystudyweb.com\/corporate\/"},{"@type":"ListItem","position":2,"name":"Missa inte v\u00e5rens roligaste t\u00e4vling i matematik!"}]},{"@type":"WebSite","@id":"https:\/\/mystudyweb.com\/corporate\/#website","url":"https:\/\/mystudyweb.com\/corporate\/","name":"mystudyweb","description":"","publisher":{"@id":"https:\/\/mystudyweb.com\/corporate\/#organization"},"potentialAction":[{"@type":"SearchAction","target":{"@type":"EntryPoint","urlTemplate":"https:\/\/mystudyweb.com\/corporate\/?s={search_term_string}"},"query-input":{"@type":"PropertyValueSpecification","valueRequired":true,"valueName":"search_term_string"}}],"inLanguage":"en-US"},{"@type":"Organization","@id":"https:\/\/mystudyweb.com\/corporate\/#organization","name":"mystudyweb","url":"https:\/\/mystudyweb.com\/corporate\/","logo":{"@type":"ImageObject","inLanguage":"en-US","@id":"https:\/\/mystudyweb.com\/corporate\/#\/schema\/logo\/image\/","url":"https:\/\/mystudyweb.com\/corporate\/wp-content\/uploads\/2016\/12\/cropped-logo.jpg","contentUrl":"https:\/\/mystudyweb.com\/corporate\/wp-content\/uploads\/2016\/12\/cropped-logo.jpg","width":466,"height":55,"caption":"mystudyweb"},"image":{"@id":"https:\/\/mystudyweb.com\/corporate\/#\/schema\/logo\/image\/"}}]}},"_links":{"self":[{"href":"https:\/\/mystudyweb.com\/corporate\/wp-json\/wp\/v2\/pages\/8616","targetHints":{"allow":["GET"]}}],"collection":[{"href":"https:\/\/mystudyweb.com\/corporate\/wp-json\/wp\/v2\/pages"}],"about":[{"href":"https:\/\/mystudyweb.com\/corporate\/wp-json\/wp\/v2\/types\/page"}],"author":[{"embeddable":true,"href":"https:\/\/mystudyweb.com\/corporate\/wp-json\/wp\/v2\/users\/4"}],"replies":[{"embeddable":true,"href":"https:\/\/mystudyweb.com\/corporate\/wp-json\/wp\/v2\/comments?post=8616"}],"version-history":[{"count":39,"href":"https:\/\/mystudyweb.com\/corporate\/wp-json\/wp\/v2\/pages\/8616\/revisions"}],"predecessor-version":[{"id":9327,"href":"https:\/\/mystudyweb.com\/corporate\/wp-json\/wp\/v2\/pages\/8616\/revisions\/9327"}],"wp:featuredmedia":[{"embeddable":true,"href":"https:\/\/mystudyweb.com\/corporate\/wp-json\/wp\/v2\/media\/7152"}],"wp:attachment":[{"href":"https:\/\/mystudyweb.com\/corporate\/wp-json\/wp\/v2\/media?parent=8616"}],"curies":[{"name":"wp","href":"https:\/\/api.w.org\/{rel}","templated":true}]}}