{"id":9,"date":"2016-12-12T05:28:59","date_gmt":"2016-12-12T05:28:59","guid":{"rendered":"https:\/\/mystudyweb.com\/?page_id=9"},"modified":"2023-02-01T05:55:55","modified_gmt":"2023-02-01T05:55:55","slug":"kontakt","status":"publish","type":"page","link":"https:\/\/mystudyweb.com\/corporate\/kontakt\/","title":{"rendered":"Kontakt"},"content":{"rendered":"<div id=\"pl-9\"  class=\"panel-layout\" ><div id=\"pg-9-0\"  class=\"panel-grid panel-no-style\" ><div id=\"pgc-9-0-0\"  class=\"panel-grid-cell\" ><div id=\"panel-9-0-0-0\" class=\"so-panel widget widget_sow-editor panel-first-child panel-last-child\" data-index=\"0\" ><div\n\t\t\t\n\t\t\tclass=\"so-widget-sow-editor so-widget-sow-editor-base\"\n\t\t\t\n\t\t>\n<div class=\"siteorigin-widget-tinymce textwidget\">\n\t<h1>Kontakt<\/h1>\n<p><b>Kundsupport:<\/b><br \/>\nV\u00e4nligen kontakta <a href=\"mailto:info@mystudyweb.com\">info@mystudyweb.com<\/a> med fr\u00e5gor eller synpunkter.<\/p>\n<div class=\"contactContainer row\">\n<div class=\"col-sm-4\"><b>Adress:<\/b><\/div>\n<div class=\"col-sm-3\">Nybrogatan 34<br \/>\nBox 5216<br \/>\n102 45 Stockholm<\/div>\n<div class=\"col-sm-3\"><\/div>\n<div class=\"col-sm-3\"><\/div>\n<\/div>\n<div class=\"contactContainer row\">\n<div class=\"col-sm-4\"><b>Telefon:<\/b><\/div>\n<div class=\"col-sm-3\"><a href=\"tel:08-661 27 00\"> 08-661 27 00<\/a><\/div>\n<\/div>\n<div class=\"contactContainer row\">\n<div class=\"col-sm-4\">Organisationsnummer:<\/div>\n<div class=\"col-sm-3\">556863-5949<\/div>\n<\/div>\n<div class=\"contactContainer row\"><\/div>\n<div class=\"contactContainer row\"><\/div>\n<\/div>\n<\/div><\/div><\/div><\/div><div id=\"pg-9-1\"  class=\"panel-grid panel-no-style\" ><div id=\"pgc-9-1-0\"  class=\"panel-grid-cell\" ><div id=\"panel-9-1-0-0\" class=\"so-panel widget widget_siteorigin-panels-builder panel-first-child panel-last-child\" data-index=\"1\" ><div id=\"pl-w62a2e9a51820e\"  class=\"panel-layout\" ><div id=\"pg-w62a2e9a51820e-0\"  class=\"panel-grid panel-no-style\" ><div id=\"pgc-w62a2e9a51820e-0-0\"  class=\"panel-grid-cell\" ><div id=\"panel-w62a2e9a51820e-0-0-0\" class=\"so-panel widget widget_sow-editor panel-first-child panel-last-child\" data-index=\"0\" ><div\n\t\t\t\n\t\t\tclass=\"so-widget-sow-editor so-widget-sow-editor-base\"\n\t\t\t\n\t\t>\n<div class=\"siteorigin-widget-tinymce textwidget\">\n\t<p><b>Kontaktdetaljer ledning:<\/b><\/p>\n<\/div>\n<\/div><\/div><\/div><\/div><\/div><\/div><\/div><div id=\"pgc-9-1-1\"  class=\"panel-grid-cell\" ><div id=\"panel-9-1-1-0\" class=\"so-panel widget widget_siteorigin-panels-builder panel-first-child panel-last-child\" data-index=\"2\" ><div id=\"pl-w63d9feeb36074\"  class=\"panel-layout\" ><div id=\"pg-w63d9feeb36074-0\"  class=\"panel-grid panel-no-style\" ><div id=\"pgc-w63d9feeb36074-0-0\"  class=\"panel-grid-cell\" ><div id=\"panel-w63d9feeb36074-0-0-0\" class=\"so-panel widget widget_sow-editor panel-first-child\" data-index=\"0\" ><div\n\t\t\t\n\t\t\tclass=\"so-widget-sow-editor so-widget-sow-editor-base\"\n\t\t\t\n\t\t>\n<div class=\"siteorigin-widget-tinymce textwidget\">\n\t<p>VD &amp; Grundare<br \/>\nMathias Crona<br \/>\n<a href=\"mailto:mathias.crona@mystudyweb.com\">mathias.crona@mystudyweb.com<\/a><br \/>\n<a href=\"tel:0761-382100\">0761-382100<\/a><\/p>\n<\/div>\n<\/div><\/div><div id=\"panel-w63d9feeb36074-0-0-1\" class=\"so-panel widget widget_sow-editor panel-last-child\" data-index=\"1\" ><div\n\t\t\t\n\t\t\tclass=\"so-widget-sow-editor so-widget-sow-editor-base\"\n\t\t\t\n\t\t>\n<div class=\"siteorigin-widget-tinymce textwidget\">\n\t<p><a target=\"_blank\" href=\"https:\/\/www.linkedin.com\/in\/mathias-crona-a61a66\/\" rel=\"noopener\"><img loading=\"lazy\" decoding=\"async\" class=\"alignnone size-full wp-image-4501\" src=\"https:\/\/mystudyweb-bucket.s3.eu-west-1.amazonaws.com\/corporate\/wp-content\/uploads\/2016\/12\/10064100\/linkedin-1.png\" alt=\"\" width=\"24\" height=\"24\" \/><\/a><\/p>\n<\/div>\n<\/div><\/div><\/div><\/div><\/div><\/div><\/div><div id=\"pgc-9-1-2\"  class=\"panel-grid-cell\" ><div id=\"panel-9-1-2-0\" class=\"so-panel widget widget_sow-editor panel-first-child panel-last-child\" data-index=\"3\" ><div\n\t\t\t\n\t\t\tclass=\"so-widget-sow-editor so-widget-sow-editor-base\"\n\t\t\t\n\t\t>\n<div class=\"siteorigin-widget-tinymce textwidget\">\n\t<p><img loading=\"lazy\" decoding=\"async\" class=\"alignnone size-full wp-image-124\" src=\"https:\/\/mystudyweb.com\/corporate\/wp-content\/uploads\/2022\/06\/SFS_8143.jpg\" alt=\"\" width=\"107\" height=\"145\" \/><\/p>\n<\/div>\n<\/div><\/div><\/div><\/div><div id=\"pg-9-2\"  class=\"panel-grid panel-no-style\" ><div id=\"pgc-9-2-0\"  class=\"panel-grid-cell\" ><div id=\"panel-9-2-0-0\" class=\"so-panel widget widget_siteorigin-panels-builder panel-first-child panel-last-child\" data-index=\"4\" ><div id=\"pl-w62a2e9a518878\"  class=\"panel-layout\" ><div id=\"pg-w62a2e9a518878-0\"  class=\"panel-grid panel-no-style\" ><div id=\"pgc-w62a2e9a518878-0-0\"  class=\"panel-grid-cell\" ><div id=\"panel-w62a2e9a518878-0-0-0\" class=\"so-panel widget widget_sow-editor panel-first-child panel-last-child\" data-index=\"0\" ><div\n\t\t\t\n\t\t\tclass=\"so-widget-sow-editor so-widget-sow-editor-base\"\n\t\t\t\n\t\t>\n<div class=\"siteorigin-widget-tinymce textwidget\">\n\t<\/div>\n<\/div><\/div><\/div><\/div><\/div><\/div><\/div><div id=\"pgc-9-2-1\"  class=\"panel-grid-cell\" ><div id=\"panel-9-2-1-0\" class=\"so-panel widget widget_siteorigin-panels-builder panel-first-child panel-last-child\" data-index=\"5\" ><div id=\"pl-w63d9feeb36256\"  class=\"panel-layout\" ><div id=\"pg-w63d9feeb36256-0\"  class=\"panel-grid panel-no-style\" ><div id=\"pgc-w63d9feeb36256-0-0\"  class=\"panel-grid-cell\" ><div id=\"panel-w63d9feeb36256-0-0-0\" class=\"so-panel widget widget_sow-editor panel-first-child\" data-index=\"0\" ><div\n\t\t\t\n\t\t\tclass=\"so-widget-sow-editor so-widget-sow-editor-base\"\n\t\t\t\n\t\t>\n<div class=\"siteorigin-widget-tinymce textwidget\">\n\t<p>Grundare<br \/>\nJessica Crona<br \/>\n<a href=\"mailto:jessica.crona@mystudyweb.com\">jessica.crona@mystudyweb.com<\/a><br \/>\n<a href=\"tel:0739-838687\">0739-838687<\/a><\/p>\n<\/div>\n<\/div><\/div><div id=\"panel-w63d9feeb36256-0-0-1\" class=\"so-panel widget widget_sow-editor panel-last-child\" data-index=\"1\" ><div\n\t\t\t\n\t\t\tclass=\"so-widget-sow-editor so-widget-sow-editor-base\"\n\t\t\t\n\t\t>\n<div class=\"siteorigin-widget-tinymce textwidget\">\n\t<p><a href=\"https:\/\/www.linkedin.com\/in\/jessica-crona-0298b969\/\" target=\"_blank\" rel=\"noopener\"><img loading=\"lazy\" decoding=\"async\" class=\"alignnone size-full wp-image-4501\" src=\"https:\/\/mystudyweb-bucket.s3.eu-west-1.amazonaws.com\/corporate\/wp-content\/uploads\/2016\/12\/10064100\/linkedin-1.png\" alt=\"\" width=\"24\" height=\"24\" \/><\/a><\/p>\n<\/div>\n<\/div><\/div><\/div><\/div><\/div><\/div><\/div><div id=\"pgc-9-2-2\"  class=\"panel-grid-cell\" ><div id=\"panel-9-2-2-0\" class=\"so-panel widget widget_sow-editor panel-first-child panel-last-child\" data-index=\"6\" ><div\n\t\t\t\n\t\t\tclass=\"so-widget-sow-editor so-widget-sow-editor-base\"\n\t\t\t\n\t\t>\n<div class=\"siteorigin-widget-tinymce textwidget\">\n\t<p><img loading=\"lazy\" decoding=\"async\" class=\"alignnone size-full wp-image-125\" src=\"\/corporate\/wp-content\/uploads\/2022\/06\/SFS_8078.jpg\" alt=\"\" width=\"107\" height=\"145\"\/><\/p>\n<\/div>\n<\/div><\/div><\/div><\/div><\/div>","protected":false},"excerpt":{"rendered":"<p>Kontakt Kundsupport: V\u00e4nligen kontakta info@mystudyweb.com med fr\u00e5gor eller synpunkter. Adress: Nybrogatan 34 Box 5216 102 45 Stockholm Telefon: 08-661 27 00 Organisationsnummer: 556863-5949<\/p>\n","protected":false},"author":1,"featured_media":0,"parent":0,"menu_order":0,"comment_status":"closed","ping_status":"closed","template":"page-templates\/template-full-width.php","meta":{"footnotes":""},"class_list":["post-9","page","type-page","status-publish","hentry"],"yoast_head":"<!-- This site is optimized with the Yoast SEO Premium plugin v26.5 (Yoast SEO v26.5) - https:\/\/yoast.com\/wordpress\/plugins\/seo\/ -->\n<title>Kontakt - mystudyweb<\/title>\n<meta name=\"description\" content=\"Kontakt: V\u00e4nligen kontakta info@mystudyweb.com med eventuella fr\u00e5gor om eller synpunkter p\u00e5 tj\u00e4nsten\" \/>\n<meta name=\"robots\" content=\"index, follow, max-snippet:-1, max-image-preview:large, max-video-preview:-1\" \/>\n<link rel=\"canonical\" href=\"https:\/\/mystudyweb.com\/corporate\/kontakt\/\" \/>\n<meta property=\"og:locale\" content=\"en_US\" \/>\n<meta property=\"og:type\" content=\"article\" \/>\n<meta property=\"og:title\" content=\"Kontakt\" \/>\n<meta property=\"og:description\" content=\"Kontakt: V\u00e4nligen kontakta info@mystudyweb.com med eventuella fr\u00e5gor om eller synpunkter p\u00e5 tj\u00e4nsten\" \/>\n<meta property=\"og:url\" content=\"https:\/\/mystudyweb.com\/corporate\/kontakt\/\" \/>\n<meta property=\"og:site_name\" content=\"mystudyweb\" \/>\n<meta property=\"article:modified_time\" content=\"2023-02-01T05:55:55+00:00\" \/>\n<meta property=\"og:image\" content=\"https:\/\/mystudyweb.com\/corporate\/wp-content\/uploads\/2016\/12\/linkedin-1.png\" \/>\n<meta name=\"twitter:card\" content=\"summary_large_image\" \/>\n<meta name=\"twitter:label1\" content=\"Est. reading time\" \/>\n\t<meta name=\"twitter:data1\" content=\"1 minute\" \/>\n<script type=\"application\/ld+json\" class=\"yoast-schema-graph\">{\"@context\":\"https:\/\/schema.org\",\"@graph\":[{\"@type\":\"WebPage\",\"@id\":\"https:\/\/mystudyweb.com\/corporate\/kontakt\/\",\"url\":\"https:\/\/mystudyweb.com\/corporate\/kontakt\/\",\"name\":\"Kontakt - mystudyweb\",\"isPartOf\":{\"@id\":\"https:\/\/mystudyweb.com\/corporate\/#website\"},\"primaryImageOfPage\":{\"@id\":\"https:\/\/mystudyweb.com\/corporate\/kontakt\/#primaryimage\"},\"image\":{\"@id\":\"https:\/\/mystudyweb.com\/corporate\/kontakt\/#primaryimage\"},\"thumbnailUrl\":\"https:\/\/mystudyweb.com\/corporate\/wp-content\/uploads\/2016\/12\/linkedin-1.png\",\"datePublished\":\"2016-12-12T05:28:59+00:00\",\"dateModified\":\"2023-02-01T05:55:55+00:00\",\"description\":\"Kontakt: V\u00e4nligen kontakta info@mystudyweb.com med eventuella fr\u00e5gor om eller synpunkter p\u00e5 tj\u00e4nsten\",\"breadcrumb\":{\"@id\":\"https:\/\/mystudyweb.com\/corporate\/kontakt\/#breadcrumb\"},\"inLanguage\":\"en-US\",\"potentialAction\":[{\"@type\":\"ReadAction\",\"target\":[\"https:\/\/mystudyweb.com\/corporate\/kontakt\/\"]}]},{\"@type\":\"ImageObject\",\"inLanguage\":\"en-US\",\"@id\":\"https:\/\/mystudyweb.com\/corporate\/kontakt\/#primaryimage\",\"url\":\"https:\/\/mystudyweb-bucket.s3.eu-west-1.amazonaws.com\/corporate\/wp-content\/uploads\/2016\/12\/10064100\/linkedin-1.png\",\"contentUrl\":\"https:\/\/mystudyweb-bucket.s3.eu-west-1.amazonaws.com\/corporate\/wp-content\/uploads\/2016\/12\/10064100\/linkedin-1.png\",\"width\":24,\"height\":24},{\"@type\":\"BreadcrumbList\",\"@id\":\"https:\/\/mystudyweb.com\/corporate\/kontakt\/#breadcrumb\",\"itemListElement\":[{\"@type\":\"ListItem\",\"position\":1,\"name\":\"Home\",\"item\":\"https:\/\/mystudyweb.com\/corporate\/\"},{\"@type\":\"ListItem\",\"position\":2,\"name\":\"Kontakt\"}]},{\"@type\":\"WebSite\",\"@id\":\"https:\/\/mystudyweb.com\/corporate\/#website\",\"url\":\"https:\/\/mystudyweb.com\/corporate\/\",\"name\":\"mystudyweb\",\"description\":\"\",\"publisher\":{\"@id\":\"https:\/\/mystudyweb.com\/corporate\/#organization\"},\"potentialAction\":[{\"@type\":\"SearchAction\",\"target\":{\"@type\":\"EntryPoint\",\"urlTemplate\":\"https:\/\/mystudyweb.com\/corporate\/?s={search_term_string}\"},\"query-input\":{\"@type\":\"PropertyValueSpecification\",\"valueRequired\":true,\"valueName\":\"search_term_string\"}}],\"inLanguage\":\"en-US\"},{\"@type\":\"Organization\",\"@id\":\"https:\/\/mystudyweb.com\/corporate\/#organization\",\"name\":\"mystudyweb\",\"url\":\"https:\/\/mystudyweb.com\/corporate\/\",\"logo\":{\"@type\":\"ImageObject\",\"inLanguage\":\"en-US\",\"@id\":\"https:\/\/mystudyweb.com\/corporate\/#\/schema\/logo\/image\/\",\"url\":\"https:\/\/mystudyweb.com\/corporate\/wp-content\/uploads\/2016\/12\/cropped-logo.jpg\",\"contentUrl\":\"https:\/\/mystudyweb.com\/corporate\/wp-content\/uploads\/2016\/12\/cropped-logo.jpg\",\"width\":466,\"height\":55,\"caption\":\"mystudyweb\"},\"image\":{\"@id\":\"https:\/\/mystudyweb.com\/corporate\/#\/schema\/logo\/image\/\"}}]}<\/script>\n<!-- \/ Yoast SEO Premium plugin. -->","yoast_head_json":{"title":"Kontakt - mystudyweb","description":"Kontakt: V\u00e4nligen kontakta info@mystudyweb.com med eventuella fr\u00e5gor om eller synpunkter p\u00e5 tj\u00e4nsten","robots":{"index":"index","follow":"follow","max-snippet":"max-snippet:-1","max-image-preview":"max-image-preview:large","max-video-preview":"max-video-preview:-1"},"canonical":"https:\/\/mystudyweb.com\/corporate\/kontakt\/","og_locale":"en_US","og_type":"article","og_title":"Kontakt","og_description":"Kontakt: V\u00e4nligen kontakta info@mystudyweb.com med eventuella fr\u00e5gor om eller synpunkter p\u00e5 tj\u00e4nsten","og_url":"https:\/\/mystudyweb.com\/corporate\/kontakt\/","og_site_name":"mystudyweb","article_modified_time":"2023-02-01T05:55:55+00:00","og_image":[{"url":"https:\/\/mystudyweb.com\/corporate\/wp-content\/uploads\/2016\/12\/linkedin-1.png","type":"","width":"","height":""}],"twitter_card":"summary_large_image","twitter_misc":{"Est. reading time":"1 minute"},"schema":{"@context":"https:\/\/schema.org","@graph":[{"@type":"WebPage","@id":"https:\/\/mystudyweb.com\/corporate\/kontakt\/","url":"https:\/\/mystudyweb.com\/corporate\/kontakt\/","name":"Kontakt - mystudyweb","isPartOf":{"@id":"https:\/\/mystudyweb.com\/corporate\/#website"},"primaryImageOfPage":{"@id":"https:\/\/mystudyweb.com\/corporate\/kontakt\/#primaryimage"},"image":{"@id":"https:\/\/mystudyweb.com\/corporate\/kontakt\/#primaryimage"},"thumbnailUrl":"https:\/\/mystudyweb.com\/corporate\/wp-content\/uploads\/2016\/12\/linkedin-1.png","datePublished":"2016-12-12T05:28:59+00:00","dateModified":"2023-02-01T05:55:55+00:00","description":"Kontakt: V\u00e4nligen kontakta info@mystudyweb.com med eventuella fr\u00e5gor om eller synpunkter p\u00e5 tj\u00e4nsten","breadcrumb":{"@id":"https:\/\/mystudyweb.com\/corporate\/kontakt\/#breadcrumb"},"inLanguage":"en-US","potentialAction":[{"@type":"ReadAction","target":["https:\/\/mystudyweb.com\/corporate\/kontakt\/"]}]},{"@type":"ImageObject","inLanguage":"en-US","@id":"https:\/\/mystudyweb.com\/corporate\/kontakt\/#primaryimage","url":"https:\/\/mystudyweb-bucket.s3.eu-west-1.amazonaws.com\/corporate\/wp-content\/uploads\/2016\/12\/10064100\/linkedin-1.png","contentUrl":"https:\/\/mystudyweb-bucket.s3.eu-west-1.amazonaws.com\/corporate\/wp-content\/uploads\/2016\/12\/10064100\/linkedin-1.png","width":24,"height":24},{"@type":"BreadcrumbList","@id":"https:\/\/mystudyweb.com\/corporate\/kontakt\/#breadcrumb","itemListElement":[{"@type":"ListItem","position":1,"name":"Home","item":"https:\/\/mystudyweb.com\/corporate\/"},{"@type":"ListItem","position":2,"name":"Kontakt"}]},{"@type":"WebSite","@id":"https:\/\/mystudyweb.com\/corporate\/#website","url":"https:\/\/mystudyweb.com\/corporate\/","name":"mystudyweb","description":"","publisher":{"@id":"https:\/\/mystudyweb.com\/corporate\/#organization"},"potentialAction":[{"@type":"SearchAction","target":{"@type":"EntryPoint","urlTemplate":"https:\/\/mystudyweb.com\/corporate\/?s={search_term_string}"},"query-input":{"@type":"PropertyValueSpecification","valueRequired":true,"valueName":"search_term_string"}}],"inLanguage":"en-US"},{"@type":"Organization","@id":"https:\/\/mystudyweb.com\/corporate\/#organization","name":"mystudyweb","url":"https:\/\/mystudyweb.com\/corporate\/","logo":{"@type":"ImageObject","inLanguage":"en-US","@id":"https:\/\/mystudyweb.com\/corporate\/#\/schema\/logo\/image\/","url":"https:\/\/mystudyweb.com\/corporate\/wp-content\/uploads\/2016\/12\/cropped-logo.jpg","contentUrl":"https:\/\/mystudyweb.com\/corporate\/wp-content\/uploads\/2016\/12\/cropped-logo.jpg","width":466,"height":55,"caption":"mystudyweb"},"image":{"@id":"https:\/\/mystudyweb.com\/corporate\/#\/schema\/logo\/image\/"}}]}},"_links":{"self":[{"href":"https:\/\/mystudyweb.com\/corporate\/wp-json\/wp\/v2\/pages\/9","targetHints":{"allow":["GET"]}}],"collection":[{"href":"https:\/\/mystudyweb.com\/corporate\/wp-json\/wp\/v2\/pages"}],"about":[{"href":"https:\/\/mystudyweb.com\/corporate\/wp-json\/wp\/v2\/types\/page"}],"author":[{"embeddable":true,"href":"https:\/\/mystudyweb.com\/corporate\/wp-json\/wp\/v2\/users\/1"}],"replies":[{"embeddable":true,"href":"https:\/\/mystudyweb.com\/corporate\/wp-json\/wp\/v2\/comments?post=9"}],"version-history":[{"count":52,"href":"https:\/\/mystudyweb.com\/corporate\/wp-json\/wp\/v2\/pages\/9\/revisions"}],"predecessor-version":[{"id":144,"href":"https:\/\/mystudyweb.com\/corporate\/wp-json\/wp\/v2\/pages\/9\/revisions\/144"}],"wp:attachment":[{"href":"https:\/\/mystudyweb.com\/corporate\/wp-json\/wp\/v2\/media?parent=9"}],"curies":[{"name":"wp","href":"https:\/\/api.w.org\/{rel}","templated":true}]}}